{"id":3956,"date":"2025-09-10T06:03:10","date_gmt":"2025-09-10T04:03:10","guid":{"rendered":"https:\/\/vozolpuff.de\/?post_type=product&#038;p=3956"},"modified":"2025-09-10T06:03:10","modified_gmt":"2025-09-10T04:03:10","slug":"randm-tornado-7000-skittles","status":"publish","type":"product","link":"https:\/\/vozolpuff.de\/es\/producto\/randm-tornado-7000-skittles\/","title":{"rendered":"RandM Tornado 7000 Bolos"},"content":{"rendered":"<h2 class=\"text-xl font-bold text-text-100 mt-1 -mb-0.5\">Cigarrillo electr\u00f3nico desechable RandM Tornado 7000 Skittles<\/h2>\n<p class=\"whitespace-normal break-words\">Saborea el arco iris con el sabor Skittles de RandM Tornado 7000. Esta nost\u00e1lgica interpretaci\u00f3n de confiter\u00eda trae la ic\u00f3nica mezcla de diferentes sabores de frutas directamente a tu experiencia de vapeo, evocando recuerdos de la infancia con cada calada. Este dispositivo desechable de \u00faltima generaci\u00f3n proporciona 7000 caladas de diversi\u00f3n con su colorido sabor, alimentado por una bater\u00eda de litio de 850mAh de larga duraci\u00f3n. El amplio dep\u00f3sito de e-l\u00edquido de 14 ml garantiza semanas de disfrute sin necesidad de mantenimiento. La activaci\u00f3n de inhalaci\u00f3n sin esfuerzo reacciona inmediatamente a cada calada, mientras que la funci\u00f3n de flujo de aire ajustable tiene en cuenta las preferencias personales de vapor.<\/p>\n<h3 class=\"text-lg font-bold text-text-100 mt-1 -mb-1.5\">Propiedades del hardware<\/h3>\n<p class=\"whitespace-normal break-words\"><strong>Fuente de energ\u00eda:<\/strong> 850mAh montados permanentemente (recargables)<br \/>\n<strong>Generaci\u00f3n de vapor:<\/strong> Funci\u00f3n fiable y continua<br \/>\n<strong>Capacidad del dep\u00f3sito:<\/strong> 14 ml completamente preparado<br \/>\n<strong>Potencias de nicotina:<\/strong> 0%, 2%, 3% o 5% a elegir<br \/>\n<strong>Capacidad de soplado:<\/strong> Aproximadamente 7.000 inhalaciones<br \/>\n<strong>Ventilaci\u00f3n:<\/strong> Ajuste variable del caudal de aire<br \/>\n<strong>Espect\u00e1culo de luces:<\/strong> Iluminaci\u00f3n RGB multicolor<\/p>\n<h3 class=\"text-lg font-bold text-text-100 mt-1 -mb-1.5\">Descubre m\u00e1s FUMOT VAPE en vozolpuff<\/h3>\n<p class=\"whitespace-normal break-words\">Explora nuestro <strong><a class=\"underline\" href=\"https:\/\/vozolpuff.de\/es\/\">Surtido Vape<\/a><\/strong> para descubrir a\u00fan m\u00e1s sabores fant\u00e1sticos, eche un vistazo a toda la <strong><a class=\"underline\" href=\"https:\/\/vozolpuff.de\/es\/product-category\/fumot-vape\/\">Variedad FUMOT VAPE<\/a><\/strong> o deja que otros te ayuden <strong><a class=\"underline\" href=\"https:\/\/vozolpuff.de\/es\/product-category\/fumot-vape\/randm-tornado-7000\/\">Aspectos destacados de RandM Tornado 7000<\/a><\/strong> sorpresa.<\/p>","protected":false},"excerpt":{"rendered":"<div>\n<div class=\"grid-cols-1 grid gap-2.5 [&amp;_&gt;_*]:min-w-0 !gap-3.5\">\n<p class=\"whitespace-normal break-words\">Schmecken Sie den Regenbogen mit der RandM Tornado 7000 Skittles Einweg-Vape. Die nostalgische S\u00fc\u00dfwaren-Interpretation bringt die ikonische Mischung verschiedener Fruchtaromen direkt zu Ihnen und weckt Kindheitserinnerungen. Mit 850mAh Akku, 14ml Tank und 7000 bunten Z\u00fcgen plus RGB-Beleuchtung.<\/p>\n<\/div>\n<\/div>\n<div class=\"h-8\"><\/div>\n","protected":false},"featured_media":3960,"comment_status":"open","ping_status":"closed","template":"","meta":{"_acf_changed":false},"product_brand":[],"product_cat":[50],"product_tag":[],"class_list":{"0":"post-3956","1":"product","2":"type-product","3":"status-publish","4":"has-post-thumbnail","6":"product_cat-randm-tornado-7000","8":"first","9":"instock","10":"shipping-taxable","11":"purchasable","12":"product-type-variable"},"acf":[],"_links":{"self":[{"href":"https:\/\/vozolpuff.de\/es\/wp-json\/wp\/v2\/product\/3956","targetHints":{"allow":["GET"]}}],"collection":[{"href":"https:\/\/vozolpuff.de\/es\/wp-json\/wp\/v2\/product"}],"about":[{"href":"https:\/\/vozolpuff.de\/es\/wp-json\/wp\/v2\/types\/product"}],"replies":[{"embeddable":true,"href":"https:\/\/vozolpuff.de\/es\/wp-json\/wp\/v2\/comments?post=3956"}],"wp:featuredmedia":[{"embeddable":true,"href":"https:\/\/vozolpuff.de\/es\/wp-json\/wp\/v2\/media\/3960"}],"wp:attachment":[{"href":"https:\/\/vozolpuff.de\/es\/wp-json\/wp\/v2\/media?parent=3956"}],"wp:term":[{"taxonomy":"product_brand","embeddable":true,"href":"https:\/\/vozolpuff.de\/es\/wp-json\/wp\/v2\/product_brand?post=3956"},{"taxonomy":"product_cat","embeddable":true,"href":"https:\/\/vozolpuff.de\/es\/wp-json\/wp\/v2\/product_cat?post=3956"},{"taxonomy":"product_tag","embeddable":true,"href":"https:\/\/vozolpuff.de\/es\/wp-json\/wp\/v2\/product_tag?post=3956"}],"curies":[{"name":"wp","href":"https:\/\/api.w.org\/{rel}","templated":true}]}}