{"id":3965,"date":"2025-09-10T06:06:00","date_gmt":"2025-09-10T04:06:00","guid":{"rendered":"https:\/\/vozolpuff.de\/?post_type=product&#038;p=3965"},"modified":"2025-09-10T06:06:00","modified_gmt":"2025-09-10T04:06:00","slug":"randm-tornado-7000-blueberry-raspberry","status":"publish","type":"product","link":"https:\/\/vozolpuff.de\/es\/producto\/randm-tornado-7000-blueberry-raspberry\/","title":{"rendered":"RandM Tornado 7000 Ar\u00e1ndano Frambuesa"},"content":{"rendered":"<h2 class=\"text-xl font-bold text-text-100 mt-1 -mb-0.5\">RandM Tornado 7000 Blueberry Raspberry e-cigarrillo desechable<\/h2>\n<p class=\"whitespace-normal break-words\">Sum\u00e9rjase en una perfecta sinfon\u00eda de bayas con el sabor Frambuesa Ar\u00e1ndano de RandM Tornado 7000. Esta armoniosa composici\u00f3n frutal combina el suave dulzor de los ar\u00e1ndanos con la viva acidez de las frambuesas para crear un perfil de sabor equilibrado y refrescante. El sistema de vapeo desechable premium garantiza hasta 7000 caladas de este delicioso doble de bayas, respaldado por un potente m\u00f3dulo de energ\u00eda de 850mAh. El generoso contenedor de l\u00edquido de 14ml elimina la necesidad de recargas y garantiza un disfrute frutal duradero. La tecnolog\u00eda de activaci\u00f3n instant\u00e1nea comienza con cada inhalaci\u00f3n, mientras que el flujo de aire adaptable permite estilos de vapor individuales.<\/p>\n<h3 class=\"text-lg font-bold text-text-100 mt-1 -mb-1.5\">Equipamiento<\/h3>\n<p class=\"whitespace-normal break-words\"><strong>Capacidad de la bater\u00eda:<\/strong> 850mAh instalados permanentemente (recargables)<br \/>\n<strong>Potencia de salida:<\/strong> Distribuci\u00f3n de energ\u00eda estable y eficiente<br \/>\n<strong>Cantidad de e-l\u00edquido:<\/strong> 14 ml completamente lleno<br \/>\n<strong>Concentraciones de nicotina:<\/strong> 0%, 2%, 3% o 5% disponibles<br \/>\n<strong>N\u00famero de inhalaciones:<\/strong> Unos 7.000 trenes de vapor por unidad<br \/>\n<strong>Gesti\u00f3n del flujo de aire:<\/strong> Permeabilidad al aire ajustable<br \/>\n<strong>Efecto visual:<\/strong> Coloridos efectos de iluminaci\u00f3n RGB<\/p>\n<h3 class=\"text-lg font-bold text-text-100 mt-1 -mb-1.5\">Descubre m\u00e1s FUMOT VAPE en vozolpuff<\/h3>\n<p class=\"whitespace-normal break-words\">Eche un vistazo a nuestro <strong><a class=\"underline\" href=\"https:\/\/vozolpuff.de\/es\/\">Tienda premium de vapeo<\/a><\/strong> para m\u00e1s productos de primera, explore la gama completa de <strong><a class=\"underline\" href=\"https:\/\/vozolpuff.de\/es\/product-category\/fumot-vape\/\">Universo FUMOT VAPE<\/a><\/strong> o pruebe el otro tentador <strong><a class=\"underline\" href=\"https:\/\/vozolpuff.de\/es\/product-category\/fumot-vape\/randm-tornado-7000\/\">Perfiles de sabor RandM Tornado 7000<\/a><\/strong> de.<\/p>","protected":false},"excerpt":{"rendered":"<div>\n<div class=\"grid-cols-1 grid gap-2.5 [&amp;_&gt;_*]:min-w-0 !gap-3.5\">\n<p class=\"whitespace-normal break-words\">Genie\u00dfen Sie die perfekte Beeren-Symphonie mit der RandM Tornado 7000 Blueberry Raspberry Einweg-Vape. Die harmonische Komposition aus mild s\u00fc\u00dfen Blaubeeren und lebendiger Himbeers\u00e4ure kreiert ein ausgewogenes Geschmacksprofil. Mit 850mAh Akku, 14ml Tank und 7000 k\u00f6stlichen Z\u00fcgen plus RGB-Beleuchtung.<\/p>\n<\/div>\n<\/div>\n<div class=\"h-8\"><\/div>\n","protected":false},"featured_media":3969,"comment_status":"open","ping_status":"closed","template":"","meta":{"_acf_changed":false},"product_brand":[],"product_cat":[50],"product_tag":[],"class_list":{"0":"post-3965","1":"product","2":"type-product","3":"status-publish","4":"has-post-thumbnail","6":"product_cat-randm-tornado-7000","8":"first","9":"instock","10":"shipping-taxable","11":"purchasable","12":"product-type-variable"},"acf":[],"_links":{"self":[{"href":"https:\/\/vozolpuff.de\/es\/wp-json\/wp\/v2\/product\/3965","targetHints":{"allow":["GET"]}}],"collection":[{"href":"https:\/\/vozolpuff.de\/es\/wp-json\/wp\/v2\/product"}],"about":[{"href":"https:\/\/vozolpuff.de\/es\/wp-json\/wp\/v2\/types\/product"}],"replies":[{"embeddable":true,"href":"https:\/\/vozolpuff.de\/es\/wp-json\/wp\/v2\/comments?post=3965"}],"wp:featuredmedia":[{"embeddable":true,"href":"https:\/\/vozolpuff.de\/es\/wp-json\/wp\/v2\/media\/3969"}],"wp:attachment":[{"href":"https:\/\/vozolpuff.de\/es\/wp-json\/wp\/v2\/media?parent=3965"}],"wp:term":[{"taxonomy":"product_brand","embeddable":true,"href":"https:\/\/vozolpuff.de\/es\/wp-json\/wp\/v2\/product_brand?post=3965"},{"taxonomy":"product_cat","embeddable":true,"href":"https:\/\/vozolpuff.de\/es\/wp-json\/wp\/v2\/product_cat?post=3965"},{"taxonomy":"product_tag","embeddable":true,"href":"https:\/\/vozolpuff.de\/es\/wp-json\/wp\/v2\/product_tag?post=3965"}],"curies":[{"name":"wp","href":"https:\/\/api.w.org\/{rel}","templated":true}]}}