{"id":3983,"date":"2025-09-10T10:19:40","date_gmt":"2025-09-10T08:19:40","guid":{"rendered":"https:\/\/vozolpuff.de\/?post_type=product&#038;p=3983"},"modified":"2025-09-10T10:19:41","modified_gmt":"2025-09-10T08:19:41","slug":"randm-tornado-7000-blueberry-cherry-cranberry","status":"publish","type":"product","link":"https:\/\/vozolpuff.de\/es\/producto\/randm-tornado-7000-blueberry-cherry-cranberry\/","title":{"rendered":"RandM Tornado 7000 Ar\u00e1ndano Cereza Ar\u00e1ndano"},"content":{"rendered":"<h2 class=\"text-xl font-bold text-text-100 mt-1 -mb-0.5\">RandM Tornado 7000 Blueberry Cherry Cranberry \u2013 Vape desechable premium<\/h2>\n<p class=\"whitespace-normal break-words\">Sum\u00e9rgete en un mundo de intensa variedad de bayas con RandM Tornado 7000 Blueberry Cherry Cranberry. Esta extraordinaria combinaci\u00f3n de tres bayas ofrece 7000 caladas llenas de explosiones de sabor en un formato compacto de 14 ml. Las concentraciones de nicotina disponibles, de 0% a 5%, satisfacen todos los gustos.<\/p>\n<h3 class=\"text-lg font-bold text-text-100 mt-1 -mb-1.5\">Ar\u00e1ndano, cereza y ar\u00e1ndano rojo: una experiencia con tres bayas.<\/h3>\n<p class=\"whitespace-normal break-words\">Esta exquisita mezcla combina la dulzura de los ar\u00e1ndanos maduros, el intenso sabor afrutado de las cerezas y la ligera acidez de los ar\u00e1ndanos rojos para crear una experiencia de sabor incomparable. La avanzada tecnolog\u00eda Mesh Coil extrae cada matiz de esta compleja combinaci\u00f3n de aromas.<\/p>\n<p class=\"whitespace-normal break-words\">La robusta bater\u00eda de litio de 850 mAh con funci\u00f3n de carga tipo C garantiza un rendimiento continuo, mientras que la regulaci\u00f3n variable del flujo de aire permite ajustes individuales. Esta sofisticaci\u00f3n t\u00e9cnica convierte cada sesi\u00f3n de vapeo en un momento de placer.<\/p>\n<p class=\"whitespace-normal break-words\">Su manejo intuitivo mediante activaci\u00f3n por inhalaci\u00f3n y su elegante dise\u00f1o convierten a este cigarrillo electr\u00f3nico en la primera opci\u00f3n para los vapeadores exigentes que valoran la calidad y el sabor.<\/p>\n<h3 class=\"text-lg font-bold text-text-100 mt-1 -mb-1.5\">Especificaciones del producto Blueberry Cherry Cranberry:<\/h3>\n<p class=\"whitespace-normal break-words\">Opciones de nicotina: 0%, 2%, 3%, 5%<br \/>\n\u2611 Capacidad del e-l\u00edquido: 14 ml<br \/>\n\u2611 N\u00famero de trenes: 7000 por unidad.<br \/>\n\u2611 Suministro de aire variable<br \/>\n\u2611 Carga USB tipo C<br \/>\n\u2611 Bater\u00eda integrada de 850 mAh<br \/>\n\u2611 Sistema Premium Mesh-Coil<\/p>\n<p class=\"whitespace-normal break-words\">Visite nuestro <strong><a class=\"underline\" href=\"https:\/\/vozolpuff.de\/es\/\">Tienda online Men\u00fa principal<\/a><\/strong> para otros productos de vapor o descubra la popular <strong><a class=\"underline\" href=\"https:\/\/vozolpuff.de\/es\/product-category\/fumot-vape\/\">Serie FUMOT VAPE<\/a><\/strong>. Todos los disponibles <strong><a class=\"underline\" href=\"https:\/\/vozolpuff.de\/es\/product-category\/fumot-vape\/randm-tornado-7000\/\">RandM Tornado 7000 sabores<\/a><\/strong> Encu\u00e9ntrelos en nuestra categor\u00eda especializada.<\/p>","protected":false},"excerpt":{"rendered":"<p class=\"whitespace-normal break-words\">El vape desechable RandM Tornado 7000 Blueberry Cherry Cranberry combina ar\u00e1ndanos, cerezas y ar\u00e1ndanos rojos en un intenso tr\u00edo de bayas. 7000 caladas, 14 ml de e-l\u00edquido, bater\u00eda recargable de 850 mAh con carga tipo C. Bobina de malla para un sabor \u00f3ptimo. Disponible en nicotina 0%, 2%, 3% y 5%.<\/p>\n<p class=\"whitespace-normal break-words\">","protected":false},"featured_media":3987,"comment_status":"open","ping_status":"closed","template":"","meta":{"_acf_changed":false},"product_brand":[],"product_cat":[50],"product_tag":[],"class_list":{"0":"post-3983","1":"product","2":"type-product","3":"status-publish","4":"has-post-thumbnail","6":"product_cat-randm-tornado-7000","8":"first","9":"instock","10":"shipping-taxable","11":"purchasable","12":"product-type-variable"},"acf":[],"_links":{"self":[{"href":"https:\/\/vozolpuff.de\/es\/wp-json\/wp\/v2\/product\/3983","targetHints":{"allow":["GET"]}}],"collection":[{"href":"https:\/\/vozolpuff.de\/es\/wp-json\/wp\/v2\/product"}],"about":[{"href":"https:\/\/vozolpuff.de\/es\/wp-json\/wp\/v2\/types\/product"}],"replies":[{"embeddable":true,"href":"https:\/\/vozolpuff.de\/es\/wp-json\/wp\/v2\/comments?post=3983"}],"wp:featuredmedia":[{"embeddable":true,"href":"https:\/\/vozolpuff.de\/es\/wp-json\/wp\/v2\/media\/3987"}],"wp:attachment":[{"href":"https:\/\/vozolpuff.de\/es\/wp-json\/wp\/v2\/media?parent=3983"}],"wp:term":[{"taxonomy":"product_brand","embeddable":true,"href":"https:\/\/vozolpuff.de\/es\/wp-json\/wp\/v2\/product_brand?post=3983"},{"taxonomy":"product_cat","embeddable":true,"href":"https:\/\/vozolpuff.de\/es\/wp-json\/wp\/v2\/product_cat?post=3983"},{"taxonomy":"product_tag","embeddable":true,"href":"https:\/\/vozolpuff.de\/es\/wp-json\/wp\/v2\/product_tag?post=3983"}],"curies":[{"name":"wp","href":"https:\/\/api.w.org\/{rel}","templated":true}]}}