{"id":3992,"date":"2025-09-10T10:22:18","date_gmt":"2025-09-10T08:22:18","guid":{"rendered":"https:\/\/vozolpuff.de\/?post_type=product&#038;p=3992"},"modified":"2025-09-10T10:22:18","modified_gmt":"2025-09-10T08:22:18","slug":"randm-tornado-7000-apple-berry-blast","status":"publish","type":"product","link":"https:\/\/vozolpuff.de\/es\/producto\/randm-tornado-7000-apple-berry-blast\/","title":{"rendered":"RandM Tornado 7000 Apple Berry Blast"},"content":{"rendered":"<h2 class=\"text-xl font-bold text-text-100 mt-1 -mb-0.5\">RandM Tornado 7000 Apple Berry Blast: dispositivo desechable de alto rendimiento<\/h2>\n<p class=\"whitespace-normal break-words\">Disfruta de la explosiva combinaci\u00f3n de manzanas crujientes y bayas mixtas con el RandM Tornado 7000 Apple Berry Blast. Este potente dispositivo desechable ofrece la impresionante cifra de 7000 caladas con una generosa capacidad de 14 ml de e-l\u00edquido y variantes de nicotina de 0% a 5%.<\/p>\n<h3 class=\"text-lg font-bold text-text-100 mt-1 -mb-1.5\">Apple Berry Blast: \u00a1todo el poder de la fruta!<\/h3>\n<p class=\"whitespace-normal break-words\">La variante Apple Berry Blast combina la frescura natural de las manzanas verdes con una explosi\u00f3n de frutos del bosque mezclados. Esta din\u00e1mica combinaci\u00f3n de sabores se desarrolla de forma \u00f3ptima gracias al preciso sistema Mesh Coil, que garantiza una intensa liberaci\u00f3n de aroma en cada calada.<\/p>\n<p class=\"whitespace-normal break-words\">Con su fiable sistema de bater\u00eda de 850 mAh y su pr\u00e1ctica funci\u00f3n de carga tipo C, este dispositivo ofrece un rendimiento constante durante toda su vida \u00fatil. El control de flujo de aire ajustable de forma continua le permite controlar totalmente su experiencia personal de vapeo.<\/p>\n<p class=\"whitespace-normal break-words\">El sistema Draw-to-Activate, f\u00e1cil de usar, elimina la necesidad de operaciones complicadas y permite disfrutar del vapor al instante. Ideal para los amantes de los sabores afrutados que aprecian la variedad y la intensidad.<\/p>\n<h3 class=\"text-lg font-bold text-text-100 mt-1 -mb-1.5\">Propiedades t\u00e9cnicas Apple Berry Blast:<\/h3>\n<p class=\"whitespace-normal break-words\">\u2611 Concentraciones de nicotina: 0%, 2%, 3%, 5%<br \/>\n\u2611 Capacidad del dep\u00f3sito: 14 ml<br \/>\n\u2611 Capacidad del bote: 7000<br \/>\n\u2611 Circulaci\u00f3n de aire regulable<br \/>\n\u2611 Interfaz de carga tipo C<br \/>\n\u2611 Bater\u00eda recargable de 850 mAh<br \/>\n\u2611 Tecnolog\u00eda de vaporizaci\u00f3n de malla de alta calidad<\/p>\n<p class=\"whitespace-normal break-words\">Explore nuestra amplia gama <strong><a class=\"underline\" href=\"https:\/\/vozolpuff.de\/es\/\">gama de productos<\/a><\/strong> o sum\u00e9rjase en la <strong><a class=\"underline\" href=\"https:\/\/vozolpuff.de\/es\/product-category\/fumot-vape\/\">Gama de productos FUMOT VAPE<\/a><\/strong>. Todo el <strong><a class=\"underline\" href=\"https:\/\/vozolpuff.de\/es\/product-category\/fumot-vape\/randm-tornado-7000\/\">Gama de sabores RandM Tornado 7000<\/a><\/strong> est\u00e1 listo para su viaje de descubrimiento.<\/p>","protected":false},"excerpt":{"rendered":"<p class=\"whitespace-normal break-words\">El vape desechable RandM Tornado 7000 Apple Berry Blast combina manzanas crujientes con una mezcla de bayas silvestres para crear una explosiva mezcla de frutas. 7000 caladas, 14 ml de e-l\u00edquido, bater\u00eda recargable de 850 mAh con carga tipo C. Bobina de malla para aromas intensos. Disponible en nicotina 0%, 2%, 3% y 5%.<\/p>\n<p class=\"whitespace-normal break-words\">","protected":false},"featured_media":3996,"comment_status":"open","ping_status":"closed","template":"","meta":{"_acf_changed":false},"product_brand":[],"product_cat":[50],"product_tag":[],"class_list":{"0":"post-3992","1":"product","2":"type-product","3":"status-publish","4":"has-post-thumbnail","6":"product_cat-randm-tornado-7000","8":"first","9":"instock","10":"shipping-taxable","11":"purchasable","12":"product-type-variable"},"acf":[],"_links":{"self":[{"href":"https:\/\/vozolpuff.de\/es\/wp-json\/wp\/v2\/product\/3992","targetHints":{"allow":["GET"]}}],"collection":[{"href":"https:\/\/vozolpuff.de\/es\/wp-json\/wp\/v2\/product"}],"about":[{"href":"https:\/\/vozolpuff.de\/es\/wp-json\/wp\/v2\/types\/product"}],"replies":[{"embeddable":true,"href":"https:\/\/vozolpuff.de\/es\/wp-json\/wp\/v2\/comments?post=3992"}],"wp:featuredmedia":[{"embeddable":true,"href":"https:\/\/vozolpuff.de\/es\/wp-json\/wp\/v2\/media\/3996"}],"wp:attachment":[{"href":"https:\/\/vozolpuff.de\/es\/wp-json\/wp\/v2\/media?parent=3992"}],"wp:term":[{"taxonomy":"product_brand","embeddable":true,"href":"https:\/\/vozolpuff.de\/es\/wp-json\/wp\/v2\/product_brand?post=3992"},{"taxonomy":"product_cat","embeddable":true,"href":"https:\/\/vozolpuff.de\/es\/wp-json\/wp\/v2\/product_cat?post=3992"},{"taxonomy":"product_tag","embeddable":true,"href":"https:\/\/vozolpuff.de\/es\/wp-json\/wp\/v2\/product_tag?post=3992"}],"curies":[{"name":"wp","href":"https:\/\/api.w.org\/{rel}","templated":true}]}}