{"id":4001,"date":"2025-09-10T10:24:29","date_gmt":"2025-09-10T08:24:29","guid":{"rendered":"https:\/\/vozolpuff.de\/?post_type=product&#038;p=4001"},"modified":"2025-09-10T10:25:29","modified_gmt":"2025-09-10T08:25:29","slug":"randm-tornado-7000-cherry-cola","status":"publish","type":"product","link":"https:\/\/vozolpuff.de\/es\/producto\/randm-tornado-7000-cherry-cola\/","title":{"rendered":"RandM Tornado 7000 Cherry Cola"},"content":{"rendered":"<h2 class=\"text-xl font-bold text-text-100 mt-1 -mb-0.5\">RandM Tornado 7000 Cherry Cola Classic Vape desechable<\/h2>\n<p class=\"whitespace-normal break-words\">Disfruta del nost\u00e1lgico sabor de la Cherry Cola con el innovador RandM Tornado 7000. Este sabor \u00fanico combina las dulces cerezas con el chispeante sabor de la cola cl\u00e1sica y ofrece 7000 caladas de un dep\u00f3sito de 14ml con niveles de nicotina flexibles de 0% a 5%.<\/p>\n<h3 class=\"text-lg font-bold text-text-100 mt-1 -mb-1.5\">Experiencia retro Cherry Cola:<\/h3>\n<p class=\"whitespace-normal break-words\">La variante Cherry Cola evoca recuerdos de los refrescos cl\u00e1sicos y combina la dulzura de las cerezas maduras con el caracter\u00edstico sabor a cola. Esta extraordinaria mezcla de sabores se acent\u00faa a la perfecci\u00f3n gracias a la tecnolog\u00eda de vaporizadores de \u00faltima generaci\u00f3n.<\/p>\n<p class=\"whitespace-normal break-words\">El potente sistema de energ\u00eda de 850 mAh con carga r\u00e1pida Type-C garantiza un funcionamiento fiable, mientras que la regulaci\u00f3n precisa del flujo de aire permite experiencias de vapeo individuales. La combinaci\u00f3n de tradici\u00f3n e innovaci\u00f3n hace de este cigarrillo electr\u00f3nico algo especial.<\/p>\n<p class=\"whitespace-normal break-words\">La disponibilidad inmediata para su uso mediante la activaci\u00f3n por extracci\u00f3n y el delgado dise\u00f1o de la carcasa la convierten en la compa\u00f1era ideal para cualquiera que aprecie los sabores inusuales.<\/p>\n<h3 class=\"text-lg font-bold text-text-100 mt-1 -mb-1.5\">Datos del dispositivo Cherry Cola:<\/h3>\n<p class=\"whitespace-normal break-words\">\u2611 0% \/ 2% \/ 3% \/ 5% Selecci\u00f3n de nicotina<br \/>\n\u2611 Capacidad para 14 ML de l\u00edquido<br \/>\n\u2611 Salida de 7000 trenes<br \/>\n\u2611 Caudal de aire regulable<br \/>\nPuerto de carga r\u00e1pida USB-C<br \/>\nBater\u00eda de larga duraci\u00f3n de 850 mAh<br \/>\n\u2611 Tecnolog\u00eda avanzada de bobina de malla<\/p>\n<p class=\"whitespace-normal break-words\">Navegue por nuestra <strong><a class=\"underline\" href=\"https:\/\/vozolpuff.de\/es\/\">Cat\u00e1logo principal<\/a><\/strong> para m\u00e1s opciones premium o descubra la exclusiva <strong><a class=\"underline\" href=\"https:\/\/vozolpuff.de\/es\/product-category\/fumot-vape\/\">Colecci\u00f3n FUMOT VAPE<\/a><\/strong>. Todos los <strong><a class=\"underline\" href=\"https:\/\/vozolpuff.de\/es\/product-category\/fumot-vape\/randm-tornado-7000\/\">RandM Tornado 7000 sabores<\/a><\/strong> est\u00e1n a un solo clic.<\/p>","protected":false},"excerpt":{"rendered":"<p class=\"whitespace-normal break-words\">El vapeador desechable RandM Tornado 7000 Cherry Cola combina cerezas dulces con el cl\u00e1sico sabor a cola para una experiencia de vapeo nost\u00e1lgica. 7000 caladas, 14ml de e-l\u00edquido, bater\u00eda recargable de 850mAh con carga Type-C. Bobina de malla para sabores aut\u00e9nticos. Disponible en 0%, 2%, 3% y 5% de nicotina.<\/p>\n<p class=\"whitespace-normal break-words\">","protected":false},"featured_media":4005,"comment_status":"open","ping_status":"closed","template":"","meta":{"_acf_changed":false},"product_brand":[],"product_cat":[50],"product_tag":[],"class_list":{"0":"post-4001","1":"product","2":"type-product","3":"status-publish","4":"has-post-thumbnail","6":"product_cat-randm-tornado-7000","8":"first","9":"instock","10":"shipping-taxable","11":"purchasable","12":"product-type-variable"},"acf":[],"_links":{"self":[{"href":"https:\/\/vozolpuff.de\/es\/wp-json\/wp\/v2\/product\/4001","targetHints":{"allow":["GET"]}}],"collection":[{"href":"https:\/\/vozolpuff.de\/es\/wp-json\/wp\/v2\/product"}],"about":[{"href":"https:\/\/vozolpuff.de\/es\/wp-json\/wp\/v2\/types\/product"}],"replies":[{"embeddable":true,"href":"https:\/\/vozolpuff.de\/es\/wp-json\/wp\/v2\/comments?post=4001"}],"wp:featuredmedia":[{"embeddable":true,"href":"https:\/\/vozolpuff.de\/es\/wp-json\/wp\/v2\/media\/4005"}],"wp:attachment":[{"href":"https:\/\/vozolpuff.de\/es\/wp-json\/wp\/v2\/media?parent=4001"}],"wp:term":[{"taxonomy":"product_brand","embeddable":true,"href":"https:\/\/vozolpuff.de\/es\/wp-json\/wp\/v2\/product_brand?post=4001"},{"taxonomy":"product_cat","embeddable":true,"href":"https:\/\/vozolpuff.de\/es\/wp-json\/wp\/v2\/product_cat?post=4001"},{"taxonomy":"product_tag","embeddable":true,"href":"https:\/\/vozolpuff.de\/es\/wp-json\/wp\/v2\/product_tag?post=4001"}],"curies":[{"name":"wp","href":"https:\/\/api.w.org\/{rel}","templated":true}]}}