{"id":4010,"date":"2025-09-10T10:28:15","date_gmt":"2025-09-10T08:28:15","guid":{"rendered":"https:\/\/vozolpuff.de\/?post_type=product&#038;p=4010"},"modified":"2025-09-10T10:28:15","modified_gmt":"2025-09-10T08:28:15","slug":"randm-tornado-7000-lemonlime","status":"publish","type":"product","link":"https:\/\/vozolpuff.de\/es\/producto\/randm-tornado-7000-lemonlime\/","title":{"rendered":"RandM Tornado 7000 Lim\u00f3n y Lima"},"content":{"rendered":"<h2 class=\"text-xl font-bold text-text-100 mt-1 -mb-0.5\">Dispositivo desechable RandM Tornado 7000 Lemon&amp;Lime Citrus Edition<\/h2>\n<p class=\"whitespace-normal break-words\">Refresca tus sentidos con el vigorizante RandM Tornado 7000 Lemon&amp;Lime Citrus Edition. Esta vibrante combinaci\u00f3n de lim\u00f3n \u00e1cido y lima \u00e1cida ofrece 7000 caladas refrescantes en un dise\u00f1o compacto de 14ml con opciones de nicotina de 0% a 5%.<\/p>\n<h3 class=\"text-lg font-bold text-text-100 mt-1 -mb-1.5\">Lim\u00f3n&amp;Lima puro frescor c\u00edtrico:<\/h3>\n<p class=\"whitespace-normal break-words\">La mezcla Lemon&amp;Lime encarna la frescura pura de los c\u00edtricos y combina el brillo soleado de los limones con el picante de las limas. Esta vigorizante combinaci\u00f3n de sabores se libera en toda su intensidad gracias a la innovadora tecnolog\u00eda de bobina de malla.<\/p>\n<p class=\"whitespace-normal break-words\">La robusta bater\u00eda de 850 mAh con pr\u00e1ctica funci\u00f3n de carga Type-C garantiza una potencia constante, mientras que el control de flujo de aire variable permite una personalizaci\u00f3n perfecta seg\u00fan las preferencias personales. Esta excelencia t\u00e9cnica garantiza un disfrute \u00f3ptimo del sabor.<\/p>\n<p class=\"whitespace-normal break-words\">El concepto de funcionamiento intuitivo con activaci\u00f3n autom\u00e1tica de la extracci\u00f3n y el elegante dise\u00f1o hacen de este e-cigarrillo la elecci\u00f3n perfecta para los amantes de los c\u00edtricos que aprecian la calidad y la frescura a partes iguales.<\/p>\n<h3 class=\"text-lg font-bold text-text-100 mt-1 -mb-1.5\">Especificaciones Lemon&amp;Lime:<\/h3>\n<p class=\"whitespace-normal break-words\">Variantes de nicotina: 0%, 2%, 3%, 5%<br \/>\nContenido de e-l\u00edquido: 14 ML<br \/>\nCapacidad del tren: 7000 por aparato<br \/>\n\u2611 Ajuste del caudal de aire<br \/>\nConexi\u00f3n de carga Tipo-C<br \/>\n\u2611 Bater\u00eda integrada de 850 mAh<br \/>\n\u2611 Vaporizador de malla premium<\/p>\n<p class=\"whitespace-normal break-words\">Descubra toda nuestra gama de <strong><a class=\"underline\" href=\"https:\/\/vozolpuff.de\/es\/\">gama de productos<\/a><\/strong> o explore la popular <strong><a class=\"underline\" href=\"https:\/\/vozolpuff.de\/es\/product-category\/fumot-vape\/\">Serie de productos FUMOT VAPE<\/a><\/strong>. El completo <strong><a class=\"underline\" href=\"https:\/\/vozolpuff.de\/es\/product-category\/fumot-vape\/randm-tornado-7000\/\">Gama de sabores RandM Tornado 7000<\/a><\/strong> espera su descubrimiento.<\/p>","protected":false},"excerpt":{"rendered":"<p class=\"whitespace-normal break-words\">El vapeador desechable RandM Tornado 7000 Lemon&amp;Lime combina el lim\u00f3n \u00e1cido con la lima \u00e1cida para crear una refrescante experiencia c\u00edtrica. 7000 caladas, 14ml e-liquid, bater\u00eda recargable de 850mAh con carga Type-C. Bobina de malla para un frescor intenso. Disponible en nicotina 0%, 2%, 3% y 5%.<\/p>\n<p class=\"whitespace-normal break-words\">","protected":false},"featured_media":4014,"comment_status":"open","ping_status":"closed","template":"","meta":{"_acf_changed":false},"product_brand":[],"product_cat":[50],"product_tag":[],"class_list":{"0":"post-4010","1":"product","2":"type-product","3":"status-publish","4":"has-post-thumbnail","6":"product_cat-randm-tornado-7000","8":"first","9":"instock","10":"shipping-taxable","11":"purchasable","12":"product-type-variable"},"acf":[],"_links":{"self":[{"href":"https:\/\/vozolpuff.de\/es\/wp-json\/wp\/v2\/product\/4010","targetHints":{"allow":["GET"]}}],"collection":[{"href":"https:\/\/vozolpuff.de\/es\/wp-json\/wp\/v2\/product"}],"about":[{"href":"https:\/\/vozolpuff.de\/es\/wp-json\/wp\/v2\/types\/product"}],"replies":[{"embeddable":true,"href":"https:\/\/vozolpuff.de\/es\/wp-json\/wp\/v2\/comments?post=4010"}],"wp:featuredmedia":[{"embeddable":true,"href":"https:\/\/vozolpuff.de\/es\/wp-json\/wp\/v2\/media\/4014"}],"wp:attachment":[{"href":"https:\/\/vozolpuff.de\/es\/wp-json\/wp\/v2\/media?parent=4010"}],"wp:term":[{"taxonomy":"product_brand","embeddable":true,"href":"https:\/\/vozolpuff.de\/es\/wp-json\/wp\/v2\/product_brand?post=4010"},{"taxonomy":"product_cat","embeddable":true,"href":"https:\/\/vozolpuff.de\/es\/wp-json\/wp\/v2\/product_cat?post=4010"},{"taxonomy":"product_tag","embeddable":true,"href":"https:\/\/vozolpuff.de\/es\/wp-json\/wp\/v2\/product_tag?post=4010"}],"curies":[{"name":"wp","href":"https:\/\/api.w.org\/{rel}","templated":true}]}}