{"id":4028,"date":"2025-09-10T10:33:36","date_gmt":"2025-09-10T08:33:36","guid":{"rendered":"https:\/\/vozolpuff.de\/?post_type=product&#038;p=4028"},"modified":"2025-09-10T10:33:36","modified_gmt":"2025-09-10T08:33:36","slug":"randm-tornado-7000-pacific-cooler","status":"publish","type":"product","link":"https:\/\/vozolpuff.de\/es\/producto\/randm-tornado-7000-pacific-cooler\/","title":{"rendered":"Enfriador RandM Tornado 7000 Pacific"},"content":{"rendered":"<h2 class=\"text-xl font-bold text-text-100 mt-1 -mb-0.5\">RandM Tornado 7000 Pacific Cooler Tropical Vape desechable<\/h2>\n<p class=\"whitespace-normal break-words\">Transp\u00f3rtese a climas tropicales con RandM Tornado 7000 Pacific Cooler. Esta mezcla ex\u00f3tica combina refrescantes frutas tropicales y ofrece 7000 caladas de puro placer vacacional desde un generoso dep\u00f3sito de 14 ml con opciones de nicotina de 0% a 5%.<\/p>\n<h3 class=\"text-lg font-bold text-text-100 mt-1 -mb-1.5\">Pacific Cooler Para\u00edso tropical:<\/h3>\n<p class=\"whitespace-normal break-words\">Pacific Cooler encarna la experiencia tropical definitiva con una mezcla cuidadosamente seleccionada de frutas ex\u00f3ticas. Esta paradis\u00edaca combinaci\u00f3n de sabores se desarrolla de forma \u00f3ptima gracias a la precisa tecnolog\u00eda Mesh Coil, que garantiza aut\u00e9nticas sensaciones tropicales.<\/p>\n<p class=\"whitespace-normal break-words\">La potente bater\u00eda de 850 mAh con funci\u00f3n de carga r\u00e1pida tipo C garantiza una disponibilidad continua, mientras que el preciso control del flujo de aire permite disfrutar de una experiencia de vapeo personalizada. Esta sofisticaci\u00f3n t\u00e9cnica convierte cada sesi\u00f3n en un viaje al para\u00edso.<\/p>\n<p class=\"whitespace-normal break-words\">La activaci\u00f3n instant\u00e1nea y la elegante carcasa hacen de este cigarrillo electr\u00f3nico la escapada perfecta para los amantes de los sabores tropicales que esperan los m\u00e1s altos est\u00e1ndares de calidad.<\/p>\n<h3 class=\"text-lg font-bold text-text-100 mt-1 -mb-1.5\">Equipamiento Pacific Cooler:<\/h3>\n<p class=\"whitespace-normal break-words\">\u2611 Gama de nicotina: 0%, 2%, 3%, 5%<br \/>\n\u2611 Capacidad del dep\u00f3sito: 14 ml<br \/>\n\u2611 Alcance del puff: 7000<br \/>\n\u2611 Ajuste del flujo de aire<br \/>\nPuerto de carga Tipo-C<br \/>\n\u2611 Unidad recargable de 850 mAh<br \/>\n\u2611 Evaporaci\u00f3n profesional por malla<\/p>\n<p class=\"whitespace-normal break-words\">Explore nuestra amplia gama <strong><a class=\"underline\" href=\"https:\/\/vozolpuff.de\/es\/\">Surtido en l\u00ednea<\/a><\/strong> o descubra la exclusiva <strong><a class=\"underline\" href=\"https:\/\/vozolpuff.de\/es\/product-category\/fumot-vape\/\">L\u00ednea de productos FUMOT VAPE<\/a><\/strong>. Todos los <strong><a class=\"underline\" href=\"https:\/\/vozolpuff.de\/es\/product-category\/fumot-vape\/randm-tornado-7000\/\">Opciones de sabor de RandM Tornado 7000<\/a><\/strong> est\u00e1n disponibles para usted.<\/p>","protected":false},"excerpt":{"rendered":"<p class=\"whitespace-normal break-words\">El vaporizador desechable RandM Tornado 7000 Pacific Cooler te transporta al para\u00edso con ex\u00f3ticas frutas tropicales. 7000 caladas, 14 ml de e-l\u00edquido, bater\u00eda recargable de 850 mAh con carga tipo C. Bobina de malla para unas aut\u00e9nticas vibraciones tropicales. Disponible en nicotina 0%, 2%, 3% y 5%.<\/p>\n<p class=\"whitespace-normal break-words\">","protected":false},"featured_media":4032,"comment_status":"open","ping_status":"closed","template":"","meta":{"_acf_changed":false},"product_brand":[],"product_cat":[50],"product_tag":[],"class_list":{"0":"post-4028","1":"product","2":"type-product","3":"status-publish","4":"has-post-thumbnail","6":"product_cat-randm-tornado-7000","8":"first","9":"instock","10":"shipping-taxable","11":"purchasable","12":"product-type-variable"},"acf":[],"_links":{"self":[{"href":"https:\/\/vozolpuff.de\/es\/wp-json\/wp\/v2\/product\/4028","targetHints":{"allow":["GET"]}}],"collection":[{"href":"https:\/\/vozolpuff.de\/es\/wp-json\/wp\/v2\/product"}],"about":[{"href":"https:\/\/vozolpuff.de\/es\/wp-json\/wp\/v2\/types\/product"}],"replies":[{"embeddable":true,"href":"https:\/\/vozolpuff.de\/es\/wp-json\/wp\/v2\/comments?post=4028"}],"wp:featuredmedia":[{"embeddable":true,"href":"https:\/\/vozolpuff.de\/es\/wp-json\/wp\/v2\/media\/4032"}],"wp:attachment":[{"href":"https:\/\/vozolpuff.de\/es\/wp-json\/wp\/v2\/media?parent=4028"}],"wp:term":[{"taxonomy":"product_brand","embeddable":true,"href":"https:\/\/vozolpuff.de\/es\/wp-json\/wp\/v2\/product_brand?post=4028"},{"taxonomy":"product_cat","embeddable":true,"href":"https:\/\/vozolpuff.de\/es\/wp-json\/wp\/v2\/product_cat?post=4028"},{"taxonomy":"product_tag","embeddable":true,"href":"https:\/\/vozolpuff.de\/es\/wp-json\/wp\/v2\/product_tag?post=4028"}],"curies":[{"name":"wp","href":"https:\/\/api.w.org\/{rel}","templated":true}]}}