{"id":4037,"date":"2025-09-10T10:36:18","date_gmt":"2025-09-10T08:36:18","guid":{"rendered":"https:\/\/vozolpuff.de\/?post_type=product&#038;p=4037"},"modified":"2025-09-10T10:36:18","modified_gmt":"2025-09-10T08:36:18","slug":"randm-tornado-7000-ice-pop","status":"publish","type":"product","link":"https:\/\/vozolpuff.de\/es\/producto\/randm-tornado-7000-ice-pop\/","title":{"rendered":"RandM Tornado 7000 Ice Pop"},"content":{"rendered":"<h2 class=\"text-xl font-bold text-text-100 mt-1 -mb-0.5\">RandM Tornado 7000 Ice Pop Refresco fr\u00edo Desechable<\/h2>\n<p class=\"whitespace-normal break-words\">Disfruta de un refresco helado con el RandM Tornado 7000 Ice Pop. Este sabor refrescante combina sabores de frutas dulces con un efecto refrescante y ofrece 7000 caladas refrescantes de un suministro de 14 ml con concentraciones de nicotina flexibles de 0% a 5%.<\/p>\n<h3 class=\"text-lg font-bold text-text-100 mt-1 -mb-1.5\">Ice Pop Dulzura helada:<\/h3>\n<p class=\"whitespace-normal break-words\">Ice Pop crea la aut\u00e9ntica sensaci\u00f3n de una paleta de fruta congelada con su perfecto equilibrio de fruta dulce e intenso efecto refrescante. Esta refrescante combinaci\u00f3n de sabores se implementa de forma \u00f3ptima mediante el sistema de bobina de malla altamente desarrollado y garantiza la m\u00e1xima intensidad de sabor.<\/p>\n<p class=\"whitespace-normal break-words\">El probado sistema de bater\u00eda de 850 mAh con pr\u00e1ctica carga Type-C garantiza un funcionamiento fiable, mientras que la regulaci\u00f3n del flujo de aire ajustable individualmente permite una personalizaci\u00f3n personalizada. Esta innovaci\u00f3n t\u00e9cnica garantiza una experiencia de refrigeraci\u00f3n inigualable.<\/p>\n<p class=\"whitespace-normal break-words\">La preparaci\u00f3n inmediata para su uso gracias a la activaci\u00f3n autom\u00e1tica de la extracci\u00f3n y el dise\u00f1o estilizado hacen de este cigarrillo electr\u00f3nico la elecci\u00f3n ideal para cualquiera que desee experimentar una combinaci\u00f3n perfecta de intenso frescor y dulces sabores frutales.<\/p>\n<h3 class=\"text-lg font-bold text-text-100 mt-1 -mb-1.5\">Especificaciones del dispositivo Ice Pop:<\/h3>\n<p class=\"whitespace-normal break-words\">\u2611 0% \/ 2% \/ 3% \/ 5% Marcaci\u00f3n por nicotina<br \/>\n\u2611 14 ML E-L\u00edquido Volumen<br \/>\n\u2611 Capacidad para 7000 trenes<br \/>\nCirculaci\u00f3n de aire personalizable<br \/>\nCargador r\u00e1pido USB-C<br \/>\nBater\u00eda de alta capacidad de 850 mAh<br \/>\n\u2611 Tecnolog\u00eda de malla avanzada<\/p>\n<p class=\"whitespace-normal break-words\">Navegue por nuestra <strong><a class=\"underline\" href=\"https:\/\/vozolpuff.de\/es\/\">Tienda web principal<\/a><\/strong> para m\u00e1s opciones de refrigeraci\u00f3n o descubra la amplia gama de <strong><a class=\"underline\" href=\"https:\/\/vozolpuff.de\/es\/product-category\/fumot-vape\/\">Selecci\u00f3n FUMOT VAPE<\/a><\/strong>. El completo <strong><a class=\"underline\" href=\"https:\/\/vozolpuff.de\/es\/product-category\/fumot-vape\/randm-tornado-7000\/\">Colecci\u00f3n de sabores RandM Tornado 7000<\/a><\/strong> est\u00e1 a su disposici\u00f3n.<\/p>","protected":false},"excerpt":{"rendered":"<p class=\"whitespace-normal break-words\">El vapeador desechable RandM Tornado 7000 Ice Pop combina dulces sabores frutales con un intenso efecto de enfriamiento para un refresco helado. 7000 caladas, 14ml de e-l\u00edquido, bater\u00eda recargable de 850mAh con carga Type-C. Bobina de malla para un enfriamiento m\u00e1ximo. Disponible en nicotina 0%, 2%, 3% y 5%.<\/p>\n<p class=\"whitespace-normal break-words\">","protected":false},"featured_media":4041,"comment_status":"open","ping_status":"closed","template":"","meta":{"_acf_changed":false},"product_brand":[],"product_cat":[50],"product_tag":[],"class_list":{"0":"post-4037","1":"product","2":"type-product","3":"status-publish","4":"has-post-thumbnail","6":"product_cat-randm-tornado-7000","8":"first","9":"instock","10":"shipping-taxable","11":"purchasable","12":"product-type-variable"},"acf":[],"_links":{"self":[{"href":"https:\/\/vozolpuff.de\/es\/wp-json\/wp\/v2\/product\/4037","targetHints":{"allow":["GET"]}}],"collection":[{"href":"https:\/\/vozolpuff.de\/es\/wp-json\/wp\/v2\/product"}],"about":[{"href":"https:\/\/vozolpuff.de\/es\/wp-json\/wp\/v2\/types\/product"}],"replies":[{"embeddable":true,"href":"https:\/\/vozolpuff.de\/es\/wp-json\/wp\/v2\/comments?post=4037"}],"wp:featuredmedia":[{"embeddable":true,"href":"https:\/\/vozolpuff.de\/es\/wp-json\/wp\/v2\/media\/4041"}],"wp:attachment":[{"href":"https:\/\/vozolpuff.de\/es\/wp-json\/wp\/v2\/media?parent=4037"}],"wp:term":[{"taxonomy":"product_brand","embeddable":true,"href":"https:\/\/vozolpuff.de\/es\/wp-json\/wp\/v2\/product_brand?post=4037"},{"taxonomy":"product_cat","embeddable":true,"href":"https:\/\/vozolpuff.de\/es\/wp-json\/wp\/v2\/product_cat?post=4037"},{"taxonomy":"product_tag","embeddable":true,"href":"https:\/\/vozolpuff.de\/es\/wp-json\/wp\/v2\/product_tag?post=4037"}],"curies":[{"name":"wp","href":"https:\/\/api.w.org\/{rel}","templated":true}]}}