{"id":4046,"date":"2025-09-10T10:38:57","date_gmt":"2025-09-10T08:38:57","guid":{"rendered":"https:\/\/vozolpuff.de\/?post_type=product&#038;p=4046"},"modified":"2025-09-10T10:38:57","modified_gmt":"2025-09-10T08:38:57","slug":"randm-tornado-7000-bingo-crush","status":"publish","type":"product","link":"https:\/\/vozolpuff.de\/es\/producto\/randm-tornado-7000-bingo-crush\/","title":{"rendered":"RandM Tornado 7000 Bingo Crush"},"content":{"rendered":"<h2 class=\"text-xl font-bold text-text-100 mt-1 -mb-0.5\">RandM Tornado 7000 Bingo Crush Dulce juego inspiraci\u00f3n vape<\/h2>\n<p class=\"whitespace-normal break-words\">Experimenta la dulzura juguetona con el RandM Tornado 7000 Bingo Crush. Esta juguetona creaci\u00f3n de sabores combina coloridos sabores de caramelo y ofrece 7000 caladas de diversi\u00f3n en un envase de 14ml con variantes de nicotina de 0% a 5%.<\/p>\n<h3 class=\"text-lg font-bold text-text-100 mt-1 -mb-1.5\">Bingo Crush Candy aventura:<\/h3>\n<p class=\"whitespace-normal break-words\">Bingo Crush le transporta a un mundo de coloridos caramelos con una emocionante mezcla de diferentes sabores. Esta juguetona combinaci\u00f3n de sabores se reproduce con precisi\u00f3n gracias a la innovadora tecnolog\u00eda de bobina de malla y proporciona aut\u00e9ntica nostalgia de confiter\u00eda.<\/p>\n<p class=\"whitespace-normal break-words\">La potente bater\u00eda de 850 mAh con moderna funci\u00f3n de carga Type-C garantiza una disponibilidad duradera, mientras que el control de flujo de aire variable permite una personalizaci\u00f3n perfecta. Esta excelencia t\u00e9cnica convierte cada calada en un dulce placer.<\/p>\n<p class=\"whitespace-normal break-words\">La sencilla funci\u00f3n de extracci\u00f3n y activaci\u00f3n y su atractivo dise\u00f1o hacen de este cigarrillo electr\u00f3nico el compa\u00f1ero perfecto para cualquiera que aprecie los sabores dulces y juguetones y la tecnolog\u00eda moderna a partes iguales.<\/p>\n<h3 class=\"text-lg font-bold text-text-100 mt-1 -mb-1.5\">Caracter\u00edsticas del producto Bingo Crush:<\/h3>\n<p class=\"whitespace-normal break-words\">Opciones de nicotina: 0%, 2%, 3%, 5%<br \/>\nCantidad de l\u00edquido: 14 ML<br \/>\n\u2611 N\u00famero de trenes: 7000 por unidad.<br \/>\nFlujo de aire ajustable<br \/>\n\u2611 Carga de tipo C<br \/>\n\u2611 Bater\u00eda integrada de 850 mAh<br \/>\n\u2611 Estructura de bobina de malla de primera calidad<\/p>\n<p class=\"whitespace-normal break-words\">Descubra nuestra completa gama de <strong><a class=\"underline\" href=\"https:\/\/vozolpuff.de\/es\/\">Cartera de productos<\/a><\/strong> o explore la innovadora <strong><a class=\"underline\" href=\"https:\/\/vozolpuff.de\/es\/product-category\/fumot-vape\/\">Categor\u00eda FUMOT VAPE<\/a><\/strong>. Todo el <strong><a class=\"underline\" href=\"https:\/\/vozolpuff.de\/es\/product-category\/fumot-vape\/randm-tornado-7000\/\">RandM Tornado 7000 sabor mundo<\/a><\/strong> espera su viaje de descubrimiento.<\/p>","protected":false},"excerpt":{"rendered":"<p class=\"whitespace-normal break-words\">El vapeador desechable RandM Tornado 7000 Bingo Crush ofrece sabores juguetones de caramelo para una colorida aventura de caramelo. 7000 caladas, 14ml de e-l\u00edquido, bater\u00eda recargable de 850mAh con carga Type-C. Bobina de malla para una aut\u00e9ntica nostalgia de caramelo. Disponible en 0%, 2%, 3% y 5% de nicotina.<\/p>\n<p class=\"whitespace-normal break-words\">","protected":false},"featured_media":4049,"comment_status":"open","ping_status":"closed","template":"","meta":{"_acf_changed":false},"product_brand":[],"product_cat":[50],"product_tag":[],"class_list":{"0":"post-4046","1":"product","2":"type-product","3":"status-publish","4":"has-post-thumbnail","6":"product_cat-randm-tornado-7000","8":"first","9":"instock","10":"shipping-taxable","11":"purchasable","12":"product-type-variable"},"acf":[],"_links":{"self":[{"href":"https:\/\/vozolpuff.de\/es\/wp-json\/wp\/v2\/product\/4046","targetHints":{"allow":["GET"]}}],"collection":[{"href":"https:\/\/vozolpuff.de\/es\/wp-json\/wp\/v2\/product"}],"about":[{"href":"https:\/\/vozolpuff.de\/es\/wp-json\/wp\/v2\/types\/product"}],"replies":[{"embeddable":true,"href":"https:\/\/vozolpuff.de\/es\/wp-json\/wp\/v2\/comments?post=4046"}],"wp:featuredmedia":[{"embeddable":true,"href":"https:\/\/vozolpuff.de\/es\/wp-json\/wp\/v2\/media\/4049"}],"wp:attachment":[{"href":"https:\/\/vozolpuff.de\/es\/wp-json\/wp\/v2\/media?parent=4046"}],"wp:term":[{"taxonomy":"product_brand","embeddable":true,"href":"https:\/\/vozolpuff.de\/es\/wp-json\/wp\/v2\/product_brand?post=4046"},{"taxonomy":"product_cat","embeddable":true,"href":"https:\/\/vozolpuff.de\/es\/wp-json\/wp\/v2\/product_cat?post=4046"},{"taxonomy":"product_tag","embeddable":true,"href":"https:\/\/vozolpuff.de\/es\/wp-json\/wp\/v2\/product_tag?post=4046"}],"curies":[{"name":"wp","href":"https:\/\/api.w.org\/{rel}","templated":true}]}}