{"id":4055,"date":"2025-09-10T10:41:35","date_gmt":"2025-09-10T08:41:35","guid":{"rendered":"https:\/\/vozolpuff.de\/?post_type=product&#038;p=4055"},"modified":"2025-09-10T10:41:35","modified_gmt":"2025-09-10T08:41:35","slug":"randm-tornado-7000-vimto-crush","status":"publish","type":"product","link":"https:\/\/vozolpuff.de\/es\/producto\/randm-tornado-7000-vimto-crush\/","title":{"rendered":"RandM Tornado 7000 Vimto Crush"},"content":{"rendered":"<h2 class=\"text-xl font-bold text-text-100 mt-1 -mb-0.5\">RandM Tornado 7000 Vimto Crush Cl\u00e1sico brit\u00e1nico desechable<\/h2>\n<p class=\"whitespace-normal break-words\">Disfruta del ic\u00f3nico sabor brit\u00e1nico con el RandM Tornado 7000 Vimto Crush. Esta aut\u00e9ntica r\u00e9plica de la popular bebida ofrece 7000 caladas de intenso sabor a bayas y uvas a partir de un suministro de 14ml con niveles de nicotina que oscilan entre 0% y 5%.<\/p>\n<h3 class=\"text-lg font-bold text-text-100 mt-1 -mb-1.5\">Vimto Crush Tradici\u00f3n brit\u00e1nica:<\/h3>\n<p class=\"whitespace-normal break-words\">Vimto Crush reproduce a la perfecci\u00f3n el inconfundible sabor de la bebida de culto brit\u00e1nica con su caracter\u00edstica mezcla de bayas oscuras y uvas. Esta nost\u00e1lgica combinaci\u00f3n de sabores se reproduce con autenticidad gracias al sofisticado sistema de bobina de malla.<\/p>\n<p class=\"whitespace-normal break-words\">El fiable sistema de energ\u00eda de 850 mAh con pr\u00e1ctica carga Type-C garantiza un rendimiento constante, mientras que la precisa regulaci\u00f3n del flujo de aire permite un ajuste fino individual. Esta sofisticaci\u00f3n t\u00e9cnica honra la tradici\u00f3n con innovaci\u00f3n de vanguardia.<\/p>\n<p class=\"whitespace-normal break-words\">La activaci\u00f3n instant\u00e1nea de la extracci\u00f3n y su elegante carcasa hacen de este cigarrillo electr\u00f3nico la primera elecci\u00f3n para los amantes de los sabores cl\u00e1sicos que aprecian la autenticidad y la calidad.<\/p>\n<h3 class=\"text-lg font-bold text-text-100 mt-1 -mb-1.5\">Vimto Crush Caracter\u00edsticas t\u00e9cnicas:<\/h3>\n<p class=\"whitespace-normal break-words\">\u2611 0% \/ 2% \/ 3% \/ 5% Concentraciones de nicotina<br \/>\n\u2611 Volumen de capacidad de 14 ML<br \/>\n\u2611 7000 bocanadas de vida \u00fatil<br \/>\n\u2611 Conducci\u00f3n de aire ajustable<br \/>\nInterfaz de carga USB Tipo-C<br \/>\nBater\u00eda de alimentaci\u00f3n continua de 850 mAh<br \/>\n\u2611 Unidad vaporizadora de malla de alta calidad.<\/p>\n<p class=\"whitespace-normal break-words\">Visite nuestro <strong><a class=\"underline\" href=\"https:\/\/vozolpuff.de\/es\/\">Tienda insignia<\/a><\/strong> m\u00e1s cl\u00e1sicos brit\u00e1nicos o sum\u00e9rjase en la <strong><a class=\"underline\" href=\"https:\/\/vozolpuff.de\/es\/product-category\/fumot-vape\/\">Serie especial FUMOT VAPE<\/a><\/strong>. El completo <strong><a class=\"underline\" href=\"https:\/\/vozolpuff.de\/es\/product-category\/fumot-vape\/randm-tornado-7000\/\">Biblioteca de sabores RandM Tornado 7000<\/a><\/strong> est\u00e1 disponible para su selecci\u00f3n.<\/p>","protected":false},"excerpt":{"rendered":"<p class=\"whitespace-normal break-words\">El vapeador desechable RandM Tornado 7000 Vimto Crush trae el ic\u00f3nico sabor brit\u00e1nico con aut\u00e9ntica mezcla de bayas y uvas. 7000 caladas, 14ml e-liquid, bater\u00eda recargable de 850mAh con carga Type-C. Bobina de malla para una autenticidad nost\u00e1lgica. Disponible en 0%, 2%, 3% y 5% nicotina.<\/p>\n<p class=\"whitespace-normal break-words\">","protected":false},"featured_media":4059,"comment_status":"open","ping_status":"closed","template":"","meta":{"_acf_changed":false},"product_brand":[],"product_cat":[50],"product_tag":[],"class_list":{"0":"post-4055","1":"product","2":"type-product","3":"status-publish","4":"has-post-thumbnail","6":"product_cat-randm-tornado-7000","8":"first","9":"instock","10":"shipping-taxable","11":"purchasable","12":"product-type-variable"},"acf":[],"_links":{"self":[{"href":"https:\/\/vozolpuff.de\/es\/wp-json\/wp\/v2\/product\/4055","targetHints":{"allow":["GET"]}}],"collection":[{"href":"https:\/\/vozolpuff.de\/es\/wp-json\/wp\/v2\/product"}],"about":[{"href":"https:\/\/vozolpuff.de\/es\/wp-json\/wp\/v2\/types\/product"}],"replies":[{"embeddable":true,"href":"https:\/\/vozolpuff.de\/es\/wp-json\/wp\/v2\/comments?post=4055"}],"wp:featuredmedia":[{"embeddable":true,"href":"https:\/\/vozolpuff.de\/es\/wp-json\/wp\/v2\/media\/4059"}],"wp:attachment":[{"href":"https:\/\/vozolpuff.de\/es\/wp-json\/wp\/v2\/media?parent=4055"}],"wp:term":[{"taxonomy":"product_brand","embeddable":true,"href":"https:\/\/vozolpuff.de\/es\/wp-json\/wp\/v2\/product_brand?post=4055"},{"taxonomy":"product_cat","embeddable":true,"href":"https:\/\/vozolpuff.de\/es\/wp-json\/wp\/v2\/product_cat?post=4055"},{"taxonomy":"product_tag","embeddable":true,"href":"https:\/\/vozolpuff.de\/es\/wp-json\/wp\/v2\/product_tag?post=4055"}],"curies":[{"name":"wp","href":"https:\/\/api.w.org\/{rel}","templated":true}]}}