{"id":4064,"date":"2025-09-10T10:44:05","date_gmt":"2025-09-10T08:44:05","guid":{"rendered":"https:\/\/vozolpuff.de\/?post_type=product&#038;p=4064"},"modified":"2025-09-10T10:44:05","modified_gmt":"2025-09-10T08:44:05","slug":"randm-tornado-7000-tobacco","status":"publish","type":"product","link":"https:\/\/vozolpuff.de\/es\/producto\/randm-tornado-7000-tobacco\/","title":{"rendered":"RandM Tornado 7000 Tabaco"},"content":{"rendered":"<h2 class=\"text-xl font-bold text-text-100 mt-1 -mb-0.5\">RandM Tornado 7000 Tabaco cl\u00e1sico Cigarrillo electr\u00f3nico desechable<\/h2>\n<p class=\"whitespace-normal break-words\">Disfrute del aut\u00e9ntico sabor del tabaco con RandM Tornado 7000 Tobacco. Esta cl\u00e1sica variedad de tabaco ofrece 7000 caladas de aromas tradicionales de tabaco en un dep\u00f3sito de 14 ml con concentraciones de nicotina probadas de 0% a 5%.<\/p>\n<h3 class=\"text-lg font-bold text-text-100 mt-1 -mb-1.5\">Tabaco Placer tradicional:<\/h3>\n<p class=\"whitespace-normal break-words\">La variante Tobacco presenta el aut\u00e9ntico sabor del tabaco en su forma m\u00e1s pura, cuidadosamente desarrollado para los amantes de los aromas cl\u00e1sicos. Este sabor atemporal se reproduce con matices gracias a la precisa tecnolog\u00eda Mesh Coil y ofrece una aut\u00e9ntica experiencia de tabaco.<\/p>\n<p class=\"whitespace-normal break-words\">La probada bater\u00eda de 850 mAh con funci\u00f3n de carga eficiente tipo C garantiza una fiabilidad duradera, mientras que el control de flujo de aire ajustable de forma continua permite una adaptaci\u00f3n \u00f3ptima a las preferencias personales. Esta madurez t\u00e9cnica complementa a la perfecci\u00f3n su car\u00e1cter cl\u00e1sico.<\/p>\n<p class=\"whitespace-normal break-words\">Su sencillo manejo mediante activaci\u00f3n por inhalaci\u00f3n y su discreto dise\u00f1o hacen de este cigarrillo electr\u00f3nico la opci\u00f3n ideal para los tradicionalistas que valoran la calidad, la simplicidad y el aut\u00e9ntico sabor del tabaco.<\/p>\n<h3 class=\"text-lg font-bold text-text-100 mt-1 -mb-1.5\">Especificaciones del Tobacco Klassik:<\/h3>\n<p class=\"whitespace-normal break-words\">\u2611 Selecci\u00f3n de nicotina: 0%, 2%, 3%, 5%<br \/>\n\u2611 Capacidad del dep\u00f3sito: 14 ml<br \/>\n\u2611 Volumen de tracci\u00f3n: 7000 por dispositivo<br \/>\n\u2611 Ajuste variable del flujo de aire<br \/>\n\u2611 Conector de carga tipo C<br \/>\n\u2611 Bater\u00eda recargable de 850 mAh<br \/>\n\u2611 Tecnolog\u00eda profesional de bobina de malla<\/p>\n<p class=\"whitespace-normal break-words\">Explore nuestro tradicional <strong><a class=\"underline\" href=\"https:\/\/vozolpuff.de\/es\/\">gama de productos<\/a><\/strong> o descubra la probada <strong><a class=\"underline\" href=\"https:\/\/vozolpuff.de\/es\/product-category\/fumot-vape\/\">Colecci\u00f3n cl\u00e1sica FUMOT VAPE<\/a><\/strong>. El completo <strong><a class=\"underline\" href=\"https:\/\/vozolpuff.de\/es\/product-category\/fumot-vape\/randm-tornado-7000\/\">Gama de sabores RandM Tornado 7000<\/a><\/strong> ofrece la opci\u00f3n adecuada para todos los gustos.<\/p>","protected":false},"excerpt":{"rendered":"<p class=\"whitespace-normal break-words\">El vaporizador desechable RandM Tornado 7000 Tobacco ofrece un aut\u00e9ntico sabor cl\u00e1sico a tabaco en su forma m\u00e1s pura. 7000 caladas, 14 ml de e-l\u00edquido, bater\u00eda recargable de 850 mAh con carga tipo C. Bobina de malla para aromas de tabaco matizados. Disponible en nicotina 0%, 2%, 3% y 5%.<\/p>\n<p class=\"whitespace-normal break-words\">","protected":false},"featured_media":4068,"comment_status":"open","ping_status":"closed","template":"","meta":{"_acf_changed":false},"product_brand":[],"product_cat":[50],"product_tag":[],"class_list":{"0":"post-4064","1":"product","2":"type-product","3":"status-publish","4":"has-post-thumbnail","6":"product_cat-randm-tornado-7000","8":"first","9":"instock","10":"shipping-taxable","11":"purchasable","12":"product-type-variable"},"acf":[],"_links":{"self":[{"href":"https:\/\/vozolpuff.de\/es\/wp-json\/wp\/v2\/product\/4064","targetHints":{"allow":["GET"]}}],"collection":[{"href":"https:\/\/vozolpuff.de\/es\/wp-json\/wp\/v2\/product"}],"about":[{"href":"https:\/\/vozolpuff.de\/es\/wp-json\/wp\/v2\/types\/product"}],"replies":[{"embeddable":true,"href":"https:\/\/vozolpuff.de\/es\/wp-json\/wp\/v2\/comments?post=4064"}],"wp:featuredmedia":[{"embeddable":true,"href":"https:\/\/vozolpuff.de\/es\/wp-json\/wp\/v2\/media\/4068"}],"wp:attachment":[{"href":"https:\/\/vozolpuff.de\/es\/wp-json\/wp\/v2\/media?parent=4064"}],"wp:term":[{"taxonomy":"product_brand","embeddable":true,"href":"https:\/\/vozolpuff.de\/es\/wp-json\/wp\/v2\/product_brand?post=4064"},{"taxonomy":"product_cat","embeddable":true,"href":"https:\/\/vozolpuff.de\/es\/wp-json\/wp\/v2\/product_cat?post=4064"},{"taxonomy":"product_tag","embeddable":true,"href":"https:\/\/vozolpuff.de\/es\/wp-json\/wp\/v2\/product_tag?post=4064"}],"curies":[{"name":"wp","href":"https:\/\/api.w.org\/{rel}","templated":true}]}}