{"id":4243,"date":"2025-09-12T04:08:00","date_gmt":"2025-09-12T02:08:00","guid":{"rendered":"https:\/\/vozolpuff.de\/?post_type=product&#038;p=4243"},"modified":"2025-09-29T12:52:47","modified_gmt":"2025-09-29T10:52:47","slug":"waspe-aiviou-60000-watermelon-ice-strawberry-kiwi-lemon-lime","status":"publish","type":"product","link":"https:\/\/vozolpuff.de\/es\/producto\/waspe-aiviou-60000-watermelon-ice-strawberry-kiwi-lemon-lime\/","title":{"rendered":"WASPE AIVIOU 60000 Sand\u00eda Helada\/Fresa Kiwi\/Lim\u00f3n Lima"},"content":{"rendered":"<h2 class=\"text-xl font-bold text-text-100 mt-1 -mb-0.5\">WASPE AIVIOU 60000 Vaporizador desechable Sand\u00eda Helada\/Fresa Kiwi\/Lima Lim\u00f3n<\/h2>\n<p class=\"whitespace-normal break-words\">El WASPE AIVIOU 60000 con la combinaci\u00f3n de sabores Watermelon Ice, Strawberry Kiwi y Lemon Lime ofrece tres experiencias de sabor \u00fanicas en un dispositivo innovador. Con una impresionante capacidad de 60.000 caladas, tres modos de sabor conmutables y potencias de nicotina ajustables de 0% a 5%, este cigarrillo desechable premium combina versatilidad con un rendimiento de primera clase. El generoso dep\u00f3sito de e-l\u00edquido de 54 ml y la pantalla LED inteligente garantizan un disfrute sin interrupciones.<\/p>\n<h3 class=\"text-lg font-bold text-text-100 mt-1 -mb-1.5\">Variedad triple sabor<\/h3>\n<p class=\"whitespace-normal break-words\">Este revolucionario cigarrillo electr\u00f3nico desechable te permite cambiar libremente entre tres sabores distintos: refrescante sand\u00eda con efecto fr\u00edo, fusi\u00f3n tropical de fresa y kiwi y vigorizante frescor c\u00edtrico y lima. Cada sabor se acent\u00faa de forma \u00f3ptima con bobinas de malla de 0,9 \u03a9 independientes y ofrece una experiencia de vapeo individual.<\/p>\n<p class=\"whitespace-normal break-words\">La potente bater\u00eda de 650 mAh con funci\u00f3n de carga r\u00e1pida Type-C garantiza un rendimiento fiable para los tres sabores. La pantalla inteligente proporciona informaci\u00f3n continua sobre la duraci\u00f3n de la bater\u00eda y el nivel de llenado de cada dep\u00f3sito de sabor.<\/p>\n<h3 class=\"text-lg font-bold text-text-100 mt-1 -mb-1.5\">Descubre m\u00e1s WASPE VAPE en vozolpuff<\/h3>\n<p class=\"whitespace-normal break-words\">Descubra m\u00e1s productos de vapor de primera clase en nuestro <strong><a class=\"underline\" href=\"https:\/\/vozolpuff.de\/es\/\">Tienda en l\u00ednea de cigarrillos electr\u00f3nicos<\/a><\/strong>Explore toda la <strong><a class=\"underline\" href=\"https:\/\/vozolpuff.de\/es\/product-category\/waspe-vape\/\">Colecci\u00f3n WASPE VAPE<\/a><\/strong> o elija entre toda la <strong><a class=\"underline\" href=\"https:\/\/vozolpuff.de\/es\/product-category\/waspe-vape\/waspe-aiviou-60000\/\">Gama de sabores WASPE AIVIOU 60000<\/a><\/strong>.<\/p>","protected":false},"excerpt":{"rendered":"<div>\n<div class=\"grid-cols-1 grid gap-2.5 [&amp;_&gt;_*]:min-w-0 !gap-3.5\">\n<p class=\"whitespace-normal break-words\">Die WASPE AIVIOU 60000 Watermelon Ice\/Strawberry Kiwi\/Lemon Lime Einweg-Vape vereint drei Premium-Aromen in einem Ger\u00e4t. 60.000 Z\u00fcge Kapazit\u00e4t, umschaltbare Modi, 54ml E-Liquid-Tank, 0-5% Nikotin und 650mAh Akku mit Type-C Ladefunktion f\u00fcr ultimativen Dampfgenuss.<\/p>\n<\/div>\n<\/div>\n<div class=\"h-8\"><\/div>\n","protected":false},"featured_media":4246,"comment_status":"open","ping_status":"closed","template":"","meta":{"_acf_changed":false},"product_brand":[],"product_cat":[53],"product_tag":[],"class_list":{"0":"post-4243","1":"product","2":"type-product","3":"status-publish","4":"has-post-thumbnail","6":"product_cat-waspe-aiviou-60000","8":"first","9":"instock","10":"shipping-taxable","11":"purchasable","12":"product-type-variable"},"acf":[],"_links":{"self":[{"href":"https:\/\/vozolpuff.de\/es\/wp-json\/wp\/v2\/product\/4243","targetHints":{"allow":["GET"]}}],"collection":[{"href":"https:\/\/vozolpuff.de\/es\/wp-json\/wp\/v2\/product"}],"about":[{"href":"https:\/\/vozolpuff.de\/es\/wp-json\/wp\/v2\/types\/product"}],"replies":[{"embeddable":true,"href":"https:\/\/vozolpuff.de\/es\/wp-json\/wp\/v2\/comments?post=4243"}],"wp:featuredmedia":[{"embeddable":true,"href":"https:\/\/vozolpuff.de\/es\/wp-json\/wp\/v2\/media\/4246"}],"wp:attachment":[{"href":"https:\/\/vozolpuff.de\/es\/wp-json\/wp\/v2\/media?parent=4243"}],"wp:term":[{"taxonomy":"product_brand","embeddable":true,"href":"https:\/\/vozolpuff.de\/es\/wp-json\/wp\/v2\/product_brand?post=4243"},{"taxonomy":"product_cat","embeddable":true,"href":"https:\/\/vozolpuff.de\/es\/wp-json\/wp\/v2\/product_cat?post=4243"},{"taxonomy":"product_tag","embeddable":true,"href":"https:\/\/vozolpuff.de\/es\/wp-json\/wp\/v2\/product_tag?post=4243"}],"curies":[{"name":"wp","href":"https:\/\/api.w.org\/{rel}","templated":true}]}}