{"id":4252,"date":"2025-09-12T04:13:16","date_gmt":"2025-09-12T02:13:16","guid":{"rendered":"https:\/\/vozolpuff.de\/?post_type=product&#038;p=4252"},"modified":"2025-09-29T12:52:37","modified_gmt":"2025-09-29T10:52:37","slug":"waspe-aiviou-60000-strawberry-watermelon-strawberry-raspberry-candy-grape-ice","status":"publish","type":"product","link":"https:\/\/vozolpuff.de\/es\/producto\/waspe-aiviou-60000-strawberry-watermelon-strawberry-raspberry-candy-grape-ice\/","title":{"rendered":"WASPE AIVIOU 60000 Fresa Sand\u00eda\/Frambuesa Frambuesa Caramelo\/Hielo de Uva"},"content":{"rendered":"<h2 class=\"text-xl font-bold text-text-100 mt-1 -mb-0.5\">WASPE AIVIOU 60000 Sand\u00eda-fresa\/Caramelo de fresa y frambuesa\/Hielo de uva Vape desechable<\/h2>\n<p class=\"whitespace-normal break-words\">Disfrute de tres sabores afrutados con el WASPE AIVIOU 60000 en la combinaci\u00f3n de fresa y sand\u00eda, fresa y frambuesa y uva helada. Este extraordinario cigarrillo electr\u00f3nico desechable ofrece 60 000 caladas arom\u00e1ticas gracias a su avanzada tecnolog\u00eda de triple bobina y a sus opciones flexibles de nicotina, que van desde 0% hasta 5%. Su generoso dep\u00f3sito de 54 ml y su intuitiva pantalla LED convierten cada sesi\u00f3n de vapeo en una experiencia de placer personalizada.<\/p>\n<h3 class=\"text-lg font-bold text-text-100 mt-1 -mb-1.5\">Tr\u00edo de aromas frutales premium<\/h3>\n<p class=\"whitespace-normal break-words\">La innovadora tecnolog\u00eda de triple sabor presenta fresa dulce combinada con sand\u00eda jugosa, fresa y frambuesa agridulces en variante de caramelo y uvas frescas con efecto refrescante. Cada aroma se extrae a la perfecci\u00f3n mediante resistencias de malla especializadas de 0,9 \u03a9 y ofrece un placer de vapeo \u00fanico con solo pulsar un bot\u00f3n.<\/p>\n<p class=\"whitespace-normal break-words\">La fiable bater\u00eda de litio de 650 mAh con tecnolog\u00eda de carga r\u00e1pida tipo C garantiza un rendimiento constante para todos los sabores. El sistema de monitorizaci\u00f3n inteligente muestra con precisi\u00f3n los niveles de bater\u00eda y l\u00edquido de cada dep\u00f3sito de aroma.<\/p>\n<h3 class=\"text-lg font-bold text-text-100 mt-1 -mb-1.5\">Descubre m\u00e1s WASPE VAPE en vozolpuff<\/h3>\n<p class=\"whitespace-normal break-words\">Visite nuestro <strong><a class=\"underline\" href=\"https:\/\/vozolpuff.de\/es\/\">Tienda de vapeo premium<\/a><\/strong> Para m\u00e1s productos de alta calidad, eche un vistazo a nuestra <strong><a class=\"underline\" href=\"https:\/\/vozolpuff.de\/es\/product-category\/waspe-vape\/\">Gama de productos WASPE VAPE<\/a><\/strong> o descubra todo <strong><a class=\"underline\" href=\"https:\/\/vozolpuff.de\/es\/product-category\/waspe-vape\/waspe-aiviou-60000\/\">WASPE AIVIOU 60000 Variedades de sabores<\/a><\/strong>.<\/p>","protected":false},"excerpt":{"rendered":"<div>\n<div class=\"grid-cols-1 grid gap-2.5 [&amp;_&gt;_*]:min-w-0 !gap-3.5\">\n<p class=\"whitespace-normal break-words\">Die WASPE AIVIOU 60000 Strawberry Watermelon\/Strawberry Raspberry Candy\/Grape Ice Einweg-Vape bietet drei fruchtige Aromen in einem Ger\u00e4t. 60.000 Z\u00fcge, Dreifach-Coil-Technologie, 54ml Tank, 0-5% Nikotin und 650mAh Akku f\u00fcr individuellen Genuss.<\/p>\n<\/div>\n<\/div>\n<div class=\"h-8\"><\/div>\n","protected":false},"featured_media":4254,"comment_status":"open","ping_status":"closed","template":"","meta":{"_acf_changed":false},"product_brand":[],"product_cat":[53],"product_tag":[],"class_list":{"0":"post-4252","1":"product","2":"type-product","3":"status-publish","4":"has-post-thumbnail","6":"product_cat-waspe-aiviou-60000","8":"first","9":"instock","10":"shipping-taxable","11":"purchasable","12":"product-type-variable"},"acf":[],"_links":{"self":[{"href":"https:\/\/vozolpuff.de\/es\/wp-json\/wp\/v2\/product\/4252","targetHints":{"allow":["GET"]}}],"collection":[{"href":"https:\/\/vozolpuff.de\/es\/wp-json\/wp\/v2\/product"}],"about":[{"href":"https:\/\/vozolpuff.de\/es\/wp-json\/wp\/v2\/types\/product"}],"replies":[{"embeddable":true,"href":"https:\/\/vozolpuff.de\/es\/wp-json\/wp\/v2\/comments?post=4252"}],"wp:featuredmedia":[{"embeddable":true,"href":"https:\/\/vozolpuff.de\/es\/wp-json\/wp\/v2\/media\/4254"}],"wp:attachment":[{"href":"https:\/\/vozolpuff.de\/es\/wp-json\/wp\/v2\/media?parent=4252"}],"wp:term":[{"taxonomy":"product_brand","embeddable":true,"href":"https:\/\/vozolpuff.de\/es\/wp-json\/wp\/v2\/product_brand?post=4252"},{"taxonomy":"product_cat","embeddable":true,"href":"https:\/\/vozolpuff.de\/es\/wp-json\/wp\/v2\/product_cat?post=4252"},{"taxonomy":"product_tag","embeddable":true,"href":"https:\/\/vozolpuff.de\/es\/wp-json\/wp\/v2\/product_tag?post=4252"}],"curies":[{"name":"wp","href":"https:\/\/api.w.org\/{rel}","templated":true}]}}