{"id":4260,"date":"2025-09-12T04:16:16","date_gmt":"2025-09-12T02:16:16","guid":{"rendered":"https:\/\/vozolpuff.de\/?post_type=product&#038;p=4260"},"modified":"2025-09-29T12:52:25","modified_gmt":"2025-09-29T10:52:25","slug":"waspe-aiviou-60000-blueberry-ice-black-dragon-ice-fizzy-cherry-ice","status":"publish","type":"product","link":"https:\/\/vozolpuff.de\/es\/producto\/waspe-aiviou-60000-blueberry-ice-black-dragon-ice-fizzy-cherry-ice\/","title":{"rendered":"WASPE AIVIOU 60000 Hielo de ar\u00e1ndano\/hielo de drag\u00f3n negro\/hielo de cereza efervescente"},"content":{"rendered":"<h2 class=\"text-xl font-bold text-text-100 mt-1 -mb-0.5\">WASPE AIVIOU 60000 Blueberry Ice\/Black Dragon Ice\/Fizzy Cherry Ice Vape desechable<\/h2>\n<p class=\"whitespace-normal break-words\">El WASPE AIVIOU 60000 con Blueberry Ice, Black Dragon Ice y Fizzy Cherry Ice combina tres sabores refrescantes para una experiencia refrescante definitiva. Con una capacidad de 60 000 caladas y tres modos de aroma seleccionables, este innovador cigarrillo desechable ofrece la m\u00e1xima flexibilidad con concentraciones de nicotina de 0% a 5%. El dep\u00f3sito de e-l\u00edquido de gran capacidad (54 ml) y la pantalla digital inteligente garantizan un disfrute prolongado del vapor.<\/p>\n<h3 class=\"text-lg font-bold text-text-100 mt-1 -mb-1.5\">Explosi\u00f3n de sabor refrescante<\/h3>\n<p class=\"whitespace-normal break-words\">Este cigarrillo electr\u00f3nico desechable premium utiliza tecnolog\u00eda de malla triple de \u00faltima generaci\u00f3n para un desarrollo \u00f3ptimo de los refrescantes aromas: ar\u00e1ndanos dulces con efecto refrescante, misterioso Black Dragon con intenso frescor y cereza burbujeante con un final chispeante. Cada sabor se tempera con precisi\u00f3n mediante bobinas separadas de 0,9 \u03a9.<\/p>\n<p class=\"whitespace-normal break-words\">La robusta bater\u00eda de 650 mAh con funci\u00f3n de carga r\u00e1pida tipo C garantiza un rendimiento fiable de las tres variantes de refrigeraci\u00f3n. El sistema de supervisi\u00f3n LED proporciona informaci\u00f3n en tiempo real sobre la duraci\u00f3n de la bater\u00eda y el nivel de l\u00edquido de cada dep\u00f3sito de sabor.<\/p>\n<h3 class=\"text-lg font-bold text-text-100 mt-1 -mb-1.5\">Descubre m\u00e1s WASPE VAPE en vozolpuff<\/h3>\n<p class=\"whitespace-normal break-words\">Descubra m\u00e1s productos de vaporizaci\u00f3n premium en nuestra <strong><a class=\"underline\" href=\"https:\/\/vozolpuff.de\/es\/\">Tienda online de vapeadores desechables<\/a><\/strong>descubra la <strong><a class=\"underline\" href=\"https:\/\/vozolpuff.de\/es\/product-category\/waspe-vape\/\">Selecci\u00f3n WASPE VAPE<\/a><\/strong> o navegar por todos los <strong><a class=\"underline\" href=\"https:\/\/vozolpuff.de\/es\/product-category\/waspe-vape\/waspe-aiviou-60000\/\">WASPE AIVIOU 60000 Opciones de aromas<\/a><\/strong>.<\/p>","protected":false},"excerpt":{"rendered":"<div>\n<div class=\"grid-cols-1 grid gap-2.5 [&amp;_&gt;_*]:min-w-0 !gap-3.5\">\n<p class=\"whitespace-normal break-words\">Die WASPE AIVIOU 60000 Blueberry Ice\/Black Dragon Ice\/Fizzy Cherry Ice Einweg-Vape vereint drei k\u00fchle Geschmackserlebnisse in einem Ger\u00e4t. 60.000 Z\u00fcge, Dreifach-Mesh-Technologie, 54ml Tank, 0-5% Nikotin und 650mAh Akku f\u00fcr ultimative Erfrischung.<\/p>\n<\/div>\n<\/div>\n<div class=\"h-8\"><\/div>\n","protected":false},"featured_media":4262,"comment_status":"open","ping_status":"closed","template":"","meta":{"_acf_changed":false},"product_brand":[],"product_cat":[53],"product_tag":[],"class_list":{"0":"post-4260","1":"product","2":"type-product","3":"status-publish","4":"has-post-thumbnail","6":"product_cat-waspe-aiviou-60000","8":"first","9":"instock","10":"shipping-taxable","11":"purchasable","12":"product-type-variable"},"acf":[],"_links":{"self":[{"href":"https:\/\/vozolpuff.de\/es\/wp-json\/wp\/v2\/product\/4260","targetHints":{"allow":["GET"]}}],"collection":[{"href":"https:\/\/vozolpuff.de\/es\/wp-json\/wp\/v2\/product"}],"about":[{"href":"https:\/\/vozolpuff.de\/es\/wp-json\/wp\/v2\/types\/product"}],"replies":[{"embeddable":true,"href":"https:\/\/vozolpuff.de\/es\/wp-json\/wp\/v2\/comments?post=4260"}],"wp:featuredmedia":[{"embeddable":true,"href":"https:\/\/vozolpuff.de\/es\/wp-json\/wp\/v2\/media\/4262"}],"wp:attachment":[{"href":"https:\/\/vozolpuff.de\/es\/wp-json\/wp\/v2\/media?parent=4260"}],"wp:term":[{"taxonomy":"product_brand","embeddable":true,"href":"https:\/\/vozolpuff.de\/es\/wp-json\/wp\/v2\/product_brand?post=4260"},{"taxonomy":"product_cat","embeddable":true,"href":"https:\/\/vozolpuff.de\/es\/wp-json\/wp\/v2\/product_cat?post=4260"},{"taxonomy":"product_tag","embeddable":true,"href":"https:\/\/vozolpuff.de\/es\/wp-json\/wp\/v2\/product_tag?post=4260"}],"curies":[{"name":"wp","href":"https:\/\/api.w.org\/{rel}","templated":true}]}}