{"id":4268,"date":"2025-09-12T04:19:20","date_gmt":"2025-09-12T02:19:20","guid":{"rendered":"https:\/\/vozolpuff.de\/?post_type=product&#038;p=4268"},"modified":"2025-09-29T12:52:13","modified_gmt":"2025-09-29T10:52:13","slug":"waspe-aiviou-60000-strawberry-raspberry-cherry-love-666-cherry-candy-ice","status":"publish","type":"product","link":"https:\/\/vozolpuff.de\/es\/producto\/waspe-aiviou-60000-strawberry-raspberry-cherry-love-666-cherry-candy-ice\/","title":{"rendered":"WASPE AIVIOU 60000 Fresa Frambuesa Cereza\/Amor 666\/Cereza Caramelo Ice"},"content":{"rendered":"<h2 class=\"text-xl font-bold text-text-100 mt-1 -mb-0.5\">WASPE AIVIOU 60000 Fresa Frambuesa Cereza\/Love 666\/Caramelo de cereza Vape desechable<\/h2>\n<p class=\"whitespace-normal break-words\">Disfrute de tres intensas composiciones de sabores con el WASPE AIVIOU 60000 en las variantes Strawberry Raspberry Cherry, Love 666 y Cherry Candy Ice. Este extraordinario cigarrillo electr\u00f3nico desechable ofrece 60 000 caladas intensas gracias a su avanzada arquitectura de triple bobina y a sus concentraciones variables de nicotina, que van desde 0% hasta 5%. El generoso dep\u00f3sito de l\u00edquido de 54 ml y la pantalla LED f\u00e1cil de usar permiten disfrutar del vapor de forma personalizada sin renunciar a nada.<\/p>\n<h3 class=\"text-lg font-bold text-text-100 mt-1 -mb-1.5\">Combinaciones arom\u00e1ticas intensas<\/h3>\n<p class=\"whitespace-normal break-words\">La innovadora triple combinaci\u00f3n de sabores presenta una armoniosa mezcla de fresa, frambuesa y cereza, el misterioso perfil de sabor Love 666 y dulces caramelos de cereza con un regusto refrescante. Cada aroma se equilibra a la perfecci\u00f3n gracias al atomizador de malla optimizado de 0,9 \u03a9, que proporciona aut\u00e9nticos matices de sabor.<\/p>\n<p class=\"whitespace-normal break-words\">Con una capacidad de bater\u00eda de 650 mAh y carga r\u00e1pida tipo C, este dispositivo ofrece la m\u00e1xima fiabilidad para los tres perfiles de sabor. La monitorizaci\u00f3n inteligente le mantiene informado sobre el estado de cada dep\u00f3sito de aroma.<\/p>\n<h3 class=\"text-lg font-bold text-text-100 mt-1 -mb-1.5\">Descubre m\u00e1s WASPE VAPE en vozolpuff<\/h3>\n<p class=\"whitespace-normal break-words\">Encuentre m\u00e1s productos exclusivos para vapeo en nuestra <strong><a class=\"underline\" href=\"https:\/\/vozolpuff.de\/es\/\">Tienda de vapor<\/a><\/strong>, navegue por la p\u00e1gina completa <strong><a class=\"underline\" href=\"https:\/\/vozolpuff.de\/es\/product-category\/waspe-vape\/\">Colecci\u00f3n WASPE VAPE<\/a><\/strong> o elija entre toda la <strong><a class=\"underline\" href=\"https:\/\/vozolpuff.de\/es\/product-category\/waspe-vape\/waspe-aiviou-60000\/\">WASPE AIVIOU 60000 Variedad de sabores<\/a><\/strong>.<\/p>","protected":false},"excerpt":{"rendered":"<div>\n<div class=\"grid-cols-1 grid gap-2.5 [&amp;_&gt;_*]:min-w-0 !gap-3.5\">\n<p class=\"whitespace-normal break-words\">Die WASPE AIVIOU 60000 Strawberry Raspberry Cherry\/Love 666\/Cherry Candy Ice Einweg-Vape bietet drei intensive Geschmackskompositionen. 60.000 Z\u00fcge, Dreifach-Coil-Architektur, 54ml Tank, 0-5% Nikotin und 650mAh Akku f\u00fcr authentischen Genuss.<\/p>\n<\/div>\n<\/div>\n<div class=\"h-8\"><\/div>\n","protected":false},"featured_media":4270,"comment_status":"open","ping_status":"closed","template":"","meta":{"_acf_changed":false},"product_brand":[],"product_cat":[53],"product_tag":[],"class_list":{"0":"post-4268","1":"product","2":"type-product","3":"status-publish","4":"has-post-thumbnail","6":"product_cat-waspe-aiviou-60000","8":"first","9":"instock","10":"shipping-taxable","11":"purchasable","12":"product-type-variable"},"acf":[],"_links":{"self":[{"href":"https:\/\/vozolpuff.de\/es\/wp-json\/wp\/v2\/product\/4268","targetHints":{"allow":["GET"]}}],"collection":[{"href":"https:\/\/vozolpuff.de\/es\/wp-json\/wp\/v2\/product"}],"about":[{"href":"https:\/\/vozolpuff.de\/es\/wp-json\/wp\/v2\/types\/product"}],"replies":[{"embeddable":true,"href":"https:\/\/vozolpuff.de\/es\/wp-json\/wp\/v2\/comments?post=4268"}],"wp:featuredmedia":[{"embeddable":true,"href":"https:\/\/vozolpuff.de\/es\/wp-json\/wp\/v2\/media\/4270"}],"wp:attachment":[{"href":"https:\/\/vozolpuff.de\/es\/wp-json\/wp\/v2\/media?parent=4268"}],"wp:term":[{"taxonomy":"product_brand","embeddable":true,"href":"https:\/\/vozolpuff.de\/es\/wp-json\/wp\/v2\/product_brand?post=4268"},{"taxonomy":"product_cat","embeddable":true,"href":"https:\/\/vozolpuff.de\/es\/wp-json\/wp\/v2\/product_cat?post=4268"},{"taxonomy":"product_tag","embeddable":true,"href":"https:\/\/vozolpuff.de\/es\/wp-json\/wp\/v2\/product_tag?post=4268"}],"curies":[{"name":"wp","href":"https:\/\/api.w.org\/{rel}","templated":true}]}}