{"id":4276,"date":"2025-09-12T04:22:10","date_gmt":"2025-09-12T02:22:10","guid":{"rendered":"https:\/\/vozolpuff.de\/?post_type=product&#038;p=4276"},"modified":"2025-09-29T12:52:02","modified_gmt":"2025-09-29T10:52:02","slug":"waspe-aiviou-60000-peach-ice-pineapple-mango-peach-cranberry-lemon","status":"publish","type":"product","link":"https:\/\/vozolpuff.de\/es\/producto\/waspe-aiviou-60000-peach-ice-pineapple-mango-peach-cranberry-lemon\/","title":{"rendered":"WASPE AIVIOU 60000 Melocot\u00f3n Helado\/Pi\u00f1a Mango Melocot\u00f3n\/Ar\u00e1ndano Lim\u00f3n"},"content":{"rendered":"<h2 class=\"text-xl font-bold text-text-100 mt-1 -mb-0.5\">WASPE AIVIOU 60000 Vape Desechable Melocot\u00f3n Helado\/Manzana Mango Melocot\u00f3n\/Lim\u00f3n Ar\u00e1ndano<\/h2>\n<p class=\"whitespace-normal break-words\">El WASPE AIVIOU 60000 con Peach Ice, Pineapple Mango Peach y Cranberry Lemon combina tres composiciones de frutas ex\u00f3ticas para un placer de vapeo tropical. Con una impresionante capacidad de 60.000 caladas, tres modos de sabor flexibles y niveles de nicotina ajustables de 0% a 5%, este cigarrillo desechable premium establece nuevos est\u00e1ndares. El generoso dep\u00f3sito de e-l\u00edquido de 54 ml y la pantalla de estado inteligente garantizan una experiencia de vapeo ininterrumpida.<\/p>\n<h3 class=\"text-lg font-bold text-text-100 mt-1 -mb-1.5\">Viaje de sabores tropicales<\/h3>\n<p class=\"whitespace-normal break-words\">Este innovador cigarrillo electr\u00f3nico desechable te permite cambiar sin problemas entre tres mundos tropicales: jugosos melocotones con un refrescante efecto fr\u00edo, una ex\u00f3tica fusi\u00f3n de triple fruta de pi\u00f1a, mango y melocot\u00f3n, y la combinaci\u00f3n \u00e1cida y fresca de ar\u00e1ndano y lim\u00f3n. Cada sabor se reproduce con autenticidad gracias a la tecnolog\u00eda especializada de malla de 0,9\u03a9.<\/p>\n<p class=\"whitespace-normal break-words\">La potente bater\u00eda de 650 mAh con funci\u00f3n de carga r\u00e1pida Type-C garantiza un rendimiento constante para todos los sabores tropicales. La pantalla digital controla continuamente la duraci\u00f3n de la bater\u00eda y el nivel de llenado de los tres dep\u00f3sitos de sabores.<\/p>\n<h3 class=\"text-lg font-bold text-text-100 mt-1 -mb-1.5\">Descubre m\u00e1s WASPE VAPE en vozolpuff<\/h3>\n<p class=\"whitespace-normal break-words\">Visite nuestro <strong><a class=\"underline\" href=\"https:\/\/vozolpuff.de\/es\/\">Distribuidor de vapeadores<\/a><\/strong> Si desea m\u00e1s productos de primera calidad, explore nuestra <strong><a class=\"underline\" href=\"https:\/\/vozolpuff.de\/es\/product-category\/waspe-vape\/\">L\u00ednea de productos WASPE VAPE<\/a><\/strong> o descubra todo <strong><a class=\"underline\" href=\"https:\/\/vozolpuff.de\/es\/product-category\/waspe-vape\/waspe-aiviou-60000\/\">WASPE AIVIOU 60000 combinaciones de sabores<\/a><\/strong>.<\/p>","protected":false},"excerpt":{"rendered":"<div>\n<div class=\"grid-cols-1 grid gap-2.5 [&amp;_&gt;_*]:min-w-0 !gap-3.5\">\n<p class=\"whitespace-normal break-words\">Die WASPE AIVIOU 60000 Peach Ice\/Pineapple Mango Peach\/Cranberry Lemon Einweg-Vape kombiniert drei exotische Fruchtkompositionen. 60.000 Z\u00fcge, Mesh-Technologie, 54ml Tank, 0-5% Nikotin und 650mAh Akku f\u00fcr tropisches Dampfvergn\u00fcgen.<\/p>\n<\/div>\n<\/div>\n<div class=\"h-8\"><\/div>\n","protected":false},"featured_media":4278,"comment_status":"open","ping_status":"closed","template":"","meta":{"_acf_changed":false},"product_brand":[],"product_cat":[53],"product_tag":[],"class_list":{"0":"post-4276","1":"product","2":"type-product","3":"status-publish","4":"has-post-thumbnail","6":"product_cat-waspe-aiviou-60000","8":"first","9":"instock","10":"shipping-taxable","11":"purchasable","12":"product-type-variable"},"acf":[],"_links":{"self":[{"href":"https:\/\/vozolpuff.de\/es\/wp-json\/wp\/v2\/product\/4276","targetHints":{"allow":["GET"]}}],"collection":[{"href":"https:\/\/vozolpuff.de\/es\/wp-json\/wp\/v2\/product"}],"about":[{"href":"https:\/\/vozolpuff.de\/es\/wp-json\/wp\/v2\/types\/product"}],"replies":[{"embeddable":true,"href":"https:\/\/vozolpuff.de\/es\/wp-json\/wp\/v2\/comments?post=4276"}],"wp:featuredmedia":[{"embeddable":true,"href":"https:\/\/vozolpuff.de\/es\/wp-json\/wp\/v2\/media\/4278"}],"wp:attachment":[{"href":"https:\/\/vozolpuff.de\/es\/wp-json\/wp\/v2\/media?parent=4276"}],"wp:term":[{"taxonomy":"product_brand","embeddable":true,"href":"https:\/\/vozolpuff.de\/es\/wp-json\/wp\/v2\/product_brand?post=4276"},{"taxonomy":"product_cat","embeddable":true,"href":"https:\/\/vozolpuff.de\/es\/wp-json\/wp\/v2\/product_cat?post=4276"},{"taxonomy":"product_tag","embeddable":true,"href":"https:\/\/vozolpuff.de\/es\/wp-json\/wp\/v2\/product_tag?post=4276"}],"curies":[{"name":"wp","href":"https:\/\/api.w.org\/{rel}","templated":true}]}}