{"id":4284,"date":"2025-09-12T04:25:07","date_gmt":"2025-09-12T02:25:07","guid":{"rendered":"https:\/\/vozolpuff.de\/?post_type=product&#038;p=4284"},"modified":"2025-09-29T12:51:51","modified_gmt":"2025-09-29T10:51:51","slug":"waspe-aiviou-60000-red-bull-ice-strawberry-mango-strawberry-watermelon-bubblegum","status":"publish","type":"product","link":"https:\/\/vozolpuff.de\/es\/producto\/waspe-aiviou-60000-red-bull-ice-strawberry-mango-strawberry-watermelon-bubblegum\/","title":{"rendered":"WASPE AIVIOU 60000 Red Bull Ice\/Mango Fresa\/Sand\u00eda Sand\u00eda Chicle"},"content":{"rendered":"<h2 class=\"text-xl font-bold text-text-100 mt-1 -mb-0.5\">WASPE AIVIOU 60000 Red Bull Ice\/Strawberry Mango\/Strawberry Watermelon Bubblegum Vape Desechable<\/h2>\n<p class=\"whitespace-normal break-words\">Experimente tres sabores \u00fanicos con el WASPE AIVIOU 60000 en la combinaci\u00f3n Red Bull Ice, Strawberry Mango y Strawberry Watermelon Bubblegum. Este revolucionario e-cigarrillo desechable ofrece 60.000 caladas aromatizadas gracias a su avanzada tecnolog\u00eda de triple bobina y opciones de nicotina personalizables de 0% a 5%. El voluminoso dep\u00f3sito de 54 ml y la intuitiva interfaz LED convierten cada sesi\u00f3n en un momento especial de disfrute.<\/p>\n<h3 class=\"text-lg font-bold text-text-100 mt-1 -mb-1.5\">Mezcla energ\u00e9tica de sabores<\/h3>\n<p class=\"whitespace-normal break-words\">La tecnolog\u00eda de triple sabor de \u00faltima generaci\u00f3n presenta el vigorizante sabor de Red Bull con un final refrescante, la fusi\u00f3n tropical de fresa y mango y el nost\u00e1lgico sabor a chicle con fresa y sand\u00eda. Cada perfil se extrae de forma \u00f3ptima mediante bobinas de malla de 0,9\u03a9 calibradas con precisi\u00f3n y ofrece un car\u00e1cter de vapor inconfundible.<\/p>\n<p class=\"whitespace-normal break-words\">La fiable bater\u00eda de litio de 650 mAh con carga r\u00e1pida Type-C garantiza un rendimiento duradero para todos los sabores. El sistema de monitorizaci\u00f3n inteligente muestra informaci\u00f3n detallada sobre la carga de la bater\u00eda y el nivel de l\u00edquido de cada dep\u00f3sito de sabores.<\/p>\n<h3 class=\"text-lg font-bold text-text-100 mt-1 -mb-1.5\">Descubre m\u00e1s WASPE VAPE en vozolpuff<\/h3>\n<p class=\"whitespace-normal break-words\">Descubra m\u00e1s aparatos de vapor de alta calidad en nuestra <strong><a class=\"underline\" href=\"https:\/\/vozolpuff.de\/es\/\">Gama de cigarrillos electr\u00f3nicos<\/a><\/strong>navegar por la <strong><a class=\"underline\" href=\"https:\/\/vozolpuff.de\/es\/product-category\/waspe-vape\/\">Categor\u00eda WASPE VAPE<\/a><\/strong> o elija entre todos <strong><a class=\"underline\" href=\"https:\/\/vozolpuff.de\/es\/product-category\/waspe-vape\/waspe-aiviou-60000\/\">WASPE AIVIOU 60000 versiones de sabores<\/a><\/strong>.<\/p>","protected":false},"excerpt":{"rendered":"<div>\n<div class=\"grid-cols-1 grid gap-2.5 [&amp;_&gt;_*]:min-w-0 !gap-3.5\">\n<p class=\"whitespace-normal break-words\">Die WASPE AIVIOU 60000 Red Bull Ice\/Strawberry Mango\/Strawberry Watermelon Bubblegum Einweg-Vape bietet drei einzigartige Geschmackserlebnisse. 60.000 Z\u00fcge, Dreifach-Coil-Technologie, 54ml Tank, 0-5% Nikotin f\u00fcr besonderen Genuss.<\/p>\n<\/div>\n<\/div>\n<div class=\"h-8\"><\/div>\n","protected":false},"featured_media":4286,"comment_status":"open","ping_status":"closed","template":"","meta":{"_acf_changed":false},"product_brand":[],"product_cat":[53],"product_tag":[],"class_list":{"0":"post-4284","1":"product","2":"type-product","3":"status-publish","4":"has-post-thumbnail","6":"product_cat-waspe-aiviou-60000","8":"first","9":"instock","10":"shipping-taxable","11":"purchasable","12":"product-type-variable"},"acf":[],"_links":{"self":[{"href":"https:\/\/vozolpuff.de\/es\/wp-json\/wp\/v2\/product\/4284","targetHints":{"allow":["GET"]}}],"collection":[{"href":"https:\/\/vozolpuff.de\/es\/wp-json\/wp\/v2\/product"}],"about":[{"href":"https:\/\/vozolpuff.de\/es\/wp-json\/wp\/v2\/types\/product"}],"replies":[{"embeddable":true,"href":"https:\/\/vozolpuff.de\/es\/wp-json\/wp\/v2\/comments?post=4284"}],"wp:featuredmedia":[{"embeddable":true,"href":"https:\/\/vozolpuff.de\/es\/wp-json\/wp\/v2\/media\/4286"}],"wp:attachment":[{"href":"https:\/\/vozolpuff.de\/es\/wp-json\/wp\/v2\/media?parent=4284"}],"wp:term":[{"taxonomy":"product_brand","embeddable":true,"href":"https:\/\/vozolpuff.de\/es\/wp-json\/wp\/v2\/product_brand?post=4284"},{"taxonomy":"product_cat","embeddable":true,"href":"https:\/\/vozolpuff.de\/es\/wp-json\/wp\/v2\/product_cat?post=4284"},{"taxonomy":"product_tag","embeddable":true,"href":"https:\/\/vozolpuff.de\/es\/wp-json\/wp\/v2\/product_tag?post=4284"}],"curies":[{"name":"wp","href":"https:\/\/api.w.org\/{rel}","templated":true}]}}