{"id":4292,"date":"2025-09-12T04:28:01","date_gmt":"2025-09-12T02:28:01","guid":{"rendered":"https:\/\/vozolpuff.de\/?post_type=product&#038;p=4292"},"modified":"2025-09-29T12:51:41","modified_gmt":"2025-09-29T10:51:41","slug":"waspe-aiviou-60000-mixed-berries-gummy-bear-mixed-fruit","status":"publish","type":"product","link":"https:\/\/vozolpuff.de\/es\/producto\/waspe-aiviou-60000-mixed-berries-gummy-bear-mixed-fruit\/","title":{"rendered":"WASPE AIVIOU 60000 Mezcla de bayas\/Osito de goma\/Mezcla de frutas"},"content":{"rendered":"<h2 class=\"text-xl font-bold text-text-100 mt-1 -mb-0.5\">WASPE AIVIOU 60000 Mixed Berries\/Gummy Bear\/Mixed Fruit vape desechable<\/h2>\n<p class=\"whitespace-normal break-words\">El WASPE AIVIOU 60000 con Mezcla de Bayas, Gominolas y Mezcla de Frutas ofrece tres mundos de sabores diferentes en un dispositivo innovador. Con una capacidad de 60.000 caladas y tres modos de sabor conmutables, este cigarrillo desechable premium combina variedad con el m\u00e1ximo rendimiento en potencias de nicotina de 0% a 5%. El generoso dep\u00f3sito de e-l\u00edquido de 54 ml y la pantalla digital inteligente garantizan un placer de vapeo continuo.<\/p>\n<h3 class=\"text-lg font-bold text-text-100 mt-1 -mb-1.5\">Dulce variedad de sabores<\/h3>\n<p class=\"whitespace-normal break-words\">Este avanzado cigarrillo electr\u00f3nico desechable te permite cambiar libremente entre tres deliciosos perfiles: una armoniosa mezcla de bayas de diferentes variedades, aut\u00e9ntico sabor a osito de gominola y una compleja composici\u00f3n multifruta. Cada sabor se reproduce con precisi\u00f3n mediante vaporizadores de malla de 0,9\u03a9 optimizados y ofrece experiencias de sabor intensas.<\/p>\n<p class=\"whitespace-normal break-words\">La robusta bater\u00eda de 650 mAh con tecnolog\u00eda de carga r\u00e1pida Type-C garantiza un rendimiento fiable de los tres sabores. La pantalla inteligente permite controlar en tiempo real la duraci\u00f3n de la bater\u00eda y el nivel de llenado de cada dep\u00f3sito de sabores.<\/p>\n<h3 class=\"text-lg font-bold text-text-100 mt-1 -mb-1.5\">Descubre m\u00e1s WASPE VAPE en vozolpuff<\/h3>\n<p class=\"whitespace-normal break-words\">Encuentre m\u00e1s vapes premium en nuestra <strong><a class=\"underline\" href=\"https:\/\/vozolpuff.de\/es\/\">Tienda de vapeo en l\u00ednea<\/a><\/strong>Explore toda la <strong><a class=\"underline\" href=\"https:\/\/vozolpuff.de\/es\/product-category\/waspe-vape\/\">Gama de productos WASPE VAPE<\/a><\/strong> o navegar por todos los <strong><a class=\"underline\" href=\"https:\/\/vozolpuff.de\/es\/product-category\/waspe-vape\/waspe-aiviou-60000\/\">WASPE AIVIOU 60000 opciones de sabores<\/a><\/strong>.<\/p>","protected":false},"excerpt":{"rendered":"<div>\n<div class=\"grid-cols-1 grid gap-2.5 [&amp;_&gt;_*]:min-w-0 !gap-3.5\">\n<p class=\"whitespace-normal break-words\">Die WASPE AIVIOU 60000 Mixed Berries\/Gummy Bear\/Mixed Fruit Einweg-Vape bietet drei vielf\u00e4ltige Geschmackswelten. 60.000 Z\u00fcge, umschaltbare Aromamodi, 54ml Tank, 0-5% Nikotin und 650mAh Akku f\u00fcr kontinuierlichen Dampfgenuss.<\/p>\n<\/div>\n<\/div>\n<div class=\"h-8\"><\/div>\n","protected":false},"featured_media":4294,"comment_status":"open","ping_status":"closed","template":"","meta":{"_acf_changed":false},"product_brand":[],"product_cat":[53],"product_tag":[],"class_list":{"0":"post-4292","1":"product","2":"type-product","3":"status-publish","4":"has-post-thumbnail","6":"product_cat-waspe-aiviou-60000","8":"first","9":"instock","10":"shipping-taxable","11":"purchasable","12":"product-type-variable"},"acf":[],"_links":{"self":[{"href":"https:\/\/vozolpuff.de\/es\/wp-json\/wp\/v2\/product\/4292","targetHints":{"allow":["GET"]}}],"collection":[{"href":"https:\/\/vozolpuff.de\/es\/wp-json\/wp\/v2\/product"}],"about":[{"href":"https:\/\/vozolpuff.de\/es\/wp-json\/wp\/v2\/types\/product"}],"replies":[{"embeddable":true,"href":"https:\/\/vozolpuff.de\/es\/wp-json\/wp\/v2\/comments?post=4292"}],"wp:featuredmedia":[{"embeddable":true,"href":"https:\/\/vozolpuff.de\/es\/wp-json\/wp\/v2\/media\/4294"}],"wp:attachment":[{"href":"https:\/\/vozolpuff.de\/es\/wp-json\/wp\/v2\/media?parent=4292"}],"wp:term":[{"taxonomy":"product_brand","embeddable":true,"href":"https:\/\/vozolpuff.de\/es\/wp-json\/wp\/v2\/product_brand?post=4292"},{"taxonomy":"product_cat","embeddable":true,"href":"https:\/\/vozolpuff.de\/es\/wp-json\/wp\/v2\/product_cat?post=4292"},{"taxonomy":"product_tag","embeddable":true,"href":"https:\/\/vozolpuff.de\/es\/wp-json\/wp\/v2\/product_tag?post=4292"}],"curies":[{"name":"wp","href":"https:\/\/api.w.org\/{rel}","templated":true}]}}