{"id":4300,"date":"2025-09-12T04:30:52","date_gmt":"2025-09-12T02:30:52","guid":{"rendered":"https:\/\/vozolpuff.de\/?post_type=product&#038;p=4300"},"modified":"2025-09-29T12:51:31","modified_gmt":"2025-09-29T10:51:31","slug":"waspe-aiviou-60000-triple-melon-ice-rainbow-candy-blueberry-candy","status":"publish","type":"product","link":"https:\/\/vozolpuff.de\/es\/producto\/waspe-aiviou-60000-triple-melon-ice-rainbow-candy-blueberry-candy\/","title":{"rendered":"WASPE AIVIOU 60000 Triple Mel\u00f3n Helado\/Caramelo Arco Iris\/Caramelo Ar\u00e1ndano"},"content":{"rendered":"<h2 class=\"text-xl font-bold text-text-100 mt-1 -mb-0.5\">Vapeador desechable WASPE AIVIOU 60000 Triple Melon Ice\/Rainbow Candy\/Blueberry Candy<\/h2>\n<p class=\"whitespace-normal break-words\">Experimente tres extraordinarias composiciones de sabor con el WASPE AIVIOU 60000 en las variantes Triple Melon Ice, Rainbow Candy y Blueberry Candy. Este impresionante cigarrillo electr\u00f3nico desechable ofrece 60.000 caladas intensivas en sabor gracias a la \u00faltima innovaci\u00f3n de triple bobina y concentraciones de nicotina flexibles de 0% a 5%. El generoso dep\u00f3sito de l\u00edquido de 54 ml y el sencillo sistema LED permiten disfrutar del vapeo de forma personalizada.<\/p>\n<h3 class=\"text-lg font-bold text-text-100 mt-1 -mb-1.5\">Combinaciones creativas de sabores<\/h3>\n<p class=\"whitespace-normal break-words\">La revolucionaria tecnolog\u00eda de triple sabor presenta una refrescante trinidad de mel\u00f3n con efecto refrescante, colorido sabor a caramelo arco iris y aut\u00e9ntico sabor a caramelo de ar\u00e1ndano. Cada perfil est\u00e1 perfectamente equilibrado por bobinas de malla especializadas de 0,9\u03a9 y ofrece unas caracter\u00edsticas de vapor \u00fanicas.<\/p>\n<p class=\"whitespace-normal break-words\">Con una bater\u00eda de 650 mAh de capacidad y carga r\u00e1pida Type-C, este dispositivo ofrece la m\u00e1xima fiabilidad para todos los sabores creativos. El sistema de monitorizaci\u00f3n inteligente proporciona informaci\u00f3n continua sobre el estado y el nivel de llenado de cada dep\u00f3sito de sabores.<\/p>\n<h3 class=\"text-lg font-bold text-text-100 mt-1 -mb-1.5\">Descubre m\u00e1s WASPE VAPE en vozolpuff<\/h3>\n<p class=\"whitespace-normal break-words\">Visite nuestro <strong><a class=\"underline\" href=\"https:\/\/vozolpuff.de\/es\/\">Tienda especializada en vapeo<\/a><\/strong> Si desea m\u00e1s productos exclusivos, consulte nuestra <strong><a class=\"underline\" href=\"https:\/\/vozolpuff.de\/es\/product-category\/waspe-vape\/\">Serie WASPE VAPE<\/a><\/strong> o descubra la <strong><a class=\"underline\" href=\"https:\/\/vozolpuff.de\/es\/product-category\/waspe-vape\/waspe-aiviou-60000\/\">WASPE AIVIOU 60000 selecci\u00f3n de sabores<\/a><\/strong>.<\/p>","protected":false},"excerpt":{"rendered":"<div>\n<div class=\"grid-cols-1 grid gap-2.5 [&amp;_&gt;_*]:min-w-0 !gap-3.5\">\n<p class=\"whitespace-normal break-words\">Die WASPE AIVIOU 60000 Triple Melon Ice\/Rainbow Candy\/Blueberry Candy Einweg-Vape bietet drei au\u00dfergew\u00f6hnliche Geschmackskompositionen. 60.000 Z\u00fcge, Dreifach-Coil-Innovation, 54ml Tank, 0-5% Nikotin f\u00fcr personalisierten Genuss.<\/p>\n<\/div>\n<\/div>\n<div class=\"h-8\"><\/div>\n","protected":false},"featured_media":4302,"comment_status":"open","ping_status":"closed","template":"","meta":{"_acf_changed":false},"product_brand":[],"product_cat":[53],"product_tag":[],"class_list":{"0":"post-4300","1":"product","2":"type-product","3":"status-publish","4":"has-post-thumbnail","6":"product_cat-waspe-aiviou-60000","8":"first","9":"instock","10":"shipping-taxable","11":"purchasable","12":"product-type-variable"},"acf":[],"_links":{"self":[{"href":"https:\/\/vozolpuff.de\/es\/wp-json\/wp\/v2\/product\/4300","targetHints":{"allow":["GET"]}}],"collection":[{"href":"https:\/\/vozolpuff.de\/es\/wp-json\/wp\/v2\/product"}],"about":[{"href":"https:\/\/vozolpuff.de\/es\/wp-json\/wp\/v2\/types\/product"}],"replies":[{"embeddable":true,"href":"https:\/\/vozolpuff.de\/es\/wp-json\/wp\/v2\/comments?post=4300"}],"wp:featuredmedia":[{"embeddable":true,"href":"https:\/\/vozolpuff.de\/es\/wp-json\/wp\/v2\/media\/4302"}],"wp:attachment":[{"href":"https:\/\/vozolpuff.de\/es\/wp-json\/wp\/v2\/media?parent=4300"}],"wp:term":[{"taxonomy":"product_brand","embeddable":true,"href":"https:\/\/vozolpuff.de\/es\/wp-json\/wp\/v2\/product_brand?post=4300"},{"taxonomy":"product_cat","embeddable":true,"href":"https:\/\/vozolpuff.de\/es\/wp-json\/wp\/v2\/product_cat?post=4300"},{"taxonomy":"product_tag","embeddable":true,"href":"https:\/\/vozolpuff.de\/es\/wp-json\/wp\/v2\/product_tag?post=4300"}],"curies":[{"name":"wp","href":"https:\/\/api.w.org\/{rel}","templated":true}]}}