{"id":4308,"date":"2025-09-12T04:33:47","date_gmt":"2025-09-12T02:33:47","guid":{"rendered":"https:\/\/vozolpuff.de\/?post_type=product&#038;p=4308"},"modified":"2025-09-29T12:51:20","modified_gmt":"2025-09-29T10:51:20","slug":"waspe-aiviou-60000-grape-ice-strawberry-candy-strawberry-raspberry-cherry","status":"publish","type":"product","link":"https:\/\/vozolpuff.de\/es\/producto\/waspe-aiviou-60000-grape-ice-strawberry-candy-strawberry-raspberry-cherry\/","title":{"rendered":"WASPE AIVIOU 60000 Helado de uva\/Caramelo de fresa\/Cereza Frambuesa"},"content":{"rendered":"<h2 class=\"text-xl font-bold text-text-100 mt-1 -mb-0.5\">WASPE AIVIOU 60000 Grape Ice\/Strawberry Candy\/Strawberry Raspberry Cherry vape desechable<\/h2>\n<p class=\"whitespace-normal break-words\">El WASPE AIVIOU 60000 con Grape Ice, Strawberry Candy y Strawberry Raspberry Cherry combina tres sabores frutales cl\u00e1sicos para un aut\u00e9ntico placer de vapeo. Con una impresionante capacidad de 60.000 caladas, tres modos de sabor conmutables y niveles de nicotina ajustables de 0% a 5%, este cigarrillo desechable premium apuesta por una calidad probada. El generoso dep\u00f3sito de e-l\u00edquido de 54 ml y la pantalla de estado inteligente garantizan un placer de vapeo fiable.<\/p>\n<h3 class=\"text-lg font-bold text-text-100 mt-1 -mb-1.5\">Sabores cl\u00e1sicos de fruta<\/h3>\n<p class=\"whitespace-normal break-words\">Este sofisticado e-cigarrillo desechable le permite cambiar sin problemas entre tres sabores atemporales: uva fresca con un final refrescante, dulce caramelo de fresa y la armoniosa mezcla de triple fruta de fresa, frambuesa y cereza. Cada sabor se reproduce con autenticidad gracias a la tecnolog\u00eda de malla optimizada de 0,9 \u03a9.<\/p>\n<p class=\"whitespace-normal break-words\">La potente bater\u00eda de 650 mAh con funci\u00f3n de carga r\u00e1pida Type-C garantiza un rendimiento constante para todos los sabores cl\u00e1sicos. La pantalla digital controla con precisi\u00f3n la duraci\u00f3n de la bater\u00eda y el nivel de llenado de los tres dep\u00f3sitos de sabores.<\/p>\n<h3 class=\"text-lg font-bold text-text-100 mt-1 -mb-1.5\">Descubre m\u00e1s WASPE VAPE en vozolpuff<\/h3>\n<p class=\"whitespace-normal break-words\">Descubra m\u00e1s productos para vapear de eficacia probada en nuestro <strong><a class=\"underline\" href=\"https:\/\/vozolpuff.de\/es\/\">Tienda de electrodom\u00e9sticos a vapor<\/a><\/strong>explorar la <strong><a class=\"underline\" href=\"https:\/\/vozolpuff.de\/es\/product-category\/waspe-vape\/\">Familia de productos WASPE VAPE<\/a><\/strong> o elija entre todos <strong><a class=\"underline\" href=\"https:\/\/vozolpuff.de\/es\/product-category\/waspe-vape\/waspe-aiviou-60000\/\">WASPE AIVIOU 60000 perfiles de sabor<\/a><\/strong>.<\/p>","protected":false},"excerpt":{"rendered":"<div>\n<div class=\"grid-cols-1 grid gap-2.5 [&amp;_&gt;_*]:min-w-0 !gap-3.5\">\n<p class=\"whitespace-normal break-words\">Die WASPE AIVIOU 60000 Grape Ice\/Strawberry Candy\/Strawberry Raspberry Cherry Einweg-Vape kombiniert drei klassische Fruchtaromen. 60.000 Z\u00fcge, schaltbare Modi, 54ml Tank, 0-5% Nikotin und 650mAh Akku f\u00fcr authentischen Genuss.<\/p>\n<\/div>\n<\/div>\n<div class=\"h-8\"><\/div>\n","protected":false},"featured_media":4310,"comment_status":"open","ping_status":"closed","template":"","meta":{"_acf_changed":false},"product_brand":[],"product_cat":[53],"product_tag":[],"class_list":{"0":"post-4308","1":"product","2":"type-product","3":"status-publish","4":"has-post-thumbnail","6":"product_cat-waspe-aiviou-60000","8":"first","9":"instock","10":"shipping-taxable","11":"purchasable","12":"product-type-variable"},"acf":[],"_links":{"self":[{"href":"https:\/\/vozolpuff.de\/es\/wp-json\/wp\/v2\/product\/4308","targetHints":{"allow":["GET"]}}],"collection":[{"href":"https:\/\/vozolpuff.de\/es\/wp-json\/wp\/v2\/product"}],"about":[{"href":"https:\/\/vozolpuff.de\/es\/wp-json\/wp\/v2\/types\/product"}],"replies":[{"embeddable":true,"href":"https:\/\/vozolpuff.de\/es\/wp-json\/wp\/v2\/comments?post=4308"}],"wp:featuredmedia":[{"embeddable":true,"href":"https:\/\/vozolpuff.de\/es\/wp-json\/wp\/v2\/media\/4310"}],"wp:attachment":[{"href":"https:\/\/vozolpuff.de\/es\/wp-json\/wp\/v2\/media?parent=4308"}],"wp:term":[{"taxonomy":"product_brand","embeddable":true,"href":"https:\/\/vozolpuff.de\/es\/wp-json\/wp\/v2\/product_brand?post=4308"},{"taxonomy":"product_cat","embeddable":true,"href":"https:\/\/vozolpuff.de\/es\/wp-json\/wp\/v2\/product_cat?post=4308"},{"taxonomy":"product_tag","embeddable":true,"href":"https:\/\/vozolpuff.de\/es\/wp-json\/wp\/v2\/product_tag?post=4308"}],"curies":[{"name":"wp","href":"https:\/\/api.w.org\/{rel}","templated":true}]}}