{"id":4316,"date":"2025-09-12T04:36:29","date_gmt":"2025-09-12T02:36:29","guid":{"rendered":"https:\/\/vozolpuff.de\/?post_type=product&#038;p=4316"},"modified":"2025-09-29T12:51:09","modified_gmt":"2025-09-29T10:51:09","slug":"waspe-aiviou-60000-strawberry-banana-pineapple-coconut-ice-mango-ice","status":"publish","type":"product","link":"https:\/\/vozolpuff.de\/es\/producto\/waspe-aiviou-60000-strawberry-banana-pineapple-coconut-ice-mango-ice\/","title":{"rendered":"WASPE AIVIOU 60000 Fresa Pl\u00e1tano\/Pi\u00f1a Coco Hielo\/Mango Hielo"},"content":{"rendered":"<h2 class=\"text-xl font-bold text-text-100 mt-1 -mb-0.5\">WASPE AIVIOU 60000 Fresa-pl\u00e1tano\/Pi\u00f1a-coco-hielo\/Mango-hielo Vape desechable<\/h2>\n<p class=\"whitespace-normal break-words\">Disfrute de tres combinaciones de sabores tropicales con el WASPE AIVIOU 60000 en las variantes Strawberry Banana, Pineapple Coconut Ice y Mango Ice. Este extraordinario cigarrillo electr\u00f3nico desechable ofrece 60 000 caladas arom\u00e1ticas gracias a su avanzada arquitectura de triple bobina y a sus concentraciones variables de nicotina, que van desde 0% hasta 5%. Su voluminoso dep\u00f3sito de 54 ml y su intuitiva interfaz LED convierten cada sesi\u00f3n de vapeo en una experiencia ex\u00f3tica.<\/p>\n<h3 class=\"text-lg font-bold text-text-100 mt-1 -mb-1.5\">Viaje arom\u00e1tico ex\u00f3tico<\/h3>\n<p class=\"whitespace-normal break-words\">La innovadora tecnolog\u00eda de triple sabor presenta la cremosa combinaci\u00f3n de fresa y pl\u00e1tano, pi\u00f1a tropical con coco y efecto refrescante, as\u00ed como mango intenso con un componente refrescante. Cada perfil se extrae de forma \u00f3ptima mediante bobinas de malla de 0,9 \u03a9 ajustadas con precisi\u00f3n y ofrece aut\u00e9nticas vibraciones tropicales.<\/p>\n<p class=\"whitespace-normal break-words\">La fiable bater\u00eda de litio de 650 mAh con carga r\u00e1pida tipo C garantiza un rendimiento duradero para todos los sabores ex\u00f3ticos. El sistema de supervisi\u00f3n inteligente muestra informaci\u00f3n detallada sobre la carga de la bater\u00eda y el nivel de l\u00edquido de cada dep\u00f3sito tropical.<\/p>\n<h3 class=\"text-lg font-bold text-text-100 mt-1 -mb-1.5\">Descubre m\u00e1s WASPE VAPE en vozolpuff<\/h3>\n<p class=\"whitespace-normal break-words\">Encuentre m\u00e1s aparatos de vapor tropicales en nuestra <strong><a class=\"underline\" href=\"https:\/\/vozolpuff.de\/es\/\">Tienda premium de vapeo<\/a><\/strong>navegar por la <strong><a class=\"underline\" href=\"https:\/\/vozolpuff.de\/es\/product-category\/waspe-vape\/\">Selecci\u00f3n WASPE VAPE<\/a><\/strong> o navegar por todos los <strong><a class=\"underline\" href=\"https:\/\/vozolpuff.de\/es\/product-category\/waspe-vape\/waspe-aiviou-60000\/\">WASPE AIVIOU 60000 combinaciones arom\u00e1ticas<\/a><\/strong>.<\/p>","protected":false},"excerpt":{"rendered":"<div>\n<div class=\"grid-cols-1 grid gap-2.5 [&amp;_&gt;_*]:min-w-0 !gap-3.5\">\n<p class=\"whitespace-normal break-words\">Die WASPE AIVIOU 60000 Strawberry Banana\/Pineapple Coconut Ice\/Mango Ice Einweg-Vape bietet drei tropische Geschmackskombinationen. 60.000 Z\u00fcge, Dreifach-Coil-Architektur, 54ml Tank, 0-5% Nikotin f\u00fcr exotisches Erlebnis.<\/p>\n<\/div>\n<\/div>\n<div class=\"h-8\"><\/div>\n","protected":false},"featured_media":4318,"comment_status":"open","ping_status":"closed","template":"","meta":{"_acf_changed":false},"product_brand":[],"product_cat":[53],"product_tag":[],"class_list":{"0":"post-4316","1":"product","2":"type-product","3":"status-publish","4":"has-post-thumbnail","6":"product_cat-waspe-aiviou-60000","8":"first","9":"instock","10":"shipping-taxable","11":"purchasable","12":"product-type-variable"},"acf":[],"_links":{"self":[{"href":"https:\/\/vozolpuff.de\/es\/wp-json\/wp\/v2\/product\/4316","targetHints":{"allow":["GET"]}}],"collection":[{"href":"https:\/\/vozolpuff.de\/es\/wp-json\/wp\/v2\/product"}],"about":[{"href":"https:\/\/vozolpuff.de\/es\/wp-json\/wp\/v2\/types\/product"}],"replies":[{"embeddable":true,"href":"https:\/\/vozolpuff.de\/es\/wp-json\/wp\/v2\/comments?post=4316"}],"wp:featuredmedia":[{"embeddable":true,"href":"https:\/\/vozolpuff.de\/es\/wp-json\/wp\/v2\/media\/4318"}],"wp:attachment":[{"href":"https:\/\/vozolpuff.de\/es\/wp-json\/wp\/v2\/media?parent=4316"}],"wp:term":[{"taxonomy":"product_brand","embeddable":true,"href":"https:\/\/vozolpuff.de\/es\/wp-json\/wp\/v2\/product_brand?post=4316"},{"taxonomy":"product_cat","embeddable":true,"href":"https:\/\/vozolpuff.de\/es\/wp-json\/wp\/v2\/product_cat?post=4316"},{"taxonomy":"product_tag","embeddable":true,"href":"https:\/\/vozolpuff.de\/es\/wp-json\/wp\/v2\/product_tag?post=4316"}],"curies":[{"name":"wp","href":"https:\/\/api.w.org\/{rel}","templated":true}]}}