{"id":4324,"date":"2025-09-12T04:39:19","date_gmt":"2025-09-12T02:39:19","guid":{"rendered":"https:\/\/vozolpuff.de\/?post_type=product&#038;p=4324"},"modified":"2025-09-29T12:50:56","modified_gmt":"2025-09-29T10:50:56","slug":"waspe-aiviou-60000-cherry-cola-ice-strawberry-cola-cola-ice","status":"publish","type":"product","link":"https:\/\/vozolpuff.de\/es\/producto\/waspe-aiviou-60000-cherry-cola-ice-strawberry-cola-cola-ice\/","title":{"rendered":"WASPE AIVIOU 60000 Cherry Cola Ice\/Strawberry Cola\/Cola Ice"},"content":{"rendered":"<h2 class=\"text-xl font-bold text-text-100 mt-1 -mb-0.5\">WASPE AIVIOU 60000 Cherry Cola Ice\/Strawberry Cola\/Cola Ice vape desechable<\/h2>\n<p class=\"whitespace-normal break-words\">El WASPE AIVIOU 60000 con Cherry Cola Ice, Strawberry Cola y Cola Ice ofrece tres refrescantes sabores de cola para un placer de vapeo \u00fanico. Con una capacidad de 60.000 caladas y tres modos de sabor conmutables, este innovador cigarrillo desechable combina sabores nost\u00e1lgicos con tecnolog\u00eda moderna en concentraciones de nicotina de 0% a 5%. El generoso dep\u00f3sito de e-l\u00edquido de 54 ml y la pantalla digital inteligente garantizan un disfrute duradero.<\/p>\n<h3 class=\"text-lg font-bold text-text-100 mt-1 -mb-1.5\">Variante de sabor a cola<\/h3>\n<p class=\"whitespace-normal break-words\">Este cigarrillo electr\u00f3nico desechable de \u00faltima generaci\u00f3n le permite cambiar libremente entre tres perfiles inspirados en la cola: cola de cereza cl\u00e1sica con un acabado refrescante, combinaci\u00f3n de cola de fresa afrutada y cola pura con un efecto refrescante. Cada sabor se reproduce con autenticidad mediante vaporizadores de malla de 0,9 \u03a9 especializados y ofrece experiencias de vapeo nost\u00e1lgicas.<\/p>\n<p class=\"whitespace-normal break-words\">La robusta bater\u00eda de 650 mAh con tecnolog\u00eda de carga r\u00e1pida Type-C garantiza un rendimiento fiable de todos los sabores de cola. La pantalla inteligente permite controlar en tiempo real la duraci\u00f3n de la bater\u00eda y el nivel de llenado de cada dep\u00f3sito de sabores.<\/p>\n<h3 class=\"text-lg font-bold text-text-100 mt-1 -mb-1.5\">Descubre m\u00e1s WASPE VAPE en vozolpuff<\/h3>\n<p class=\"whitespace-normal break-words\">Visite nuestro <strong><a class=\"underline\" href=\"https:\/\/vozolpuff.de\/es\/\">Tienda especializada en vapeadores desechables<\/a><\/strong> para m\u00e1s productos nost\u00e1lgicos, explore la <strong><a class=\"underline\" href=\"https:\/\/vozolpuff.de\/es\/product-category\/waspe-vape\/\">Colecci\u00f3n WASPE VAPE<\/a><\/strong> o descubra todo <strong><a class=\"underline\" href=\"https:\/\/vozolpuff.de\/es\/product-category\/waspe-vape\/waspe-aiviou-60000\/\">WASPE AIVIOU 60000 mundos de sabor<\/a><\/strong>.<\/p>","protected":false},"excerpt":{"rendered":"<div>\n<div class=\"grid-cols-1 grid gap-2.5 [&amp;_&gt;_*]:min-w-0 !gap-3.5\">\n<p class=\"whitespace-normal break-words\">Die WASPE AIVIOU 60000 Cherry Cola Ice\/Strawberry Cola\/Cola Ice Einweg-Vape bietet drei erfrischende Cola-Variationen. 60.000 Z\u00fcge, umschaltbare Aromamodi, 54ml Tank, 0-5% Nikotin und 650mAh Akku f\u00fcr nostalgischen Genuss.<\/p>\n<\/div>\n<\/div>\n<div class=\"h-8\"><\/div>\n","protected":false},"featured_media":4326,"comment_status":"open","ping_status":"closed","template":"","meta":{"_acf_changed":false},"product_brand":[],"product_cat":[53],"product_tag":[],"class_list":{"0":"post-4324","1":"product","2":"type-product","3":"status-publish","4":"has-post-thumbnail","6":"product_cat-waspe-aiviou-60000","8":"first","9":"instock","10":"shipping-taxable","11":"purchasable","12":"product-type-variable"},"acf":[],"_links":{"self":[{"href":"https:\/\/vozolpuff.de\/es\/wp-json\/wp\/v2\/product\/4324","targetHints":{"allow":["GET"]}}],"collection":[{"href":"https:\/\/vozolpuff.de\/es\/wp-json\/wp\/v2\/product"}],"about":[{"href":"https:\/\/vozolpuff.de\/es\/wp-json\/wp\/v2\/types\/product"}],"replies":[{"embeddable":true,"href":"https:\/\/vozolpuff.de\/es\/wp-json\/wp\/v2\/comments?post=4324"}],"wp:featuredmedia":[{"embeddable":true,"href":"https:\/\/vozolpuff.de\/es\/wp-json\/wp\/v2\/media\/4326"}],"wp:attachment":[{"href":"https:\/\/vozolpuff.de\/es\/wp-json\/wp\/v2\/media?parent=4324"}],"wp:term":[{"taxonomy":"product_brand","embeddable":true,"href":"https:\/\/vozolpuff.de\/es\/wp-json\/wp\/v2\/product_brand?post=4324"},{"taxonomy":"product_cat","embeddable":true,"href":"https:\/\/vozolpuff.de\/es\/wp-json\/wp\/v2\/product_cat?post=4324"},{"taxonomy":"product_tag","embeddable":true,"href":"https:\/\/vozolpuff.de\/es\/wp-json\/wp\/v2\/product_tag?post=4324"}],"curies":[{"name":"wp","href":"https:\/\/api.w.org\/{rel}","templated":true}]}}