{"id":4332,"date":"2025-09-12T04:42:11","date_gmt":"2025-09-12T02:42:11","guid":{"rendered":"https:\/\/vozolpuff.de\/?post_type=product&#038;p=4332"},"modified":"2025-09-29T12:50:45","modified_gmt":"2025-09-29T10:50:45","slug":"waspe-aiviou-60000-blueberry-raspberry-blueberry-cotton-candy-double-apple-ice","status":"publish","type":"product","link":"https:\/\/vozolpuff.de\/es\/producto\/waspe-aiviou-60000-blueberry-raspberry-blueberry-cotton-candy-double-apple-ice\/","title":{"rendered":"WASPE AIVIOU 60000 Frambuesa ar\u00e1ndano\/algod\u00f3n de az\u00facar ar\u00e1ndano\/hielo doble manzana"},"content":{"rendered":"<h2 class=\"text-xl font-bold text-text-100 mt-1 -mb-0.5\">WASPE AIVIOU 60000 Ar\u00e1ndano Frambuesa\/Ar\u00e1ndano Algod\u00f3n de Az\u00facar\/Doble Manzana Hielo Vape Desechable<\/h2>\n<p class=\"whitespace-normal break-words\">Experimente tres sofisticadas composiciones de sabor con el WASPE AIVIOU 60000 en la combinaci\u00f3n Blueberry Raspberry, Blueberry Cotton Candy y Double Apple Ice. Este impresionante cigarrillo electr\u00f3nico desechable ofrece 60.000 caladas llenas de sabor gracias a su avanzada tecnolog\u00eda de triple bobina y opciones de nicotina personalizables de 0% a 5%. El generoso dep\u00f3sito de l\u00edquido de 54 ml y el sencillo sistema LED permiten disfrutar del vapor de forma individual al m\u00e1s alto nivel.<\/p>\n<h3 class=\"text-lg font-bold text-text-100 mt-1 -mb-1.5\">Composiciones arom\u00e1ticas refinadas<\/h3>\n<p class=\"whitespace-normal break-words\">La revolucionaria innovaci\u00f3n de triple sabor presenta la armoniosa combinaci\u00f3n de ar\u00e1ndano y frambuesa, el nost\u00e1lgico caramelo de ar\u00e1ndano y la intensa manzana doble con un final refrescante. Cada perfil est\u00e1 perfectamente equilibrado por bobinas de malla de 0,9\u03a9 optimizadas y ofrece sofisticadas caracter\u00edsticas de vapor para los entendidos m\u00e1s exigentes.<\/p>\n<p class=\"whitespace-normal break-words\">Con una bater\u00eda de 650 mAh de capacidad y carga r\u00e1pida Type-C, este dispositivo ofrece la m\u00e1xima fiabilidad para todos los sabores refinados. El sistema de monitorizaci\u00f3n inteligente proporciona informaci\u00f3n continua sobre el estado y el nivel de llenado de cada exquisito dep\u00f3sito de sabores.<\/p>\n<h3 class=\"text-lg font-bold text-text-100 mt-1 -mb-1.5\">Descubre m\u00e1s WASPE VAPE en vozolpuff<\/h3>\n<p class=\"whitespace-normal break-words\">Encuentre m\u00e1s productos sofisticados para vapear en nuestra <strong><a class=\"underline\" href=\"https:\/\/vozolpuff.de\/es\/\">Vaporer\u00eda Premium<\/a><\/strong>navegue por nuestra <strong><a class=\"underline\" href=\"https:\/\/vozolpuff.de\/es\/product-category\/waspe-vape\/\">WASPE VAPE serie premium<\/a><\/strong> o elija entre la completa <strong><a class=\"underline\" href=\"https:\/\/vozolpuff.de\/es\/product-category\/waspe-vape\/waspe-aiviou-60000\/\">WASPE AIVIOU 60000 colecci\u00f3n de sabores<\/a><\/strong>.<\/p>","protected":false},"excerpt":{"rendered":"<div>\n<div class=\"grid-cols-1 grid gap-2.5 [&amp;_&gt;_*]:min-w-0 !gap-3.5\">\n<p class=\"whitespace-normal break-words\">Die WASPE AIVIOU 60000 Blueberry Raspberry\/Blueberry Cotton Candy\/Double Apple Ice Einweg-Vape bietet drei raffinierte Geschmackskompositionen. 60.000 Z\u00fcge, Dreifach-Coil-Technologie, 54ml Tank, 0-5% Nikotin f\u00fcr individuellen Genuss.<\/p>\n<\/div>\n<\/div>\n<div class=\"h-8\"><\/div>\n","protected":false},"featured_media":4334,"comment_status":"open","ping_status":"closed","template":"","meta":{"_acf_changed":false},"product_brand":[],"product_cat":[53],"product_tag":[],"class_list":{"0":"post-4332","1":"product","2":"type-product","3":"status-publish","4":"has-post-thumbnail","6":"product_cat-waspe-aiviou-60000","8":"first","9":"instock","10":"shipping-taxable","11":"purchasable","12":"product-type-variable"},"acf":[],"_links":{"self":[{"href":"https:\/\/vozolpuff.de\/es\/wp-json\/wp\/v2\/product\/4332","targetHints":{"allow":["GET"]}}],"collection":[{"href":"https:\/\/vozolpuff.de\/es\/wp-json\/wp\/v2\/product"}],"about":[{"href":"https:\/\/vozolpuff.de\/es\/wp-json\/wp\/v2\/types\/product"}],"replies":[{"embeddable":true,"href":"https:\/\/vozolpuff.de\/es\/wp-json\/wp\/v2\/comments?post=4332"}],"wp:featuredmedia":[{"embeddable":true,"href":"https:\/\/vozolpuff.de\/es\/wp-json\/wp\/v2\/media\/4334"}],"wp:attachment":[{"href":"https:\/\/vozolpuff.de\/es\/wp-json\/wp\/v2\/media?parent=4332"}],"wp:term":[{"taxonomy":"product_brand","embeddable":true,"href":"https:\/\/vozolpuff.de\/es\/wp-json\/wp\/v2\/product_brand?post=4332"},{"taxonomy":"product_cat","embeddable":true,"href":"https:\/\/vozolpuff.de\/es\/wp-json\/wp\/v2\/product_cat?post=4332"},{"taxonomy":"product_tag","embeddable":true,"href":"https:\/\/vozolpuff.de\/es\/wp-json\/wp\/v2\/product_tag?post=4332"}],"curies":[{"name":"wp","href":"https:\/\/api.w.org\/{rel}","templated":true}]}}