{"id":5350,"date":"2025-09-29T13:28:05","date_gmt":"2025-09-29T11:28:05","guid":{"rendered":"https:\/\/vozolpuff.de\/?post_type=product&#038;p=5350"},"modified":"2025-09-29T13:28:26","modified_gmt":"2025-09-29T11:28:26","slug":"bang-leader-85000-grape-ice-strawberry-kiwi-passion-fruit-guava","status":"publish","type":"product","link":"https:\/\/vozolpuff.de\/es\/producto\/bang-leader-85000-grape-ice-strawberry-kiwi-passion-fruit-guava\/","title":{"rendered":"Bang Leader 85000 Uva Helada\/Fresa Kiwi\/Fruta de la Pasi\u00f3n Guayaba"},"content":{"rendered":"<h2 class=\"text-xl font-bold text-text-100 mt-1 -mb-0.5\">Bang Leader 85000 e-cigarrillo desechable Grape Ice\/Strawberry Kiwi\/Passion Fruit Guava<\/h2>\n<p class=\"whitespace-normal break-words\">El Bang Leader 85000 establece nuevos est\u00e1ndares en el campo de los vaporizadores desechables e impresiona con su innovador concepto de triple sabor. Este dispositivo le ofrece tres sabores independientes en un solo aparato: la uva helada (Grape Ice), la combinaci\u00f3n afrutada de fresa y kiwi (Strawberry Kiwi) y la ex\u00f3tica guayaba de fruta de la pasi\u00f3n (Passion Fruit Guava). Cada sabor est\u00e1 alojado en una c\u00e1psula independiente y puede activarse con s\u00f3lo pulsar un bot\u00f3n. Con una impresionante capacidad de hasta 85.000 caladas y una potente bater\u00eda de 850 mAh con funci\u00f3n de carga r\u00e1pida Type-C, este dispositivo garantiza un placer de vapeo duradero. La pantalla LED integrada te mantiene constantemente informado sobre el estado de la bater\u00eda y las estad\u00edsticas de uso, mientras que las tres bobinas de malla de 1,0\u03a9 de alta calidad garantizan sabores intensos y constantes.<\/p>\n<h3 class=\"text-lg font-bold text-text-100 mt-1 -mb-1.5\">Ventajas del producto:<\/h3>\n<p class=\"whitespace-normal break-words\"><strong>Capacidad ferroviaria excepcional<\/strong> - Hasta 85.000 caladas hacen de este vapeador la elecci\u00f3n perfecta para usuarios exigentes.<\/p>\n<p class=\"whitespace-normal break-words\"><strong>Tres sabores independientes<\/strong> - Alterne entre la fresca uva, la dulce fresa kiwi y la tropical fruta de la pasi\u00f3n guayaba a su gusto.<\/p>\n<p class=\"whitespace-normal break-words\"><strong>Ya rellenado y listo para usar<\/strong> - 56 ml de e-l\u00edquido de primera calidad distribuidos en tres c\u00e1psulas garantizan un disfrute inmediato sin necesidad de rellenar.<\/p>\n<p class=\"whitespace-normal break-words\"><strong>Tecnolog\u00eda de bobinas de malla de primera clase<\/strong> - Tres bobinas de malla de 1,0\u03a9 proporcionan vapor denso y experiencias de sabor realistas.<\/p>\n<p class=\"whitespace-normal break-words\"><strong>Pantalla inteligente y n\u00edtida<\/strong> - Vigila en todo momento el nivel de bater\u00eda, el contador de trenes y el modo de funcionamiento.<\/p>\n<p class=\"whitespace-normal break-words\"><strong>Tecnolog\u00eda de carga moderna<\/strong> - La bater\u00eda de 850 mAh se carga de forma r\u00e1pida y eficiente a trav\u00e9s del puerto Type-C.<\/p>\n<p class=\"whitespace-normal break-words\"><strong>Potencias de nicotina flexibles<\/strong> - Elija entre 0%, 2%, 3% y 5% nicotina seg\u00fan sus preferencias personales.<\/p>\n<h3 class=\"text-lg font-bold text-text-100 mt-1 -mb-1.5\">Especificaciones t\u00e9cnicas:<\/h3>\n<p class=\"whitespace-normal break-words\"><strong>Volumen de l\u00edquido:<\/strong> 56 ml<br \/>\n<strong>Movimientos m\u00e1ximos:<\/strong> 85.000 Puffs<br \/>\n<strong>Capacidad de la bater\u00eda:<\/strong> 850mAh<br \/>\n<strong>Contenido de nicotina:<\/strong> 0% \/ 2% \/ 3% \/ 5%<br \/>\n<strong>Vaporizador:<\/strong> 1,0 Ohm \u00d7 3<br \/>\n<strong>Caracter\u00edstica especial:<\/strong> Sistema de triple sabor<br \/>\n<strong>Puerto de carga:<\/strong> Tipo-C<\/p>\n<h3 class=\"text-lg font-bold text-text-100 mt-1 -mb-1.5\">Descubre m\u00e1s BANG VAPE en vozolpuff<\/h3>\n<p class=\"whitespace-normal break-words\">Consulte nuestra amplia gama en la <strong><a class=\"underline\" href=\"https:\/\/vozolpuff.de\/es\/\">Tienda en l\u00ednea de cigarrillos electr\u00f3nicos<\/a><\/strong>descubra toda la <strong><a class=\"underline\" href=\"https:\/\/vozolpuff.de\/es\/product-category\/bang-vape\/\">Gama de productos BANG VAPE<\/a><\/strong> o eche un vistazo a todos los <strong><a class=\"underline\" href=\"https:\/\/vozolpuff.de\/es\/product-category\/bang-vape\/bang-leader-85000\/\">Bang Leader 85000 variantes de sabor<\/a><\/strong> a.<\/p>","protected":false},"excerpt":{"rendered":"<p class=\"whitespace-normal break-words\">Bang Leader 85000 Grape Ice\/Strawberry Kiwi\/Passion Fruit Guava establece nuevos est\u00e1ndares con su innovador sistema de tres sabores. Experimenta el helado Grape Ice, el afrutado Strawberry Kiwi y el ex\u00f3tico Passion Fruit Guava, todo en un dispositivo premium. Sus impresionantes 85.000 caladas, su moderna pantalla LED, su carga r\u00e1pida Type-C y sus tres potentes resistencias de malla garantizan el m\u00e1ximo placer del vapor a los usuarios m\u00e1s exigentes.<\/p>\n<p class=\"whitespace-normal break-words\">","protected":false},"featured_media":5353,"comment_status":"open","ping_status":"closed","template":"","meta":{"_acf_changed":false},"product_brand":[],"product_cat":[66],"product_tag":[],"class_list":{"0":"post-5350","1":"product","2":"type-product","3":"status-publish","4":"has-post-thumbnail","6":"product_cat-bang-leader-85000","8":"first","9":"instock","10":"shipping-taxable","11":"purchasable","12":"product-type-variable"},"acf":[],"_links":{"self":[{"href":"https:\/\/vozolpuff.de\/es\/wp-json\/wp\/v2\/product\/5350","targetHints":{"allow":["GET"]}}],"collection":[{"href":"https:\/\/vozolpuff.de\/es\/wp-json\/wp\/v2\/product"}],"about":[{"href":"https:\/\/vozolpuff.de\/es\/wp-json\/wp\/v2\/types\/product"}],"replies":[{"embeddable":true,"href":"https:\/\/vozolpuff.de\/es\/wp-json\/wp\/v2\/comments?post=5350"}],"wp:featuredmedia":[{"embeddable":true,"href":"https:\/\/vozolpuff.de\/es\/wp-json\/wp\/v2\/media\/5353"}],"wp:attachment":[{"href":"https:\/\/vozolpuff.de\/es\/wp-json\/wp\/v2\/media?parent=5350"}],"wp:term":[{"taxonomy":"product_brand","embeddable":true,"href":"https:\/\/vozolpuff.de\/es\/wp-json\/wp\/v2\/product_brand?post=5350"},{"taxonomy":"product_cat","embeddable":true,"href":"https:\/\/vozolpuff.de\/es\/wp-json\/wp\/v2\/product_cat?post=5350"},{"taxonomy":"product_tag","embeddable":true,"href":"https:\/\/vozolpuff.de\/es\/wp-json\/wp\/v2\/product_tag?post=5350"}],"curies":[{"name":"wp","href":"https:\/\/api.w.org\/{rel}","templated":true}]}}