{"id":5358,"date":"2025-09-29T13:31:05","date_gmt":"2025-09-29T11:31:05","guid":{"rendered":"https:\/\/vozolpuff.de\/?post_type=product&#038;p=5358"},"modified":"2025-09-29T13:31:05","modified_gmt":"2025-09-29T11:31:05","slug":"bang-leader-85000-strawberry-ice-lemon-orange-watermelon-bubble-gum","status":"publish","type":"product","link":"https:\/\/vozolpuff.de\/es\/producto\/bang-leader-85000-strawberry-ice-lemon-orange-watermelon-bubble-gum\/","title":{"rendered":"Bang Leader 85000 Chicle Fresa Helada\/Lim\u00f3n Naranja\/Sand\u00eda"},"content":{"rendered":"<h2 class=\"text-xl font-bold text-text-100 mt-1 -mb-0.5\">Bang Leader 85000 Strawberry Ice\/Lemon Orange\/Watermelon Bubble Gum Cigarrillo electr\u00f3nico desechable<\/h2>\n<p class=\"whitespace-normal break-words\">El Bang Leader 85000 se presenta como un producto estrella en el segmento de los vaporizadores desechables, con tres sabores seleccionables en un dispositivo compacto. Disfrute de fresa helada (Strawberry Ice), lim\u00f3n y naranja (Lemon Orange) o el nost\u00e1lgico aroma a chicle de sand\u00eda (Watermelon Bubble Gum), seg\u00fan su estado de \u00e1nimo y sus preferencias. Cada aroma se encuentra en su propia c\u00e1psula precargada y se puede seleccionar individualmente. El extraordinario rendimiento de 85 000 caladas posibles es posible gracias a una robusta bater\u00eda de 850 mAh que se recarga r\u00e1pidamente mediante un conector tipo C. La moderna pantalla LED le mantiene informado de toda la informaci\u00f3n importante, mientras que tres potentes bobinas de malla de 1,0 \u03a9 garantizan un sabor intenso y constante.<\/p>\n<h3 class=\"text-lg font-bold text-text-100 mt-1 -mb-1.5\">Ventajas del producto:<\/h3>\n<p class=\"whitespace-normal break-words\"><strong>Excelente durabilidad<\/strong> \u2013 Con 85 000 caladas, ya no tendr\u00e1s que volver a comprar tan a menudo.<\/p>\n<p class=\"whitespace-normal break-words\"><strong>Tres aromas premium seleccionables<\/strong> \u2013 Se puede cambiar entre fresa helada refrescante, naranja c\u00edtrica y chicle de sand\u00eda dulce.<\/p>\n<p class=\"whitespace-normal break-words\"><strong>Principio \u00abplug and play\u00bb<\/strong> \u2013 56 ml de e-l\u00edquido de alta calidad en tres dep\u00f3sitos separados permiten disfrutar directamente del vapor.<\/p>\n<p class=\"whitespace-normal break-words\"><strong>Evaporadores de malla profesionales<\/strong> \u2013 Tres bobinas de malla de 1,0 \u03a9 generan un vapor voluminoso con un sabor aut\u00e9ntico.<\/p>\n<p class=\"whitespace-normal break-words\"><strong>Indicador digital de estado<\/strong> \u2013 La pantalla inteligente integrada muestra con precisi\u00f3n el estado de la bater\u00eda, el n\u00famero de puffs y el modo.<\/p>\n<p class=\"whitespace-normal break-words\"><strong>Sistema de carga moderno<\/strong> \u2013 El conector tipo C permite recargar r\u00e1pidamente la bater\u00eda de 850 mAh.<\/p>\n<p class=\"whitespace-normal break-words\"><strong>Dosis de nicotina ajustable<\/strong> \u2013 Disponible en 0%, 2%, 3% y 5% para satisfacer las necesidades individuales.<\/p>\n<h3 class=\"text-lg font-bold text-text-100 mt-1 -mb-1.5\">Especificaciones t\u00e9cnicas:<\/h3>\n<p class=\"whitespace-normal break-words\"><strong>Volumen de l\u00edquido:<\/strong> 56 ml<br \/>\n<strong>Movimientos m\u00e1ximos:<\/strong> 85.000 Puffs<br \/>\n<strong>Capacidad de la bater\u00eda:<\/strong> 850mAh<br \/>\n<strong>Contenido de nicotina:<\/strong> 0% \/ 2% \/ 3% \/ 5%<br \/>\n<strong>Vaporizador:<\/strong> 1,0 Ohm \u00d7 3<br \/>\n<strong>Caracter\u00edstica especial:<\/strong> Sistema de triple sabor<br \/>\n<strong>Puerto de carga:<\/strong> Tipo-C<\/p>\n<h3 class=\"text-lg font-bold text-text-100 mt-1 -mb-1.5\">Descubre m\u00e1s BANG VAPE en vozolpuff<\/h3>\n<p class=\"whitespace-normal break-words\">Visite nuestro <strong><a class=\"underline\" href=\"https:\/\/vozolpuff.de\/es\/\">Tienda en l\u00ednea de cigarrillos electr\u00f3nicos<\/a><\/strong> Para ver m\u00e1s productos premium, explore la gama completa. <strong><a class=\"underline\" href=\"https:\/\/vozolpuff.de\/es\/product-category\/bang-vape\/\">Serie BANG VAPE<\/a><\/strong> o encuentre su variedad favorita entre las <strong><a class=\"underline\" href=\"https:\/\/vozolpuff.de\/es\/product-category\/bang-vape\/bang-leader-85000\/\">Bang Leader 85000 aromas<\/a><\/strong>.<\/p>","protected":false},"excerpt":{"rendered":"<p class=\"whitespace-normal break-words\">El Bang Leader 85000 Strawberry Ice\/Lemon Orange\/Watermelon Bubble Gum te encantar\u00e1 con tres sabores \u00fanicos en un solo dispositivo. Alterna entre la fresa helada, el lim\u00f3n y naranja y el dulce chicle de sand\u00eda. Con unas impresionantes 85 000 caladas, una pantalla LED inteligente, una bater\u00eda de 850 mAh y tres bobinas de malla para disfrutar de un vapor intenso y duradero al m\u00e1s alto nivel.<\/p>","protected":false},"featured_media":5361,"comment_status":"open","ping_status":"closed","template":"","meta":{"_acf_changed":false},"product_brand":[],"product_cat":[66],"product_tag":[],"class_list":{"0":"post-5358","1":"product","2":"type-product","3":"status-publish","4":"has-post-thumbnail","6":"product_cat-bang-leader-85000","8":"first","9":"instock","10":"shipping-taxable","11":"purchasable","12":"product-type-variable"},"acf":[],"_links":{"self":[{"href":"https:\/\/vozolpuff.de\/es\/wp-json\/wp\/v2\/product\/5358","targetHints":{"allow":["GET"]}}],"collection":[{"href":"https:\/\/vozolpuff.de\/es\/wp-json\/wp\/v2\/product"}],"about":[{"href":"https:\/\/vozolpuff.de\/es\/wp-json\/wp\/v2\/types\/product"}],"replies":[{"embeddable":true,"href":"https:\/\/vozolpuff.de\/es\/wp-json\/wp\/v2\/comments?post=5358"}],"wp:featuredmedia":[{"embeddable":true,"href":"https:\/\/vozolpuff.de\/es\/wp-json\/wp\/v2\/media\/5361"}],"wp:attachment":[{"href":"https:\/\/vozolpuff.de\/es\/wp-json\/wp\/v2\/media?parent=5358"}],"wp:term":[{"taxonomy":"product_brand","embeddable":true,"href":"https:\/\/vozolpuff.de\/es\/wp-json\/wp\/v2\/product_brand?post=5358"},{"taxonomy":"product_cat","embeddable":true,"href":"https:\/\/vozolpuff.de\/es\/wp-json\/wp\/v2\/product_cat?post=5358"},{"taxonomy":"product_tag","embeddable":true,"href":"https:\/\/vozolpuff.de\/es\/wp-json\/wp\/v2\/product_tag?post=5358"}],"curies":[{"name":"wp","href":"https:\/\/api.w.org\/{rel}","templated":true}]}}