{"id":5374,"date":"2025-09-29T13:36:06","date_gmt":"2025-09-29T11:36:06","guid":{"rendered":"https:\/\/vozolpuff.de\/?post_type=product&#038;p=5374"},"modified":"2025-09-29T13:36:06","modified_gmt":"2025-09-29T11:36:06","slug":"bang-leader-85000-pineapple-ice-strawberry-red-bull-mixed-berries","status":"publish","type":"product","link":"https:\/\/vozolpuff.de\/es\/producto\/bang-leader-85000-pineapple-ice-strawberry-red-bull-mixed-berries\/","title":{"rendered":"Bang Leader 85000 Pineapple Ice\/Strawberry Red Bull\/Mixed Berries"},"content":{"rendered":"<h2 class=\"text-xl font-bold text-text-100 mt-1 -mb-0.5\">Bang Leader 85000 e-cigarrillo desechable Pineapple Ice\/Strawberry Red Bull\/Mixed Berries<\/h2>\n<p class=\"whitespace-normal break-words\">El Bang Leader 85000 impresiona como un vapeador desechable premium con tres mundos de sabores seleccionables individualmente. Sum\u00e9rjase en la pi\u00f1a helada (Pineapple Ice), experimente la energizante combinaci\u00f3n de fresa y Red Bull (Strawberry Red Bull) o disfrute de la variedad de bayas mixtas (Mixed Berries). Cada sabor se almacena en una c\u00e1psula precargada y puede activarse cuando se desee. Con una autonom\u00eda excepcional de 85.000 caladas, este dispositivo marca la pauta en t\u00e9rminos de resistencia. La bater\u00eda integrada de 850 mAh puede recargarse r\u00e1pidamente gracias a la tecnolog\u00eda Type-C. Una pantalla LED de f\u00e1cil lectura muestra siempre el estado actual del dispositivo, mientras que tres bobinas de malla optimizadas de 1,0\u03a9 garantizan una calidad de vapor excelente y constante.<\/p>\n<h3 class=\"text-lg font-bold text-text-100 mt-1 -mb-1.5\">Ventajas del producto:<\/h3>\n<p class=\"whitespace-normal break-words\"><strong>Capacidad de tracci\u00f3n extrema<\/strong> - 85.000 trenes suponen la m\u00e1xima autonom\u00eda para usuarios intensivos.<\/p>\n<p class=\"whitespace-normal break-words\"><strong>Tres sabores intercambiables<\/strong> - Cambie a voluntad entre la pi\u00f1a helada, la vigorizante fresa energ\u00e9tica y las bayas afrutadas.<\/p>\n<p class=\"whitespace-normal break-words\"><strong>Preparados y listos para salir<\/strong> - 56 ml de e-l\u00edquido de primera calidad en tres c\u00e1psulas garantizan un disfrute duradero sin mantenimiento.<\/p>\n<p class=\"whitespace-normal break-words\"><strong>Tecnolog\u00eda de malla avanzada<\/strong> - Tres bobinas de malla de 1,0\u03a9 garantizan una rica producci\u00f3n de vapor y sabores n\u00edtidos.<\/p>\n<p class=\"whitespace-normal break-words\"><strong>Pr\u00e1ctica interfaz de visualizaci\u00f3n<\/strong> - Todos los datos importantes, como el estado de la bater\u00eda y las estad\u00edsticas de uso, de un vistazo.<\/p>\n<p class=\"whitespace-normal break-words\"><strong>Capacidad de carga r\u00e1pida<\/strong> - La bater\u00eda de 850 mAh vuelve a estar lista r\u00e1pidamente para su uso a trav\u00e9s del puerto Type-C.<\/p>\n<p class=\"whitespace-normal break-words\"><strong>Variaci\u00f3n de la nicotina<\/strong> - Disponible en 0%, 2%, 3% y 5% para necesidades individuales.<\/p>\n<h3 class=\"text-lg font-bold text-text-100 mt-1 -mb-1.5\">Especificaciones t\u00e9cnicas:<\/h3>\n<p class=\"whitespace-normal break-words\"><strong>Volumen de l\u00edquido:<\/strong> 56 ml<br \/>\n<strong>Movimientos m\u00e1ximos:<\/strong> 85.000 Puffs<br \/>\n<strong>Capacidad de la bater\u00eda:<\/strong> 850mAh<br \/>\n<strong>Contenido de nicotina:<\/strong> 0% \/ 2% \/ 3% \/ 5%<br \/>\n<strong>Vaporizador:<\/strong> 1,0 Ohm \u00d7 3<br \/>\n<strong>Caracter\u00edstica especial:<\/strong> Sistema de triple sabor<br \/>\n<strong>Puerto de carga:<\/strong> Tipo-C<\/p>\n<h3 class=\"text-lg font-bold text-text-100 mt-1 -mb-1.5\">Descubre m\u00e1s BANG VAPE en vozolpuff<\/h3>\n<p class=\"whitespace-normal break-words\">Descubra nuestra amplia gama de productos en la <strong><a class=\"underline\" href=\"https:\/\/vozolpuff.de\/es\/\">Tienda en l\u00ednea de cigarrillos electr\u00f3nicos<\/a><\/strong>, eche un vistazo a toda la <strong><a class=\"underline\" href=\"https:\/\/vozolpuff.de\/es\/product-category\/bang-vape\/\">Colecci\u00f3n BANG VAPE<\/a><\/strong> o elija entre todos <strong><a class=\"underline\" href=\"https:\/\/vozolpuff.de\/es\/product-category\/bang-vape\/bang-leader-85000\/\">Bang Leader 85000 opciones de sabor<\/a><\/strong>.<\/p>","protected":false},"excerpt":{"rendered":"<p class=\"whitespace-normal break-words\">El Bang Leader 85000 Pineapple Ice\/Strawberry Red Bull\/Mixed Berries ofrece tres sabores extraordinarios en un dispositivo premium. Experimenta el helado Pineapple Ice, el energizante Strawberry Red Bull y el afrutado Mixed Berries. Con unas impresionantes 85.000 caladas, pantalla LED inteligente, bater\u00eda de 850 mAh y tres potentes bobinas de malla para disfrutar al m\u00e1ximo del vapor.<\/p>","protected":false},"featured_media":5377,"comment_status":"open","ping_status":"closed","template":"","meta":{"_acf_changed":false},"product_brand":[],"product_cat":[66],"product_tag":[],"class_list":{"0":"post-5374","1":"product","2":"type-product","3":"status-publish","4":"has-post-thumbnail","6":"product_cat-bang-leader-85000","8":"first","9":"instock","10":"shipping-taxable","11":"purchasable","12":"product-type-variable"},"acf":[],"_links":{"self":[{"href":"https:\/\/vozolpuff.de\/es\/wp-json\/wp\/v2\/product\/5374","targetHints":{"allow":["GET"]}}],"collection":[{"href":"https:\/\/vozolpuff.de\/es\/wp-json\/wp\/v2\/product"}],"about":[{"href":"https:\/\/vozolpuff.de\/es\/wp-json\/wp\/v2\/types\/product"}],"replies":[{"embeddable":true,"href":"https:\/\/vozolpuff.de\/es\/wp-json\/wp\/v2\/comments?post=5374"}],"wp:featuredmedia":[{"embeddable":true,"href":"https:\/\/vozolpuff.de\/es\/wp-json\/wp\/v2\/media\/5377"}],"wp:attachment":[{"href":"https:\/\/vozolpuff.de\/es\/wp-json\/wp\/v2\/media?parent=5374"}],"wp:term":[{"taxonomy":"product_brand","embeddable":true,"href":"https:\/\/vozolpuff.de\/es\/wp-json\/wp\/v2\/product_brand?post=5374"},{"taxonomy":"product_cat","embeddable":true,"href":"https:\/\/vozolpuff.de\/es\/wp-json\/wp\/v2\/product_cat?post=5374"},{"taxonomy":"product_tag","embeddable":true,"href":"https:\/\/vozolpuff.de\/es\/wp-json\/wp\/v2\/product_tag?post=5374"}],"curies":[{"name":"wp","href":"https:\/\/api.w.org\/{rel}","templated":true}]}}