{"id":5414,"date":"2025-09-29T13:48:15","date_gmt":"2025-09-29T11:48:15","guid":{"rendered":"https:\/\/vozolpuff.de\/?post_type=product&#038;p=5414"},"modified":"2025-09-29T13:48:15","modified_gmt":"2025-09-29T11:48:15","slug":"bang-leader-85000-mixed-fruit-mojito-peach-blueberry-raspberry","status":"publish","type":"product","link":"https:\/\/vozolpuff.de\/es\/producto\/bang-leader-85000-mixed-fruit-mojito-peach-blueberry-raspberry\/","title":{"rendered":"Bang Leader 85000 Fruta Mixta\/Mojito Melocot\u00f3n\/Ar\u00e1ndano Frambuesa"},"content":{"rendered":"<h2 class=\"text-xl font-bold text-text-100 mt-1 -mb-0.5\">Bang Leader 85000 Fruta mixta\/Mojito Melocot\u00f3n\/Ar\u00e1ndano Frambuesa Cigarrillo electr\u00f3nico desechable<\/h2>\n<p class=\"whitespace-normal break-words\">El Bang Leader 85000 se presenta como un vaporizador desechable vers\u00e1til con tres sabores que se pueden activar individualmente. Sum\u00e9rgete en la variedad de frutas mixtas (Mixed Fruit), experimenta el refrescante mojito de melocot\u00f3n (Mojito Peach) o disfruta de la combinaci\u00f3n de ar\u00e1ndanos y frambuesas (Blueberry Raspberry). Cada aroma se almacena en una c\u00e1psula separada y se puede seleccionar seg\u00fan se desee. La impresionante potencia de 85 000 caladas es posible gracias a una bater\u00eda recargable de 850 mAh que se puede recargar r\u00e1pidamente gracias a la tecnolog\u00eda Type-C. Una pantalla LED de f\u00e1cil lectura muestra continuamente el estado del dispositivo, mientras que tres sofisticadas bobinas de malla de 1,0 \u03a9 garantizan una excelente experiencia de sabor en todo momento.<\/p>\n<h3 class=\"text-lg font-bold text-text-100 mt-1 -mb-1.5\">Ventajas del producto:<\/h3>\n<p class=\"whitespace-normal break-words\"><strong>N\u00famero r\u00e9cord de trenes<\/strong> \u2013 Con 85 000 caladas, es perfecto para usuarios habituales y vapeadores de larga duraci\u00f3n.<\/p>\n<p class=\"whitespace-normal break-words\"><strong>Tres aromas a elegir<\/strong> \u2013 Cambie con flexibilidad entre la variedad afrutada, el refrescante mojito de melocot\u00f3n y el d\u00fao de bayas.<\/p>\n<p class=\"whitespace-normal break-words\"><strong>Listo para conectar y usar<\/strong> \u2013 56 ml de e-l\u00edquido premium en tres c\u00e1psulas precargadas para disfrutar al instante sin esperas.<\/p>\n<p class=\"whitespace-normal break-words\"><strong>Tecnolog\u00eda de malla de alta calidad<\/strong> \u2013 Tres bobinas de malla de 1,0 \u03a9 proporcionan una producci\u00f3n de vapor uniforme y un sabor puro.<\/p>\n<p class=\"whitespace-normal break-words\"><strong>Pantalla LED informativa<\/strong> \u2013 Mantenga siempre a la vista el estado de la bater\u00eda, el recuento de puffs y el modo de funcionamiento.<\/p>\n<p class=\"whitespace-normal break-words\"><strong>Funci\u00f3n de carga r\u00e1pida<\/strong> \u2013 El conector tipo C garantiza una recarga r\u00e1pida de la bater\u00eda de 850 mAh.<\/p>\n<p class=\"whitespace-normal break-words\"><strong>Elecci\u00f3n individual de nicotina<\/strong> \u2013 Disponible en 0%, 2%, 3% y 5% para una experiencia de vapeo personalizada.<\/p>\n<h3 class=\"text-lg font-bold text-text-100 mt-1 -mb-1.5\">Especificaciones t\u00e9cnicas:<\/h3>\n<p class=\"whitespace-normal break-words\"><strong>Volumen de l\u00edquido:<\/strong> 56 ml<br \/>\n<strong>Movimientos m\u00e1ximos:<\/strong> 85.000 Puffs<br \/>\n<strong>Capacidad de la bater\u00eda:<\/strong> 850mAh<br \/>\n<strong>Contenido de nicotina:<\/strong> 0% \/ 2% \/ 3% \/ 5%<br \/>\n<strong>Vaporizador:<\/strong> 1,0 Ohm \u00d7 3<br \/>\n<strong>Caracter\u00edstica especial:<\/strong> Sistema de triple sabor<br \/>\n<strong>Puerto de carga:<\/strong> Tipo-C<\/p>\n<h3 class=\"text-lg font-bold text-text-100 mt-1 -mb-1.5\">Descubre m\u00e1s BANG VAPE en vozolpuff<\/h3>\n<p class=\"whitespace-normal break-words\">Explore nuestra amplia gama de productos en <strong><a class=\"underline\" href=\"https:\/\/vozolpuff.de\/es\/\">Tienda en l\u00ednea de cigarrillos electr\u00f3nicos<\/a><\/strong>, eche un vistazo a toda la <strong><a class=\"underline\" href=\"https:\/\/vozolpuff.de\/es\/product-category\/bang-vape\/\">Selecci\u00f3n BANG VAPE<\/a><\/strong> o elija entre todos <strong><a class=\"underline\" href=\"https:\/\/vozolpuff.de\/es\/product-category\/bang-vape\/bang-leader-85000\/\">Bang Leader 85000 variaciones de sabores<\/a><\/strong>.<\/p>","protected":false},"excerpt":{"rendered":"<p class=\"whitespace-normal break-words\">El Bang Leader 85000 Mixed Fruit\/Mojito Peach\/Blueberry Raspberry te encantar\u00e1 con tres sabores extraordinarios en un dispositivo premium. Disfrute de la variedad de frutas mixtas, el refrescante mojito de melocot\u00f3n y el ar\u00e1ndano y frambuesa. Con 85 000 caladas excepcionales, pantalla LED inteligente, bater\u00eda de 850 mAh y tres bobinas de malla de alta calidad para un disfrute intenso del vapor.<\/p>","protected":false},"featured_media":5417,"comment_status":"open","ping_status":"closed","template":"","meta":{"_acf_changed":false},"product_brand":[],"product_cat":[66],"product_tag":[],"class_list":{"0":"post-5414","1":"product","2":"type-product","3":"status-publish","4":"has-post-thumbnail","6":"product_cat-bang-leader-85000","8":"first","9":"instock","10":"shipping-taxable","11":"purchasable","12":"product-type-variable"},"acf":[],"_links":{"self":[{"href":"https:\/\/vozolpuff.de\/es\/wp-json\/wp\/v2\/product\/5414","targetHints":{"allow":["GET"]}}],"collection":[{"href":"https:\/\/vozolpuff.de\/es\/wp-json\/wp\/v2\/product"}],"about":[{"href":"https:\/\/vozolpuff.de\/es\/wp-json\/wp\/v2\/types\/product"}],"replies":[{"embeddable":true,"href":"https:\/\/vozolpuff.de\/es\/wp-json\/wp\/v2\/comments?post=5414"}],"wp:featuredmedia":[{"embeddable":true,"href":"https:\/\/vozolpuff.de\/es\/wp-json\/wp\/v2\/media\/5417"}],"wp:attachment":[{"href":"https:\/\/vozolpuff.de\/es\/wp-json\/wp\/v2\/media?parent=5414"}],"wp:term":[{"taxonomy":"product_brand","embeddable":true,"href":"https:\/\/vozolpuff.de\/es\/wp-json\/wp\/v2\/product_brand?post=5414"},{"taxonomy":"product_cat","embeddable":true,"href":"https:\/\/vozolpuff.de\/es\/wp-json\/wp\/v2\/product_cat?post=5414"},{"taxonomy":"product_tag","embeddable":true,"href":"https:\/\/vozolpuff.de\/es\/wp-json\/wp\/v2\/product_tag?post=5414"}],"curies":[{"name":"wp","href":"https:\/\/api.w.org\/{rel}","templated":true}]}}