{"id":5422,"date":"2025-09-29T13:52:02","date_gmt":"2025-09-29T11:52:02","guid":{"rendered":"https:\/\/vozolpuff.de\/?post_type=product&#038;p=5422"},"modified":"2025-09-29T13:52:03","modified_gmt":"2025-09-29T11:52:03","slug":"bang-leader-85000-black-dragon-ice-marshmallow-summer-dream","status":"publish","type":"product","link":"https:\/\/vozolpuff.de\/es\/producto\/bang-leader-85000-black-dragon-ice-marshmallow-summer-dream\/","title":{"rendered":"Bang Leader 85000 Black Dragon Ice\/Marshmallow\/Summer Dream"},"content":{"rendered":"<h2 class=\"text-xl font-bold text-text-100 mt-1 -mb-0.5\">Bang Leader 85000 Black Dragon Ice\/Marshmallow\/Summer Dream Cigarrillo electr\u00f3nico desechable<\/h2>\n<p class=\"whitespace-normal break-words\">El Bang Leader 85000 es un innovador vaporizador desechable con tres aromas controlables por separado. Disfrute del m\u00edstico Black Dragon Ice, el dulce aroma a malvavisco o el Summer Dream: cada sabor se encuentra en su propio cartucho y se puede activar individualmente. La impresionante autonom\u00eda de 85 000 caladas convierte a este dispositivo en el compa\u00f1ero ideal para los usuarios exigentes. La bater\u00eda integrada de 850 mAh se puede recargar r\u00e1pidamente a trav\u00e9s del conector tipo C. La moderna pantalla LED le informa continuamente sobre todos los datos importantes del dispositivo, mientras que tres bobinas de malla de 1,0 \u03a9 especialmente desarrolladas garantizan una calidad de vapor excelente e intensos aromas.<\/p>\n<h3 class=\"text-lg font-bold text-text-100 mt-1 -mb-1.5\">Ventajas del producto:<\/h3>\n<p class=\"whitespace-normal break-words\"><strong>Extrema durabilidad<\/strong> \u2013 85 000 caladas proporcionan semanas de disfrute para los usuarios intensivos.<\/p>\n<p class=\"whitespace-normal break-words\"><strong>Tres perfiles de sabor exclusivos<\/strong> \u2013 Cambia a tu gusto entre el m\u00edstico Black Dragon Ice, el cremoso Marshmallow y el arom\u00e1tico Summer.<\/p>\n<p class=\"whitespace-normal break-words\"><strong>Listo para usar sin configuraci\u00f3n<\/strong> \u2013 56 ml de e-l\u00edquido de primera calidad repartidos en tres c\u00e1psulas para empezar de inmediato.<\/p>\n<p class=\"whitespace-normal break-words\"><strong>Bobinas de malla avanzadas<\/strong> \u2013 Tres bobinas de malla de 1,0 \u03a9 proporcionan un vapor voluminoso y una reproducci\u00f3n aut\u00e9ntica del sabor.<\/p>\n<p class=\"whitespace-normal break-words\"><strong>Pantalla digital de estado<\/strong> \u2013 La pantalla inteligente muestra con precisi\u00f3n el nivel de bater\u00eda, el n\u00famero de tracciones y el modo de funcionamiento.<\/p>\n<p class=\"whitespace-normal break-words\"><strong>Carga r\u00e1pida Tipo-C<\/strong> \u2013 La bater\u00eda de 850 mAh se recarga r\u00e1pidamente a trav\u00e9s del moderno puerto tipo C.<\/p>\n<p class=\"whitespace-normal break-words\"><strong>Potencias de nicotina flexibles<\/strong> \u2013 Se puede elegir entre 0%, 2%, 3% y 5%, seg\u00fan las preferencias.<\/p>\n<h3 class=\"text-lg font-bold text-text-100 mt-1 -mb-1.5\">Especificaciones t\u00e9cnicas:<\/h3>\n<p class=\"whitespace-normal break-words\"><strong>Volumen de l\u00edquido:<\/strong> 56 ml<br \/>\n<strong>Movimientos m\u00e1ximos:<\/strong> 85.000 Puffs<br \/>\n<strong>Capacidad de la bater\u00eda:<\/strong> 850mAh<br \/>\n<strong>Contenido de nicotina:<\/strong> 0% \/ 2% \/ 3% \/ 5%<br \/>\n<strong>Vaporizador:<\/strong> 1,0 Ohm \u00d7 3<br \/>\n<strong>Caracter\u00edstica especial:<\/strong> Sistema de triple sabor<br \/>\n<strong>Puerto de carga:<\/strong> Tipo-C<\/p>\n<h3 class=\"text-lg font-bold text-text-100 mt-1 -mb-1.5\">Descubre m\u00e1s BANG VAPE en vozolpuff<\/h3>\n<p class=\"whitespace-normal break-words\">Explore nuestra amplia gama <strong><a class=\"underline\" href=\"https:\/\/vozolpuff.de\/es\/\">Tienda en l\u00ednea de cigarrillos electr\u00f3nicos<\/a><\/strong>descubra la <strong><a class=\"underline\" href=\"https:\/\/vozolpuff.de\/es\/product-category\/bang-vape\/\">Colecci\u00f3n BANG VAPE<\/a><\/strong> o eche un vistazo a todos <strong><a class=\"underline\" href=\"https:\/\/vozolpuff.de\/es\/product-category\/bang-vape\/bang-leader-85000\/\">Bang Leader 85000 variantes de sabor<\/a><\/strong> a.<\/p>","protected":false},"excerpt":{"rendered":"<p class=\"whitespace-normal break-words\">El Bang Leader 85000 Black Dragon Ice\/Marshmallow\/Summer Dream convence con tres sabores \u00fanicos en un dispositivo premium. Disfrute del m\u00edstico Black Dragon Ice, el dulce Marshmallow y el so\u00f1ador Summer Dream. Con 85 000 caladas excepcionales, pantalla LED inteligente, bater\u00eda de 850 mAh y tres potentes bobinas de malla para disfrutar al m\u00e1ximo del vapor.<\/p>","protected":false},"featured_media":5425,"comment_status":"open","ping_status":"closed","template":"","meta":{"_acf_changed":false},"product_brand":[],"product_cat":[66],"product_tag":[],"class_list":{"0":"post-5422","1":"product","2":"type-product","3":"status-publish","4":"has-post-thumbnail","6":"product_cat-bang-leader-85000","8":"first","9":"instock","10":"shipping-taxable","11":"purchasable","12":"product-type-variable"},"acf":[],"_links":{"self":[{"href":"https:\/\/vozolpuff.de\/es\/wp-json\/wp\/v2\/product\/5422","targetHints":{"allow":["GET"]}}],"collection":[{"href":"https:\/\/vozolpuff.de\/es\/wp-json\/wp\/v2\/product"}],"about":[{"href":"https:\/\/vozolpuff.de\/es\/wp-json\/wp\/v2\/types\/product"}],"replies":[{"embeddable":true,"href":"https:\/\/vozolpuff.de\/es\/wp-json\/wp\/v2\/comments?post=5422"}],"wp:featuredmedia":[{"embeddable":true,"href":"https:\/\/vozolpuff.de\/es\/wp-json\/wp\/v2\/media\/5425"}],"wp:attachment":[{"href":"https:\/\/vozolpuff.de\/es\/wp-json\/wp\/v2\/media?parent=5422"}],"wp:term":[{"taxonomy":"product_brand","embeddable":true,"href":"https:\/\/vozolpuff.de\/es\/wp-json\/wp\/v2\/product_brand?post=5422"},{"taxonomy":"product_cat","embeddable":true,"href":"https:\/\/vozolpuff.de\/es\/wp-json\/wp\/v2\/product_cat?post=5422"},{"taxonomy":"product_tag","embeddable":true,"href":"https:\/\/vozolpuff.de\/es\/wp-json\/wp\/v2\/product_tag?post=5422"}],"curies":[{"name":"wp","href":"https:\/\/api.w.org\/{rel}","templated":true}]}}