{"id":5438,"date":"2025-09-29T13:57:06","date_gmt":"2025-09-29T11:57:06","guid":{"rendered":"https:\/\/vozolpuff.de\/?post_type=product&#038;p=5438"},"modified":"2025-09-29T13:57:06","modified_gmt":"2025-09-29T11:57:06","slug":"bang-leader-85000-strawberry-watermelon-cherry-coke-strawberry-cream","status":"publish","type":"product","link":"https:\/\/vozolpuff.de\/es\/producto\/bang-leader-85000-strawberry-watermelon-cherry-coke-strawberry-cream\/","title":{"rendered":"Bang Leader 85000 Sand\u00eda fresa\/Coca Cola de cereza\/Crema de fresa"},"content":{"rendered":"<h2 class=\"text-xl font-bold text-text-100 mt-1 -mb-0.5\">Bang Leader 85000 e-cigarrillo desechable Strawberry Watermelon\/Cherry Coke\/Strawberry Cream<\/h2>\n<p class=\"whitespace-normal break-words\">Bang Leader 85000 representa la innovaci\u00f3n y la calidad con su exclusivo concepto de tres sabores. Sum\u00e9rjase en la combinaci\u00f3n de fresa y sand\u00eda (Strawberry Watermelon), experimente la chispeante cereza cola (Cherry Coke) o disfrute de la cremosa fresa (Strawberry Cream): los tres sabores en un elegante aparato. Cada sabor est\u00e1 contenido en su propia c\u00e1psula y puede activarse individualmente. El extraordinario rendimiento de 85.000 caladas posibles est\u00e1 respaldado por una robusta bater\u00eda de 850 mAh que puede recargarse r\u00e1pidamente a trav\u00e9s de Type-C. La pantalla LED integrada muestra claramente toda la informaci\u00f3n relevante, mientras que tres bobinas de malla de 1,0\u03a9 ajustadas con precisi\u00f3n garantizan una calidad de vapor excelente y constante.<\/p>\n<h3 class=\"text-lg font-bold text-text-100 mt-1 -mb-1.5\">Ventajas del producto:<\/h3>\n<p class=\"whitespace-normal break-words\"><strong>N\u00famero inigualable de trenes<\/strong> - Con 85.000 caladas, es ideal para todos aquellos que valoran la m\u00e1xima autonom\u00eda.<\/p>\n<p class=\"whitespace-normal break-words\"><strong>Tres mundos de sabores seleccionables<\/strong> - Cambia sin esfuerzo entre la afrutada fresa-mel\u00f3n, la \u00e1cida cereza Coca-Cola y la cremosa fresa.<\/p>\n<p class=\"whitespace-normal break-words\"><strong>Listo para vapear<\/strong> - 56 ml de e-l\u00edquido de primera calidad en tres tanques precargados garantizan un disfrute inmediato sin preparaci\u00f3n.<\/p>\n<p class=\"whitespace-normal break-words\"><strong>Tecnolog\u00eda avanzada de bobinas<\/strong> - Tres bobinas de malla de 1,0\u03a9 proporcionan un vapor voluminoso y una clara definici\u00f3n del sabor.<\/p>\n<p class=\"whitespace-normal break-words\"><strong>Interfaz de visualizaci\u00f3n inteligente<\/strong> - Todos los datos importantes, como el estado de la bater\u00eda y las estad\u00edsticas de uso, de un vistazo.<\/p>\n<p class=\"whitespace-normal break-words\"><strong>Bater\u00eda de carga r\u00e1pida<\/strong> - Bater\u00eda de 850 mAh de capacidad con puerto Type-C para una recarga r\u00e1pida.<\/p>\n<p class=\"whitespace-normal break-words\"><strong>Potencia de nicotina personalizable<\/strong> - Disponible en 0%, 2%, 3% y 5% para una experiencia de vapor individual.<\/p>\n<h3 class=\"text-lg font-bold text-text-100 mt-1 -mb-1.5\">Especificaciones t\u00e9cnicas:<\/h3>\n<p class=\"whitespace-normal break-words\"><strong>Volumen de l\u00edquido:<\/strong> 56 ml<br \/>\n<strong>Movimientos m\u00e1ximos:<\/strong> 85.000 Puffs<br \/>\n<strong>Capacidad de la bater\u00eda:<\/strong> 850mAh<br \/>\n<strong>Contenido de nicotina:<\/strong> 0% \/ 2% \/ 3% \/ 5%<br \/>\n<strong>Vaporizador:<\/strong> 1,0 Ohm \u00d7 3<br \/>\n<strong>Caracter\u00edstica especial:<\/strong> Sistema de triple sabor<br \/>\n<strong>Puerto de carga:<\/strong> Tipo-C<\/p>\n<h3 class=\"text-lg font-bold text-text-100 mt-1 -mb-1.5\">Descubre m\u00e1s BANG VAPE en vozolpuff<\/h3>\n<p class=\"whitespace-normal break-words\">Descubra m\u00e1s productos de primera clase en nuestra <strong><a class=\"underline\" href=\"https:\/\/vozolpuff.de\/es\/\">Tienda en l\u00ednea de cigarrillos electr\u00f3nicos<\/a><\/strong>Explore toda la <strong><a class=\"underline\" href=\"https:\/\/vozolpuff.de\/es\/product-category\/bang-vape\/\">Gama BANG VAPE<\/a><\/strong> o eche un vistazo a todos <strong><a class=\"underline\" href=\"https:\/\/vozolpuff.de\/es\/product-category\/bang-vape\/bang-leader-85000\/\">Bang Leader 85000 opciones de sabor<\/a><\/strong> a.<\/p>","protected":false},"excerpt":{"rendered":"<p class=\"whitespace-normal break-words\">El Bang Leader 85000 Strawberry Watermelon\/Cherry Coke\/Strawberry Cream impresiona con tres sabores de primera clase en un dispositivo premium. Experimenta el sabor afrutado de la Sand\u00eda, el cosquilleo de la Coca-Cola de Cereza y la cremosa Crema de Fresa. Con 85.000 caladas, pantalla LED inteligente, bater\u00eda de 850mAh y tres potentes bobinas de malla para disfrutar de un vapor intenso.<\/p>","protected":false},"featured_media":5441,"comment_status":"open","ping_status":"closed","template":"","meta":{"_acf_changed":false},"product_brand":[],"product_cat":[66],"product_tag":[],"class_list":{"0":"post-5438","1":"product","2":"type-product","3":"status-publish","4":"has-post-thumbnail","6":"product_cat-bang-leader-85000","8":"first","9":"instock","10":"shipping-taxable","11":"purchasable","12":"product-type-variable"},"acf":[],"_links":{"self":[{"href":"https:\/\/vozolpuff.de\/es\/wp-json\/wp\/v2\/product\/5438","targetHints":{"allow":["GET"]}}],"collection":[{"href":"https:\/\/vozolpuff.de\/es\/wp-json\/wp\/v2\/product"}],"about":[{"href":"https:\/\/vozolpuff.de\/es\/wp-json\/wp\/v2\/types\/product"}],"replies":[{"embeddable":true,"href":"https:\/\/vozolpuff.de\/es\/wp-json\/wp\/v2\/comments?post=5438"}],"wp:featuredmedia":[{"embeddable":true,"href":"https:\/\/vozolpuff.de\/es\/wp-json\/wp\/v2\/media\/5441"}],"wp:attachment":[{"href":"https:\/\/vozolpuff.de\/es\/wp-json\/wp\/v2\/media?parent=5438"}],"wp:term":[{"taxonomy":"product_brand","embeddable":true,"href":"https:\/\/vozolpuff.de\/es\/wp-json\/wp\/v2\/product_brand?post=5438"},{"taxonomy":"product_cat","embeddable":true,"href":"https:\/\/vozolpuff.de\/es\/wp-json\/wp\/v2\/product_cat?post=5438"},{"taxonomy":"product_tag","embeddable":true,"href":"https:\/\/vozolpuff.de\/es\/wp-json\/wp\/v2\/product_tag?post=5438"}],"curies":[{"name":"wp","href":"https:\/\/api.w.org\/{rel}","templated":true}]}}