{"id":5462,"date":"2025-09-29T14:06:27","date_gmt":"2025-09-29T12:06:27","guid":{"rendered":"https:\/\/vozolpuff.de\/?post_type=product&#038;p=5462"},"modified":"2025-09-29T14:06:27","modified_gmt":"2025-09-29T12:06:27","slug":"bang-leader-85000-love-666-blueberry-raspberry-vimto","status":"publish","type":"product","link":"https:\/\/vozolpuff.de\/es\/producto\/bang-leader-85000-love-666-blueberry-raspberry-vimto\/","title":{"rendered":"Bang Leader 85000 Love 666\/Ar\u00e1ndano Frambuesa\/Vimto"},"content":{"rendered":"<h2 class=\"text-xl font-bold text-text-100 mt-1 -mb-0.5\">Bang Leader 85000 Love 666\/Azul Frambuesa\/Vimto e-cigarrillo desechable<\/h2>\n<p class=\"whitespace-normal break-words\">El Bang Leader 85000 es un innovador vapeador desechable con un sistema \u00fanico de tres sabores y aromas excepcionales. Experimente el misterioso Love 666, la cl\u00e1sica combinaci\u00f3n de ar\u00e1ndano y frambuesa (Blueberry Raspberry) o el popular sabor Vimto - tres sabores independientes en un elegante dispositivo. Cada sabor est\u00e1 contenido en una vaina precargada y puede seleccionarse individualmente. La extraordinaria capacidad de 85.000 caladas es posible gracias a una robusta bater\u00eda de 850 mAh, que puede recargarse r\u00e1pidamente gracias a la tecnolog\u00eda Type-C. La moderna pantalla LED muestra continuamente toda la informaci\u00f3n importante del dispositivo, mientras que tres bobinas de malla de 1,0\u03a9 especialmente desarrolladas garantizan experiencias de sabor intensas y constantes.<\/p>\n<h3 class=\"text-lg font-bold text-text-100 mt-1 -mb-1.5\">Ventajas del producto:<\/h3>\n<p class=\"whitespace-normal break-words\"><strong>Capacidad de tracci\u00f3n extrema<\/strong> - Con 85.000 caladas, perfecto para usuarios frecuentes que esperan la m\u00e1xima resistencia.<\/p>\n<p class=\"whitespace-normal break-words\"><strong>Tres perfiles de sabor exclusivos<\/strong> - Elija entre la exclusiva Love 666, la afrutada de ar\u00e1ndanos y frambuesa y la cl\u00e1sica Vimto.<\/p>\n<p class=\"whitespace-normal break-words\"><strong>Listo para su uso inmediato<\/strong> - 56 ml de e-l\u00edquido premium en tres c\u00e1psulas garantizan un inicio directo del vapor sin tiempo de espera.<\/p>\n<p class=\"whitespace-normal break-words\"><strong>Vaporizador de malla de alto rendimiento<\/strong> - Tres bobinas de malla de 1,0\u03a9 proporcionan un vapor voluminoso y matices de sabor n\u00edtidos.<\/p>\n<p class=\"whitespace-normal break-words\"><strong>Tecnolog\u00eda de visualizaci\u00f3n inteligente<\/strong> - Controla el nivel de bater\u00eda, el n\u00famero de trenes y el estado de funcionamiento en la n\u00edtida pantalla inteligente.<\/p>\n<p class=\"whitespace-normal break-words\"><strong>Funci\u00f3n de carga r\u00e1pida<\/strong> - La bater\u00eda de 850 mAh se carga de forma r\u00e1pida y eficiente a trav\u00e9s del puerto Type-C.<\/p>\n<p class=\"whitespace-normal break-words\"><strong>Potencias de nicotina flexibles<\/strong> - Disponible en 0%, 2%, 3% y 5% en funci\u00f3n de las necesidades individuales.<\/p>\n<h3 class=\"text-lg font-bold text-text-100 mt-1 -mb-1.5\">Especificaciones t\u00e9cnicas:<\/h3>\n<p class=\"whitespace-normal break-words\"><strong>Volumen de l\u00edquido:<\/strong> 56 ml<br \/>\n<strong>Movimientos m\u00e1ximos:<\/strong> 85.000 Puffs<br \/>\n<strong>Capacidad de la bater\u00eda:<\/strong> 850mAh<br \/>\n<strong>Contenido de nicotina:<\/strong> 0% \/ 2% \/ 3% \/ 5%<br \/>\n<strong>Vaporizador:<\/strong> 1,0 Ohm \u00d7 3<br \/>\n<strong>Caracter\u00edstica especial:<\/strong> Sistema de triple sabor<br \/>\n<strong>Puerto de carga:<\/strong> Tipo-C<\/p>\n<h3 class=\"text-lg font-bold text-text-100 mt-1 -mb-1.5\">Descubre m\u00e1s BANG VAPE en vozolpuff<\/h3>\n<p class=\"whitespace-normal break-words\">Explore otros productos destacados en nuestra <strong><a class=\"underline\" href=\"https:\/\/vozolpuff.de\/es\/\">Tienda en l\u00ednea de cigarrillos electr\u00f3nicos<\/a><\/strong>descubra la <strong><a class=\"underline\" href=\"https:\/\/vozolpuff.de\/es\/product-category\/bang-vape\/\">L\u00ednea de productos BANG VAPE<\/a><\/strong> o eche un vistazo a todos <strong><a class=\"underline\" href=\"https:\/\/vozolpuff.de\/es\/product-category\/bang-vape\/bang-leader-85000\/\">Bang Leader 85000 variaciones de sabor<\/a><\/strong> a.<\/p>","protected":false},"excerpt":{"rendered":"<p class=\"whitespace-normal break-words\">El Bang Leader 85000 Love 666\/Blueberry Raspberry\/Vimto inspira con tres sabores \u00fanicos en un dispositivo premium. Experimenta el m\u00edstico Love 666, el afrutado Blueberry Raspberry y el cl\u00e1sico Vimto. Con unas impresionantes 85.000 caladas, pantalla LED inteligente, bater\u00eda de 850mAh y tres potentes bobinas de malla para disfrutar al m\u00e1ximo del vapor al m\u00e1s alto nivel.<\/p>","protected":false},"featured_media":5465,"comment_status":"open","ping_status":"closed","template":"","meta":{"_acf_changed":false},"product_brand":[],"product_cat":[66],"product_tag":[],"class_list":{"0":"post-5462","1":"product","2":"type-product","3":"status-publish","4":"has-post-thumbnail","6":"product_cat-bang-leader-85000","8":"first","9":"instock","10":"shipping-taxable","11":"purchasable","12":"product-type-variable"},"acf":[],"_links":{"self":[{"href":"https:\/\/vozolpuff.de\/es\/wp-json\/wp\/v2\/product\/5462","targetHints":{"allow":["GET"]}}],"collection":[{"href":"https:\/\/vozolpuff.de\/es\/wp-json\/wp\/v2\/product"}],"about":[{"href":"https:\/\/vozolpuff.de\/es\/wp-json\/wp\/v2\/types\/product"}],"replies":[{"embeddable":true,"href":"https:\/\/vozolpuff.de\/es\/wp-json\/wp\/v2\/comments?post=5462"}],"wp:featuredmedia":[{"embeddable":true,"href":"https:\/\/vozolpuff.de\/es\/wp-json\/wp\/v2\/media\/5465"}],"wp:attachment":[{"href":"https:\/\/vozolpuff.de\/es\/wp-json\/wp\/v2\/media?parent=5462"}],"wp:term":[{"taxonomy":"product_brand","embeddable":true,"href":"https:\/\/vozolpuff.de\/es\/wp-json\/wp\/v2\/product_brand?post=5462"},{"taxonomy":"product_cat","embeddable":true,"href":"https:\/\/vozolpuff.de\/es\/wp-json\/wp\/v2\/product_cat?post=5462"},{"taxonomy":"product_tag","embeddable":true,"href":"https:\/\/vozolpuff.de\/es\/wp-json\/wp\/v2\/product_tag?post=5462"}],"curies":[{"name":"wp","href":"https:\/\/api.w.org\/{rel}","templated":true}]}}