{"id":573,"date":"2025-08-23T12:02:16","date_gmt":"2025-08-23T10:02:16","guid":{"rendered":"https:\/\/vozolpuff.de\/?post_type=product&#038;p=573"},"modified":"2026-01-15T12:00:34","modified_gmt":"2026-01-15T11:00:34","slug":"vozol-star-40000-strawberry-kiwi","status":"publish","type":"product","link":"https:\/\/vozolpuff.de\/es\/producto\/vozol-star-40000-strawberry-kiwi\/","title":{"rendered":"VOZOL STAR 40000 Fresa Kiwi"},"content":{"rendered":"<h2 class=\"text-xl font-bold text-text-100 mt-1 -mb-0.5\">VOZOL STAR 40000 Vape Desechable Fresa Kiwi<\/h2>\n<p class=\"whitespace-normal break-words\">Sum\u00e9rjase en sabores tropicales con el <strong>VOZOL STAR 40000 Fresa Kiwi<\/strong>. Este exquisito cigarrillo electr\u00f3nico desechable combina las dulces fresas con el ex\u00f3tico aroma del kiwi para ofrecer una experiencia de vapeo afrutada. <strong>40.000 trenes<\/strong>.<\/p>\n<h3 class=\"text-xl font-bold text-text-100 mt-1 -mb-0.5\">Perfil de sabor ex\u00f3tico<\/h3>\n<p class=\"whitespace-normal break-words\"><strong>Sabor:<\/strong> Mezcla de fresa y kiwi<br \/>\n<strong>Recuento de puff:<\/strong> Hasta 40.000 trenes<br \/>\n<strong>Capacidad de la bater\u00eda:<\/strong> 1000 mAh de potencia continua<br \/>\n<strong>Contenido de nicotina:<\/strong> 50mg\/ml<\/p>\n<p class=\"whitespace-normal break-words\">La dulzura de las fresas maduras armoniza a la perfecci\u00f3n con la frescura \u00e1cida de los kiwis tropicales. Esta combinaci\u00f3n de sabores es suministrada de forma continua e intensa por la fiable bater\u00eda de 1000 mAh.<\/p>\n<h3 class=\"text-xl font-bold text-text-100 mt-1 -mb-0.5\">Experiencia de vapor tropical<\/h3>\n<p class=\"whitespace-normal break-words\">Estos <strong>Cigarrillo electr\u00f3nico desechable Strawberry Kiwi<\/strong> atrae a los amantes de las mezclas de frutas ex\u00f3ticas. El equilibrio entre dulzor y acidez convierte cada calada en una experiencia de sabor especial.<\/p>\n<p class=\"whitespace-normal break-words\"><strong>Caracter\u00edsticas del producto:<\/strong> Armoniosa mezcla de frutas, intensidad de sabor duradera, m\u00e1xima vida \u00fatil, uso sin complicaciones y calidad premium VOZOL para un disfrute \u00f3ptimo del vapeo.<\/p>\n<p class=\"whitespace-normal break-words\">Visite nuestro <strong><a class=\"underline\" href=\"https:\/\/vozolpuff.de\/es\/\">Tienda de cigarrillos electr\u00f3nicos<\/a><\/strong>navegue por nuestra <strong><a class=\"underline\" href=\"https:\/\/vozolpuff.de\/es\/product-category\/vozol-vape\/\">Gama de productos VOZOL VAPE<\/a><\/strong> o descubra toda la <strong><a class=\"underline\" href=\"https:\/\/vozolpuff.de\/es\/product-category\/vozol-vape\/vozol-star-40000\/\">VOZOL Star 40000 Variedad de sabores<\/a><\/strong>.<\/p>","protected":false},"excerpt":{"rendered":"<p>El vapeador desechable VOZOL STAR 40000 Strawberry Kiwi ofrece una ex\u00f3tica mezcla de fresas dulces y kiwis \u00e1cidos. Este e-cigarrillo desechable premium ofrece hasta 40.000 caladas, bater\u00eda de 1000mAh y 50mg\/ml de nicotina. Armon\u00eda de frutas tropicales para un aut\u00e9ntico disfrute del vapor.<\/p>","protected":false},"featured_media":575,"comment_status":"open","ping_status":"closed","template":"","meta":{"_acf_changed":false},"product_brand":[],"product_cat":[29],"product_tag":[],"class_list":{"0":"post-573","1":"product","2":"type-product","3":"status-publish","4":"has-post-thumbnail","6":"product_cat-vozol-star-40000","8":"first","9":"instock","10":"shipping-taxable","11":"purchasable","12":"product-type-variable"},"acf":[],"_links":{"self":[{"href":"https:\/\/vozolpuff.de\/es\/wp-json\/wp\/v2\/product\/573","targetHints":{"allow":["GET"]}}],"collection":[{"href":"https:\/\/vozolpuff.de\/es\/wp-json\/wp\/v2\/product"}],"about":[{"href":"https:\/\/vozolpuff.de\/es\/wp-json\/wp\/v2\/types\/product"}],"replies":[{"embeddable":true,"href":"https:\/\/vozolpuff.de\/es\/wp-json\/wp\/v2\/comments?post=573"}],"wp:featuredmedia":[{"embeddable":true,"href":"https:\/\/vozolpuff.de\/es\/wp-json\/wp\/v2\/media\/575"}],"wp:attachment":[{"href":"https:\/\/vozolpuff.de\/es\/wp-json\/wp\/v2\/media?parent=573"}],"wp:term":[{"taxonomy":"product_brand","embeddable":true,"href":"https:\/\/vozolpuff.de\/es\/wp-json\/wp\/v2\/product_brand?post=573"},{"taxonomy":"product_cat","embeddable":true,"href":"https:\/\/vozolpuff.de\/es\/wp-json\/wp\/v2\/product_cat?post=573"},{"taxonomy":"product_tag","embeddable":true,"href":"https:\/\/vozolpuff.de\/es\/wp-json\/wp\/v2\/product_tag?post=573"}],"curies":[{"name":"wp","href":"https:\/\/api.w.org\/{rel}","templated":true}]}}