{"id":579,"date":"2025-08-23T12:04:50","date_gmt":"2025-08-23T10:04:50","guid":{"rendered":"https:\/\/vozolpuff.de\/?post_type=product&#038;p=579"},"modified":"2026-01-15T12:00:21","modified_gmt":"2026-01-15T11:00:21","slug":"vozol-star-40000-strawberry-watermelon","status":"publish","type":"product","link":"https:\/\/vozolpuff.de\/es\/producto\/vozol-star-40000-strawberry-watermelon\/","title":{"rendered":"VOZOL STAR 40000 Fresa Sand\u00eda"},"content":{"rendered":"<h2 class=\"text-xl font-bold text-text-100 mt-1 -mb-0.5\">VOZOL STAR 40000 Vape Desechable Sand\u00eda Fresa<\/h2>\n<p class=\"whitespace-normal break-words\">Experimente la frescura del verano con el <strong>VOZOL STAR 40000 Fresa Sand\u00eda<\/strong>. Este e-cigarrillo desechable de primera clase combina fresas aromatizadas con jugosa sand\u00eda para un refrescante disfrute del vapor con hasta <strong>40.000 trenes<\/strong>.<\/p>\n<h3 class=\"text-xl font-bold text-text-100 mt-1 -mb-0.5\">Fusi\u00f3n de sabores veraniegos<\/h3>\n<p class=\"whitespace-normal break-words\"><strong>Sabor:<\/strong> Mezcla de fresa y sand\u00eda<br \/>\n<strong>Volumen de tracci\u00f3n:<\/strong> Hasta 40.000 trenes<br \/>\n<strong>Almacenamiento de energ\u00eda:<\/strong> Bater\u00eda de litio de 1000 mAh<br \/>\n<strong>concentraci\u00f3n de nicotina:<\/strong> 50mg\/ml<\/p>\n<p class=\"whitespace-normal break-words\">Las dulces fresas del jard\u00edn se fusionan con el mel\u00f3n fresco y acuoso para crear un \u00e9xito veraniego. La potente bater\u00eda recargable garantiza que esta sinfon\u00eda de sabores dure toda la vida \u00fatil del producto.<\/p>\n<h3 class=\"text-xl font-bold text-text-100 mt-1 -mb-0.5\">Refrescante composici\u00f3n frutal<\/h3>\n<p class=\"whitespace-normal break-words\">Estos <strong>Cigarrillo electr\u00f3nico desechable Sand\u00eda fresa<\/strong> se caracteriza por su dulzor natural sin una intensidad abrumadora. Perfecto para los d\u00edas c\u00e1lidos o como alternativa refrescante a los sabores fuertes.<\/p>\n<p class=\"whitespace-normal break-words\"><strong>Propiedades:<\/strong> Dulzor equilibrado de la fruta, profundidad natural del sabor, capacidad r\u00e9cord, manejo sencillo y procesamiento VOZOL de primera clase.<\/p>\n<p class=\"whitespace-normal break-words\">Navegue por nuestra <strong><a class=\"underline\" href=\"https:\/\/vozolpuff.de\/es\/\">Gama de vaporizadores<\/a><\/strong>Explore toda la <strong><a class=\"underline\" href=\"https:\/\/vozolpuff.de\/es\/product-category\/vozol-vape\/\">Serie VOZOL VAPE<\/a><\/strong> o elija entre todos <strong><a class=\"underline\" href=\"https:\/\/vozolpuff.de\/es\/product-category\/vozol-vape\/vozol-star-40000\/\">Variantes de VOZOL Star 40000<\/a><\/strong>.<\/p>","protected":false},"excerpt":{"rendered":"<p>VOZOL STAR 40000 Strawberry Watermelon es un vapeador desechable que combina dulces fresas con jugosa sand\u00eda para un frescor veraniego. Este e-cigarrillo desechable premium ofrece hasta 40.000 caladas, bater\u00eda de 1000mAh y 50mg\/ml de nicotina. La dulzura natural de la fruta se combina con un sabor refrescante.<\/p>","protected":false},"featured_media":581,"comment_status":"open","ping_status":"closed","template":"","meta":{"_acf_changed":false},"product_brand":[],"product_cat":[29],"product_tag":[],"class_list":{"0":"post-579","1":"product","2":"type-product","3":"status-publish","4":"has-post-thumbnail","6":"product_cat-vozol-star-40000","8":"first","9":"instock","10":"shipping-taxable","11":"purchasable","12":"product-type-variable"},"acf":[],"_links":{"self":[{"href":"https:\/\/vozolpuff.de\/es\/wp-json\/wp\/v2\/product\/579","targetHints":{"allow":["GET"]}}],"collection":[{"href":"https:\/\/vozolpuff.de\/es\/wp-json\/wp\/v2\/product"}],"about":[{"href":"https:\/\/vozolpuff.de\/es\/wp-json\/wp\/v2\/types\/product"}],"replies":[{"embeddable":true,"href":"https:\/\/vozolpuff.de\/es\/wp-json\/wp\/v2\/comments?post=579"}],"wp:featuredmedia":[{"embeddable":true,"href":"https:\/\/vozolpuff.de\/es\/wp-json\/wp\/v2\/media\/581"}],"wp:attachment":[{"href":"https:\/\/vozolpuff.de\/es\/wp-json\/wp\/v2\/media?parent=579"}],"wp:term":[{"taxonomy":"product_brand","embeddable":true,"href":"https:\/\/vozolpuff.de\/es\/wp-json\/wp\/v2\/product_brand?post=579"},{"taxonomy":"product_cat","embeddable":true,"href":"https:\/\/vozolpuff.de\/es\/wp-json\/wp\/v2\/product_cat?post=579"},{"taxonomy":"product_tag","embeddable":true,"href":"https:\/\/vozolpuff.de\/es\/wp-json\/wp\/v2\/product_tag?post=579"}],"curies":[{"name":"wp","href":"https:\/\/api.w.org\/{rel}","templated":true}]}}