{"id":592,"date":"2025-08-23T12:10:34","date_gmt":"2025-08-23T10:10:34","guid":{"rendered":"https:\/\/vozolpuff.de\/?post_type=product&#038;p=592"},"modified":"2026-01-15T11:59:54","modified_gmt":"2026-01-15T10:59:54","slug":"vozol-star-40000-vzbull","status":"publish","type":"product","link":"https:\/\/vozolpuff.de\/es\/producto\/vozol-star-40000-vzbull\/","title":{"rendered":"VOZOL STAR 40000 Vzbull"},"content":{"rendered":"<h2 class=\"text-xl font-bold text-text-100 mt-1 -mb-0.5\">VOZOL STAR 40000 Vzbull vape desechable<\/h2>\n<p class=\"whitespace-normal break-words\">Experimenta el poder de la energ\u00eda con el <strong>VOZOL STAR 40000 Vzbull<\/strong>. Este potente e-cigarrillo desechable ofrece el sabor caracter\u00edstico de las bebidas energ\u00e9ticas para un placer de vapeo en\u00e9rgico con hasta <strong>40.000 trenes<\/strong>.<\/p>\n<h3 class=\"text-lg font-bold text-text-100 mt-1 -mb-1.5\">Bebida energ\u00e9tica Sensation<\/h3>\n<p class=\"whitespace-normal break-words\"><strong>Sabor:<\/strong> Bebida energ\u00e9tica cl\u00e1sica<br \/>\n<strong>Rendimiento:<\/strong> Hasta 40.000 trenes<br \/>\n<strong>Bater\u00eda:<\/strong> Bater\u00eda de 1000 mAh<br \/>\n<strong>Potencia de nicotina:<\/strong> 50mg\/ml<\/p>\n<p class=\"whitespace-normal break-words\">El aut\u00e9ntico sabor a bebida energ\u00e9tica evoca recuerdos de momentos vigorizantes. La potente bater\u00eda de 1000 mAh se adapta perfectamente al car\u00e1cter energ\u00e9tico de este sabor y proporciona una potencia constante hasta la \u00faltima calada.<\/p>\n<h3 class=\"text-lg font-bold text-text-100 mt-1 -mb-1.5\">Disfrute del vapor vigorizante<\/h3>\n<p class=\"whitespace-normal break-words\">Estos <strong>Vzbull cigarrillo electr\u00f3nico desechable<\/strong> atrae a todos los amantes del inconfundible sabor energ\u00e9tico. Ideal para vapers activos que prefieren un sabor familiar y vigorizante.<\/p>\n<p class=\"whitespace-normal break-words\"><strong>Caracter\u00edsticas:<\/strong> Aut\u00e9ntico car\u00e1cter de bebida energ\u00e9tica, sabor estimulante, vida \u00fatil excepcional, facilidad de uso y normas de producci\u00f3n VOZOL probadas.<\/p>\n<p class=\"whitespace-normal break-words\">Navegue por nuestra <strong><a class=\"underline\" href=\"https:\/\/vozolpuff.de\/es\/\">Tienda de vapeo en l\u00ednea<\/a><\/strong>descubra toda la <strong><a class=\"underline\" href=\"https:\/\/vozolpuff.de\/es\/product-category\/vozol-vape\/\">Colecci\u00f3n VOZOL VAPE<\/a><\/strong> o elija entre la completa <strong><a class=\"underline\" href=\"https:\/\/vozolpuff.de\/es\/product-category\/vozol-vape\/vozol-star-40000\/\">VOZOL Star 40000 paleta<\/a><\/strong>.<\/p>","protected":false},"excerpt":{"rendered":"<p>VOZOL STAR 40000 Vzbull es un vapeador desechable con aut\u00e9ntico sabor a bebida energ\u00e9tica. Este potente e-cigarrillo desechable ofrece hasta 40.000 caladas, bater\u00eda de 1000mAh y 50mg\/ml de nicotina. Su vigorizante car\u00e1cter energ\u00e9tico se combina con un rendimiento duradero.<\/p>","protected":false},"featured_media":594,"comment_status":"open","ping_status":"closed","template":"","meta":{"_acf_changed":false},"product_brand":[],"product_cat":[29],"product_tag":[],"class_list":{"0":"post-592","1":"product","2":"type-product","3":"status-publish","4":"has-post-thumbnail","6":"product_cat-vozol-star-40000","8":"first","9":"instock","10":"shipping-taxable","11":"purchasable","12":"product-type-variable"},"acf":[],"_links":{"self":[{"href":"https:\/\/vozolpuff.de\/es\/wp-json\/wp\/v2\/product\/592","targetHints":{"allow":["GET"]}}],"collection":[{"href":"https:\/\/vozolpuff.de\/es\/wp-json\/wp\/v2\/product"}],"about":[{"href":"https:\/\/vozolpuff.de\/es\/wp-json\/wp\/v2\/types\/product"}],"replies":[{"embeddable":true,"href":"https:\/\/vozolpuff.de\/es\/wp-json\/wp\/v2\/comments?post=592"}],"wp:featuredmedia":[{"embeddable":true,"href":"https:\/\/vozolpuff.de\/es\/wp-json\/wp\/v2\/media\/594"}],"wp:attachment":[{"href":"https:\/\/vozolpuff.de\/es\/wp-json\/wp\/v2\/media?parent=592"}],"wp:term":[{"taxonomy":"product_brand","embeddable":true,"href":"https:\/\/vozolpuff.de\/es\/wp-json\/wp\/v2\/product_brand?post=592"},{"taxonomy":"product_cat","embeddable":true,"href":"https:\/\/vozolpuff.de\/es\/wp-json\/wp\/v2\/product_cat?post=592"},{"taxonomy":"product_tag","embeddable":true,"href":"https:\/\/vozolpuff.de\/es\/wp-json\/wp\/v2\/product_tag?post=592"}],"curies":[{"name":"wp","href":"https:\/\/api.w.org\/{rel}","templated":true}]}}