{"id":598,"date":"2025-08-23T12:12:51","date_gmt":"2025-08-23T10:12:51","guid":{"rendered":"https:\/\/vozolpuff.de\/?post_type=product&#038;p=598"},"modified":"2026-01-15T11:59:43","modified_gmt":"2026-01-15T10:59:43","slug":"vozol-star-40000-watermelon-bubble-gum","status":"publish","type":"product","link":"https:\/\/vozolpuff.de\/es\/producto\/vozol-star-40000-watermelon-bubble-gum\/","title":{"rendered":"Chicle VOZOL STAR 40000 Sand\u00eda"},"content":{"rendered":"<h2 class=\"text-xl font-bold text-text-100 mt-1 -mb-0.5\">VOZOL STAR 40000 Watermelon Bubble Gum Vape desechable<\/h2>\n<p class=\"whitespace-normal break-words\">Sum\u00e9rjase en los recuerdos nost\u00e1lgicos de la infancia con la <strong>Chicle VOZOL STAR 40000 Sand\u00eda<\/strong>. Este divertido cigarrillo electr\u00f3nico desechable combina la jugosa sand\u00eda con el dulce aroma del chicle para ofrecer hasta <strong>40 000 trenes nost\u00e1lgicos<\/strong>.<\/p>\n<h3 class=\"text-lg font-bold text-text-100 mt-1 -mb-1.5\">Un mundo de sabores nost\u00e1lgicos<\/h3>\n<p class=\"whitespace-normal break-words\"><strong>Sabor:<\/strong> Chicle de sand\u00eda Fusion<br \/>\n<strong>Capacidad:<\/strong> Hasta 40.000 trenes<br \/>\n<strong>Bater\u00eda:<\/strong> 1000 mAh de potencia continua<br \/>\n<strong>Nicotina:<\/strong> 50mg\/ml<\/p>\n<p class=\"whitespace-normal break-words\">La frescura de la sand\u00eda se une a la dulce nostalgia del chicle, una combinaci\u00f3n que entusiasma a grandes y peque\u00f1os. El fiable rendimiento de la bater\u00eda garantiza que esta experiencia de sabor \u00fanica est\u00e9 disponible de forma permanente.<\/p>\n<h3 class=\"text-lg font-bold text-text-100 mt-1 -mb-1.5\">Diversi\u00f3n juguetona con vapor<\/h3>\n<p class=\"whitespace-normal break-words\">Estos <strong>Cigarrillo electr\u00f3nico desechable Watermelon Bubble Gum<\/strong> Despierta recuerdos positivos y aporta diversi\u00f3n al d\u00eda a d\u00eda del vapeo. Perfecto para todos aquellos a los que les gustan las combinaciones de sabores extraordinarias y divertidas.<\/p>\n<p class=\"whitespace-normal break-words\"><strong>Lo m\u00e1s destacado:<\/strong> Factor nost\u00e1lgico \u00fanico, equilibrio perfecto entre dulzor y amargor, m\u00e1ximo n\u00famero de caladas, uso sencillo y fabricaci\u00f3n VOZOL de alta calidad para un disfrute duradero.<\/p>\n<p class=\"whitespace-normal break-words\">Visite nuestro <strong><a class=\"underline\" href=\"https:\/\/vozolpuff.de\/es\/\">Vape shop<\/a><\/strong>, eche un vistazo al <strong><a class=\"underline\" href=\"https:\/\/vozolpuff.de\/es\/product-category\/vozol-vape\/\">Gama VOZOL VAPE<\/a><\/strong> o descubra todo <strong><a class=\"underline\" href=\"https:\/\/vozolpuff.de\/es\/product-category\/vozol-vape\/vozol-star-40000\/\">VOZOL Star 40000 Sabores<\/a><\/strong>.<\/p>","protected":false},"excerpt":{"rendered":"<p>El vaporizador desechable VOZOL STAR 40000 Watermelon Bubble Gum combina la jugosa sand\u00eda con el dulce aroma del chicle para evocar recuerdos nost\u00e1lgicos de la infancia. Este divertido cigarrillo electr\u00f3nico desechable ofrece hasta 40 000 caladas, una bater\u00eda de 1000 mAh y 50 mg\/ml de nicotina. El factor nostalgia \u00fanico se une a la diversi\u00f3n l\u00fadica del vapeo.<\/p>","protected":false},"featured_media":600,"comment_status":"open","ping_status":"closed","template":"","meta":{"_acf_changed":false},"product_brand":[],"product_cat":[29],"product_tag":[],"class_list":{"0":"post-598","1":"product","2":"type-product","3":"status-publish","4":"has-post-thumbnail","6":"product_cat-vozol-star-40000","8":"first","9":"instock","10":"shipping-taxable","11":"purchasable","12":"product-type-variable"},"acf":[],"_links":{"self":[{"href":"https:\/\/vozolpuff.de\/es\/wp-json\/wp\/v2\/product\/598","targetHints":{"allow":["GET"]}}],"collection":[{"href":"https:\/\/vozolpuff.de\/es\/wp-json\/wp\/v2\/product"}],"about":[{"href":"https:\/\/vozolpuff.de\/es\/wp-json\/wp\/v2\/types\/product"}],"replies":[{"embeddable":true,"href":"https:\/\/vozolpuff.de\/es\/wp-json\/wp\/v2\/comments?post=598"}],"wp:featuredmedia":[{"embeddable":true,"href":"https:\/\/vozolpuff.de\/es\/wp-json\/wp\/v2\/media\/600"}],"wp:attachment":[{"href":"https:\/\/vozolpuff.de\/es\/wp-json\/wp\/v2\/media?parent=598"}],"wp:term":[{"taxonomy":"product_brand","embeddable":true,"href":"https:\/\/vozolpuff.de\/es\/wp-json\/wp\/v2\/product_brand?post=598"},{"taxonomy":"product_cat","embeddable":true,"href":"https:\/\/vozolpuff.de\/es\/wp-json\/wp\/v2\/product_cat?post=598"},{"taxonomy":"product_tag","embeddable":true,"href":"https:\/\/vozolpuff.de\/es\/wp-json\/wp\/v2\/product_tag?post=598"}],"curies":[{"name":"wp","href":"https:\/\/api.w.org\/{rel}","templated":true}]}}