{"id":604,"date":"2025-08-23T12:14:56","date_gmt":"2025-08-23T10:14:56","guid":{"rendered":"https:\/\/vozolpuff.de\/?post_type=product&#038;p=604"},"modified":"2026-01-15T11:59:30","modified_gmt":"2026-01-15T10:59:30","slug":"vozol-star-40000-watermelon-grape-boysenberry","status":"publish","type":"product","link":"https:\/\/vozolpuff.de\/es\/producto\/vozol-star-40000-watermelon-grape-boysenberry\/","title":{"rendered":"VOZOL STAR 40000 Sand\u00eda Uva Boysenberry"},"content":{"rendered":"<h2 class=\"text-xl font-bold text-text-100 mt-1 -mb-0.5\">VOZOL STAR 40000 Sand\u00eda Uva Boysenberry Vape Desechable<\/h2>\n<p class=\"whitespace-normal break-words\">Experimente una ex\u00f3tica mezcla de bayas con el <strong>VOZOL STAR 40000 Sand\u00eda Uva Boysenberry<\/strong>. Este sofisticado e-cigarrillo desechable combina jugosa sand\u00eda, uvas negras y dulces bayas de Boysenberries para hasta <strong>40.000 bocadillos de sabores<\/strong>.<\/p>\n<h3 class=\"text-lg font-bold text-text-100 mt-1 -mb-1.5\">Combinaci\u00f3n exclusiva de bayas<\/h3>\n<p class=\"whitespace-normal break-words\"><strong>Sabor:<\/strong> Sand\u00eda, uva, boysenberry<br \/>\n<strong>Puffs:<\/strong> Hasta 40.000 trenes<br \/>\n<strong>Potencia:<\/strong> Bater\u00eda de alto rendimiento de 1000 mAh<br \/>\n<strong>Nicotina:<\/strong> 50mg\/ml<\/p>\n<p class=\"whitespace-normal break-words\">Esta rara combinaci\u00f3n triple ofrece profundidad de sabor para los entendidos. El mel\u00f3n acuoso forma la base, mientras que las uvas negras y las bayas agridulces crean complejas capas de sabor.<\/p>\n<h3 class=\"text-lg font-bold text-text-100 mt-1 -mb-1.5\">Experiencia gourmet al vapor<\/h3>\n<p class=\"whitespace-normal break-words\">Estos <strong>e-cigarrillo desechable Watermelon Grape Boysenberry<\/strong> est\u00e1 dirigido a vapers con gustos exigentes. La composici\u00f3n multicapa de bayas y mel\u00f3n desarrolla nuevas facetas con cada calada.<\/p>\n<p class=\"whitespace-normal break-words\"><strong>Caracter\u00edsticas de calidad:<\/strong> Combinaci\u00f3n de sabores poco com\u00fan, estructura de sabor compleja, excelente longevidad, f\u00e1cil manejo y calidad de producto VOZOL de primera clase.<\/p>\n<p class=\"whitespace-normal break-words\">Explora nuestro <strong><a class=\"underline\" href=\"https:\/\/vozolpuff.de\/es\/\">Tienda premium de cigarrillos electr\u00f3nicos<\/a><\/strong>navegar por la <strong><a class=\"underline\" href=\"https:\/\/vozolpuff.de\/es\/product-category\/vozol-vape\/\">VOZOL VAPE Serie Premium<\/a><\/strong> o elija entre toda la <strong><a class=\"underline\" href=\"https:\/\/vozolpuff.de\/es\/product-category\/vozol-vape\/vozol-star-40000\/\">VOZOL Star 40000 Selecci\u00f3n<\/a><\/strong>.<\/p>","protected":false},"excerpt":{"rendered":"<p>El vapeador desechable VOZOL STAR 40000 Watermelon Grape Boysenberry combina sand\u00eda jugosa, uvas oscuras y boysenberries dulces para crear una ex\u00f3tica mezcla de bayas. Este sofisticado e-cigarrillo desechable ofrece hasta 40.000 caladas, bater\u00eda de 1000mAh y 50mg\/ml de nicotina. Complejas capas de sabores para entendidos.<\/p>","protected":false},"featured_media":606,"comment_status":"open","ping_status":"closed","template":"","meta":{"_acf_changed":false},"product_brand":[],"product_cat":[29],"product_tag":[],"class_list":{"0":"post-604","1":"product","2":"type-product","3":"status-publish","4":"has-post-thumbnail","6":"product_cat-vozol-star-40000","8":"first","9":"instock","10":"shipping-taxable","11":"purchasable","12":"product-type-variable"},"acf":[],"_links":{"self":[{"href":"https:\/\/vozolpuff.de\/es\/wp-json\/wp\/v2\/product\/604","targetHints":{"allow":["GET"]}}],"collection":[{"href":"https:\/\/vozolpuff.de\/es\/wp-json\/wp\/v2\/product"}],"about":[{"href":"https:\/\/vozolpuff.de\/es\/wp-json\/wp\/v2\/types\/product"}],"replies":[{"embeddable":true,"href":"https:\/\/vozolpuff.de\/es\/wp-json\/wp\/v2\/comments?post=604"}],"wp:featuredmedia":[{"embeddable":true,"href":"https:\/\/vozolpuff.de\/es\/wp-json\/wp\/v2\/media\/606"}],"wp:attachment":[{"href":"https:\/\/vozolpuff.de\/es\/wp-json\/wp\/v2\/media?parent=604"}],"wp:term":[{"taxonomy":"product_brand","embeddable":true,"href":"https:\/\/vozolpuff.de\/es\/wp-json\/wp\/v2\/product_brand?post=604"},{"taxonomy":"product_cat","embeddable":true,"href":"https:\/\/vozolpuff.de\/es\/wp-json\/wp\/v2\/product_cat?post=604"},{"taxonomy":"product_tag","embeddable":true,"href":"https:\/\/vozolpuff.de\/es\/wp-json\/wp\/v2\/product_tag?post=604"}],"curies":[{"name":"wp","href":"https:\/\/api.w.org\/{rel}","templated":true}]}}