{"id":610,"date":"2025-08-23T12:17:04","date_gmt":"2025-08-23T10:17:04","guid":{"rendered":"https:\/\/vozolpuff.de\/?post_type=product&#038;p=610"},"modified":"2026-01-15T11:59:17","modified_gmt":"2026-01-15T10:59:17","slug":"vozol-star-40000-watermelon-ice","status":"publish","type":"product","link":"https:\/\/vozolpuff.de\/es\/producto\/vozol-star-40000-watermelon-ice\/","title":{"rendered":"VOZOL STAR 40000 Sand\u00eda Helada"},"content":{"rendered":"<h2 class=\"text-xl font-bold text-text-100 mt-1 -mb-0.5\">VOZOL STAR 40000 Watermelon Ice vape desechable<\/h2>\n<p class=\"whitespace-normal break-words\">Disfruta del refrescante frescor del verano con el <strong>VOZOL STAR 40000 Sand\u00eda Helada<\/strong>. Este vigorizante e-cigarrillo desechable combina la jugosa sand\u00eda con un intenso efecto refrescante para disfrutar de un refrescante vapor con hasta <strong>40.000 trenes<\/strong>.<\/p>\n<h3 class=\"text-lg font-bold text-text-100 mt-1 -mb-1.5\">Refrescante combinaci\u00f3n veraniega<\/h3>\n<p class=\"whitespace-normal break-words\"><strong>Sabor:<\/strong> Sand\u00eda con hielo<br \/>\n<strong>Trenes:<\/strong> Hasta 40.000 caladas<br \/>\n<strong>Capacidad de la bater\u00eda:<\/strong> Bater\u00eda de protecci\u00f3n contra el fr\u00edo de 1000 mAh<br \/>\n<strong>Potencia de nicotina:<\/strong> 50mg\/ml<\/p>\n<p class=\"whitespace-normal break-words\">El mel\u00f3n dulce y acuoso se convierte en el acompa\u00f1ante perfecto del verano gracias a su intenso efecto refrescante. La robusta bater\u00eda garantiza un efecto refrescante y una intensidad de sabor constantes durante todo el periodo de uso.<\/p>\n<h3 class=\"text-lg font-bold text-text-100 mt-1 -mb-1.5\">El \u00faltimo refresco del verano<\/h3>\n<p class=\"whitespace-normal break-words\">Estos <strong>Cigarrillo electr\u00f3nico desechable Watermelon Ice<\/strong> es la elecci\u00f3n ideal para los d\u00edas calurosos y para cualquiera que desee combinar un intenso frescor con el dulzor natural de la fruta.<\/p>\n<p class=\"whitespace-normal break-words\"><strong>Ventajas del producto:<\/strong> Efecto refrescante intenso, aut\u00e9ntico sabor a sand\u00eda, capacidad excepcional, tecnolog\u00eda sin mantenimiento y garant\u00eda de calidad VOZOL.<\/p>\n<p class=\"whitespace-normal break-words\">Encuentre su cigarrillo electr\u00f3nico favorito en nuestro <strong><a class=\"underline\" href=\"https:\/\/vozolpuff.de\/es\/\">Portal del vapor<\/a><\/strong>descubra la diversidad <strong><a class=\"underline\" href=\"https:\/\/vozolpuff.de\/es\/product-category\/vozol-vape\/\">VOZOL VAPE mundo del producto<\/a><\/strong> o pruebe m\u00e1s <strong><a class=\"underline\" href=\"https:\/\/vozolpuff.de\/es\/product-category\/vozol-vape\/vozol-star-40000\/\">VOZOL Star 40000 grados<\/a><\/strong>.<\/p>","protected":false},"excerpt":{"rendered":"<p>El vapeador desechable VOZOL STAR 40000 Watermelon Ice combina la jugosa sand\u00eda con un intenso efecto refrescante para disfrutar del mejor refresco veraniego. Este vigorizante e-cigarrillo desechable ofrece hasta 40.000 caladas, bater\u00eda de 1000mAh y 50mg\/ml de nicotina. Equilibrio perfecto de dulzura afrutada y frescor intenso.<\/p>","protected":false},"featured_media":612,"comment_status":"open","ping_status":"closed","template":"","meta":{"_acf_changed":false},"product_brand":[],"product_cat":[29],"product_tag":[],"class_list":{"0":"post-610","1":"product","2":"type-product","3":"status-publish","4":"has-post-thumbnail","6":"product_cat-vozol-star-40000","8":"first","9":"instock","10":"shipping-taxable","11":"purchasable","12":"product-type-variable"},"acf":[],"_links":{"self":[{"href":"https:\/\/vozolpuff.de\/es\/wp-json\/wp\/v2\/product\/610","targetHints":{"allow":["GET"]}}],"collection":[{"href":"https:\/\/vozolpuff.de\/es\/wp-json\/wp\/v2\/product"}],"about":[{"href":"https:\/\/vozolpuff.de\/es\/wp-json\/wp\/v2\/types\/product"}],"replies":[{"embeddable":true,"href":"https:\/\/vozolpuff.de\/es\/wp-json\/wp\/v2\/comments?post=610"}],"wp:featuredmedia":[{"embeddable":true,"href":"https:\/\/vozolpuff.de\/es\/wp-json\/wp\/v2\/media\/612"}],"wp:attachment":[{"href":"https:\/\/vozolpuff.de\/es\/wp-json\/wp\/v2\/media?parent=610"}],"wp:term":[{"taxonomy":"product_brand","embeddable":true,"href":"https:\/\/vozolpuff.de\/es\/wp-json\/wp\/v2\/product_brand?post=610"},{"taxonomy":"product_cat","embeddable":true,"href":"https:\/\/vozolpuff.de\/es\/wp-json\/wp\/v2\/product_cat?post=610"},{"taxonomy":"product_tag","embeddable":true,"href":"https:\/\/vozolpuff.de\/es\/wp-json\/wp\/v2\/product_tag?post=610"}],"curies":[{"name":"wp","href":"https:\/\/api.w.org\/{rel}","templated":true}]}}