{"id":6178,"date":"2025-10-09T09:17:27","date_gmt":"2025-10-09T07:17:27","guid":{"rendered":"https:\/\/vozolpuff.de\/?post_type=product&#038;p=6178"},"modified":"2025-10-09T09:17:27","modified_gmt":"2025-10-09T07:17:27","slug":"bang-king-30000-blueberry-ice-black-dragon-ice","status":"publish","type":"product","link":"https:\/\/vozolpuff.de\/es\/producto\/bang-king-30000-blueberry-ice-black-dragon-ice\/","title":{"rendered":"Bang King 30000 Hielo de ar\u00e1ndano\/hielo de drag\u00f3n negro"},"content":{"rendered":"<h2 class=\"text-xl font-bold text-text-100 mt-1 -mb-0.5\">Vapeador desechable Bang King 30000 Blueberry Ice\/Black Dragon Ice<\/h2>\n<p class=\"whitespace-normal break-words\">El vapeador desechable Bang King 30000 Puffs con los dos sabores intercambiables Blueberry Ice y Black Dragon Ice ofrece hasta 30.000 caladas con un generoso dep\u00f3sito de e-l\u00edquido precargado de 36 ml. Elige entre las concentraciones de nicotina 0%, 2%, 3% o 5% para una experiencia de vapeo personalizada. Alimentado por una bater\u00eda de 550mAh con flujo de aire ajustable y una bobina de calentamiento de malla de 1.0\u03a9, ofrece un sabor intenso y la m\u00e1xima flexibilidad con dos sabores separados en un solo dispositivo.<\/p>\n<h3 class=\"text-lg font-bold text-text-100 mt-1 -mb-1.5\">Caracter\u00edsticas del Bang King 30000 Blueberry Ice\/Black Dragon Ice:<\/h3>\n<p class=\"whitespace-normal break-words\">El Bang King 30000 Puffs con pantalla LCD y tecnolog\u00eda de doble sabor ofrece una experiencia de vapeo excepcional con su impresionante capacidad de 30.000 caladas. Equipado con una bobina de malla de 1,0 ohmios y una impresionante capacidad de 36 ml de e-l\u00edquido, este dispositivo garantiza una producci\u00f3n de vapor suave y consistente y un uso duradero sin recargas frecuentes. Los usuarios pueden elegir entre las concentraciones de nicotina 0%, 2%, 3% o 5%.<\/p>\n<p class=\"whitespace-normal break-words\">Alimentado por una fiable bater\u00eda de 550 mAh con funci\u00f3n de carga r\u00e1pida Type-C, el Bang King 30000 garantiza un rendimiento constante y un tiempo de inactividad m\u00ednimo. La avanzada pantalla LCD digital muestra c\u00f3modamente el nivel de bater\u00eda y de e-l\u00edquido. La extraordinaria funci\u00f3n de doble bot\u00f3n le permite cambiar entre dos sabores distintos: refrescante Blueberry Ice con un fresco acabado mentolado o intenso Black Dragon Ice para una experiencia de vapeo m\u00edstica.<\/p>\n<p class=\"whitespace-normal break-words\">Dise\u00f1ado tanto para principiantes como para vapeadores experimentados, el Bang King 30000 combina gran capacidad, facilidad de uso y tecnolog\u00eda avanzada. La posibilidad de cambiar entre dos sabores completamente diferentes hace de este modelo la elecci\u00f3n ideal para cualquiera que aprecie la variedad.<\/p>\n<h3 class=\"text-lg font-bold text-text-100 mt-1 -mb-1.5\">Datos t\u00e9cnicos:<\/h3>\n<p class=\"whitespace-normal break-words\"><strong>Trenes:<\/strong> Hasta 30.000 caladas<br \/>\n<strong>Capacidad de l\u00edquido:<\/strong> 36 ml<br \/>\n<strong>Nicotina:<\/strong> 0%, 2%, 3%, 5%<br \/>\n<strong>Tipo:<\/strong> Desechable<br \/>\n<strong>Bater\u00eda:<\/strong> Bater\u00eda de 550 mAh<br \/>\n<strong>Flujo de aire:<\/strong> Ajustable<br \/>\n<strong>Resistencia de la bobina de calentamiento:<\/strong> Bobina de malla de 1,0\u03a9<\/p>\n<h3 class=\"text-lg font-bold text-text-100 mt-1 -mb-1.5\">Descubre m\u00e1s BANG VAPE en vozolpuff<\/h3>\n<p class=\"whitespace-normal break-words\">Descubra m\u00e1s productos premium en nuestra <strong><a class=\"underline\" href=\"https:\/\/vozolpuff.de\/es\/\">Tienda en l\u00ednea de cigarrillos electr\u00f3nicos<\/a><\/strong>explore todo el <strong><a class=\"underline\" href=\"https:\/\/vozolpuff.de\/es\/product-category\/bang-vape\/\">Gama de productos BANG VAPE<\/a><\/strong> o navegar por todos los <strong><a class=\"underline\" href=\"https:\/\/vozolpuff.de\/es\/product-category\/bang-vape\/bang-king-30000\/\">Bang King 30000 sabores<\/a><\/strong> para una experiencia de vapor perfecta.<\/p>","protected":false},"excerpt":{"rendered":"<p class=\"whitespace-normal break-words\">Doble sabor en un solo dispositivo con el vaporizador desechable Bang King 30000 Blueberry Ice\/Black Dragon Ice. Hasta 30.000 caladas con un dep\u00f3sito de 36 ml: cambia entre el refrescante Blueberry Ice y el intenso Black Dragon Ice con solo pulsar un bot\u00f3n. Bater\u00eda de 550mAh con carga r\u00e1pida Type-C, pantalla LCD para bater\u00eda y nivel de l\u00edquido. Bobina de malla de 1,0\u03a9 que garantiza un sabor uniforme. Flujo de aire ajustable y cuatro niveles de nicotina disponibles.<\/p>\n<p class=\"whitespace-normal break-words\">","protected":false},"featured_media":6180,"comment_status":"open","ping_status":"closed","template":"","meta":{"_acf_changed":false},"product_brand":[],"product_cat":[74],"product_tag":[],"class_list":{"0":"post-6178","1":"product","2":"type-product","3":"status-publish","4":"has-post-thumbnail","6":"product_cat-bang-king-30000","8":"first","9":"instock","10":"shipping-taxable","11":"purchasable","12":"product-type-variable"},"acf":[],"_links":{"self":[{"href":"https:\/\/vozolpuff.de\/es\/wp-json\/wp\/v2\/product\/6178","targetHints":{"allow":["GET"]}}],"collection":[{"href":"https:\/\/vozolpuff.de\/es\/wp-json\/wp\/v2\/product"}],"about":[{"href":"https:\/\/vozolpuff.de\/es\/wp-json\/wp\/v2\/types\/product"}],"replies":[{"embeddable":true,"href":"https:\/\/vozolpuff.de\/es\/wp-json\/wp\/v2\/comments?post=6178"}],"wp:featuredmedia":[{"embeddable":true,"href":"https:\/\/vozolpuff.de\/es\/wp-json\/wp\/v2\/media\/6180"}],"wp:attachment":[{"href":"https:\/\/vozolpuff.de\/es\/wp-json\/wp\/v2\/media?parent=6178"}],"wp:term":[{"taxonomy":"product_brand","embeddable":true,"href":"https:\/\/vozolpuff.de\/es\/wp-json\/wp\/v2\/product_brand?post=6178"},{"taxonomy":"product_cat","embeddable":true,"href":"https:\/\/vozolpuff.de\/es\/wp-json\/wp\/v2\/product_cat?post=6178"},{"taxonomy":"product_tag","embeddable":true,"href":"https:\/\/vozolpuff.de\/es\/wp-json\/wp\/v2\/product_tag?post=6178"}],"curies":[{"name":"wp","href":"https:\/\/api.w.org\/{rel}","templated":true}]}}