{"id":622,"date":"2025-08-23T12:25:19","date_gmt":"2025-08-23T10:25:19","guid":{"rendered":"https:\/\/vozolpuff.de\/?post_type=product&#038;p=622"},"modified":"2026-01-15T11:58:52","modified_gmt":"2026-01-15T10:58:52","slug":"vozol-star-40000-white-peach-raspberry","status":"publish","type":"product","link":"https:\/\/vozolpuff.de\/es\/producto\/vozol-star-40000-white-peach-raspberry\/","title":{"rendered":"VOZOL STAR 40000 Melocot\u00f3n blanco Frambuesa"},"content":{"rendered":"<h2 class=\"text-xl font-bold text-text-100 mt-1 -mb-0.5\">VOZOL STAR 40000 White Peach Raspberry Vape desechable<\/h2>\n<p class=\"whitespace-normal break-words\">Sum\u00e9rjase en un mundo de sabores refinados con la <strong>VOZOL STAR 40000 Melocot\u00f3n blanco Frambuesa<\/strong>. Este sofisticado cigarrillo electr\u00f3nico desechable combina delicado melocot\u00f3n blanco con frambuesas afrutadas para ofrecer una elegante experiencia de vapeo con hasta <strong>40.000 trenes<\/strong>.<\/p>\n<h3 class=\"text-lg font-bold text-text-100 mt-1 -mb-1.5\">Elegante composici\u00f3n frutal<\/h3>\n<p class=\"whitespace-normal break-words\"><strong>Matices de sabor:<\/strong> Melocot\u00f3n blanco, frambuesa<br \/>\n<strong>Alcance de los servicios:<\/strong> Hasta 40.000 trenes<br \/>\n<strong>Accionamiento:<\/strong> Bater\u00eda premium de 1000 mAh<br \/>\n<strong>concentraci\u00f3n de nicotina:<\/strong> 50mg\/ml<\/p>\n<p class=\"whitespace-normal break-words\">El melocot\u00f3n blanco aterciopelado armoniza elegantemente con la acidez viva de las frambuesas rojas. Esta noble combinaci\u00f3n se transmite de forma uniforme y fiel al aroma gracias a la fiable tecnolog\u00eda de las pilas.<\/p>\n<h3 class=\"text-lg font-bold text-text-100 mt-1 -mb-1.5\">Un momento de placer elegante<\/h3>\n<p class=\"whitespace-normal break-words\">Estos <strong>Cigarrillo electr\u00f3nico desechable White Peach Raspberry<\/strong> Atrae a los vapeadores con gusto por las composiciones de sabores refinados. El sutil equilibrio entre dulzura y frescura convierte cada calada en un momento especial.<\/p>\n<p class=\"whitespace-normal break-words\"><strong>Cualidades:<\/strong> Armon\u00eda de sabores refinada, profundidad sutil de aromas, vida \u00fatil excepcional, manejo intuitivo y est\u00e1ndar de procesamiento VOZOL premium.<\/p>\n<p class=\"whitespace-normal break-words\">Descubre nuestra <strong><a class=\"underline\" href=\"https:\/\/vozolpuff.de\/es\/\">Gama de productos de calidad<\/a><\/strong>sum\u00e9rjase en el <strong><a class=\"underline\" href=\"https:\/\/vozolpuff.de\/es\/product-category\/vozol-vape\/\">VOZOL VAPE Mundo Premium<\/a><\/strong> o explore la completa <strong><a class=\"underline\" href=\"https:\/\/vozolpuff.de\/es\/product-category\/vozol-vape\/vozol-star-40000\/\">VOZOL Star 40000 Gama de sabores<\/a><\/strong>.<\/p>","protected":false},"excerpt":{"rendered":"<p>VOZOL STAR 40000 White Peach Raspberry Vape desechable combina delicado melocot\u00f3n blanco con frambuesas afrutadas para lograr una armon\u00eda de sabores refinada. Este sofisticado cigarrillo electr\u00f3nico desechable ofrece hasta 40 000 caladas, una bater\u00eda premium de 1000 mAh y 50 mg\/ml de nicotina. Una elegante composici\u00f3n frutal se combina con una sutil profundidad de aromas.<\/p>","protected":false},"featured_media":624,"comment_status":"open","ping_status":"closed","template":"","meta":{"_acf_changed":false},"product_brand":[],"product_cat":[29],"product_tag":[],"class_list":{"0":"post-622","1":"product","2":"type-product","3":"status-publish","4":"has-post-thumbnail","6":"product_cat-vozol-star-40000","8":"first","9":"instock","10":"shipping-taxable","11":"purchasable","12":"product-type-variable"},"acf":[],"_links":{"self":[{"href":"https:\/\/vozolpuff.de\/es\/wp-json\/wp\/v2\/product\/622","targetHints":{"allow":["GET"]}}],"collection":[{"href":"https:\/\/vozolpuff.de\/es\/wp-json\/wp\/v2\/product"}],"about":[{"href":"https:\/\/vozolpuff.de\/es\/wp-json\/wp\/v2\/types\/product"}],"replies":[{"embeddable":true,"href":"https:\/\/vozolpuff.de\/es\/wp-json\/wp\/v2\/comments?post=622"}],"wp:featuredmedia":[{"embeddable":true,"href":"https:\/\/vozolpuff.de\/es\/wp-json\/wp\/v2\/media\/624"}],"wp:attachment":[{"href":"https:\/\/vozolpuff.de\/es\/wp-json\/wp\/v2\/media?parent=622"}],"wp:term":[{"taxonomy":"product_brand","embeddable":true,"href":"https:\/\/vozolpuff.de\/es\/wp-json\/wp\/v2\/product_brand?post=622"},{"taxonomy":"product_cat","embeddable":true,"href":"https:\/\/vozolpuff.de\/es\/wp-json\/wp\/v2\/product_cat?post=622"},{"taxonomy":"product_tag","embeddable":true,"href":"https:\/\/vozolpuff.de\/es\/wp-json\/wp\/v2\/product_tag?post=622"}],"curies":[{"name":"wp","href":"https:\/\/api.w.org\/{rel}","templated":true}]}}