{"id":6250,"date":"2025-10-09T09:38:49","date_gmt":"2025-10-09T07:38:49","guid":{"rendered":"https:\/\/vozolpuff.de\/?post_type=product&#038;p=6250"},"modified":"2025-10-09T09:38:49","modified_gmt":"2025-10-09T07:38:49","slug":"bang-king-30000-strawberry-watermelon-kiwi-passion-fruit-guava","status":"publish","type":"product","link":"https:\/\/vozolpuff.de\/es\/producto\/bang-king-30000-strawberry-watermelon-kiwi-passion-fruit-guava\/","title":{"rendered":"Bang King 30000 Fresa Sand\u00eda\/Kiwi Fruta de la Pasi\u00f3n Guayaba"},"content":{"rendered":"<h2 class=\"text-xl font-bold text-text-100 mt-1 -mb-0.5\">Bang King 30000 Sand\u00eda fresa\/Kiwi maracuy\u00e1 guayaba Vape desechable<\/h2>\n<p class=\"whitespace-normal break-words\">Sum\u00e9rgete en un mundo de sabores tropicales con el vaporizador desechable Bang King 30000 Strawberry Watermelon\/Kiwi Passion Fruit Guava. Este dispositivo premium ofrece hasta 30 000 caladas gracias a su generoso dep\u00f3sito de e-l\u00edquido de 36 ml y ofrece opciones de nicotina de 0%, 2%, 3% o 5%. Equipado con una potente bater\u00eda de 550 mAh, flujo de aire ajustable y tecnolog\u00eda de bobina de malla precisa de 1,0 \u03a9, permite cambiar entre dos sabores ex\u00f3ticos: la afrutada fresa y sand\u00eda y la mezcla tropical de kiwi, maracuy\u00e1 y guayaba.<\/p>\n<h3 class=\"text-lg font-bold text-text-100 mt-1 -mb-1.5\">Caracter\u00edsticas del producto de la variante Strawberry Watermelon\/Kiwi Passion Fruit Guava:<\/h3>\n<p class=\"whitespace-normal break-words\">Este exclusivo cigarrillo electr\u00f3nico desechable con 30 000 caladas y pantalla LCD ofrece una experiencia de vapeo excepcional gracias a su innovadora funci\u00f3n de doble sabor. La bobina de malla optimizada de 1,0 ohmios despliega ambos aromas tropicales con una precisi\u00f3n excepcional, mientras que el volumen de l\u00edquido de 36 ml garantiza un disfrute duradero. Elija su concentraci\u00f3n de nicotina preferida para disfrutar de una experiencia personalizada.<\/p>\n<p class=\"whitespace-normal break-words\">La resistente bater\u00eda de 550 mAh con moderna tecnolog\u00eda de carga r\u00e1pida tipo C garantiza un rendimiento constante y tiempos de carga cortos. La clara pantalla LCD muestra en todo momento el nivel de bater\u00eda y la cantidad de l\u00edquido restante. Lo m\u00e1s destacado es la tecnolog\u00eda Double Taste: cambie espont\u00e1neamente entre la fresa y sand\u00eda veraniega y el ex\u00f3tico kiwi, maracuy\u00e1 y guayaba, dos sabores completamente distintos para una m\u00e1xima variedad.<\/p>\n<p class=\"whitespace-normal break-words\">Tanto si eres principiante como profesional, este Bang King 30000 ofrece una calidad de primera clase, una enorme capacidad y una incomparable variedad de aromas tropicales. Su acabado de alta calidad y su funcionalidad bien pensada lo convierten en la elecci\u00f3n ideal para los vapeadores exigentes.<\/p>\n<h3 class=\"text-lg font-bold text-text-100 mt-1 -mb-1.5\">Datos t\u00e9cnicos:<\/h3>\n<p class=\"whitespace-normal break-words\"><strong>Trenes:<\/strong> Hasta 30.000 caladas<br \/>\n<strong>Capacidad de l\u00edquido:<\/strong> 36 ml<br \/>\n<strong>Nicotina:<\/strong> 0%, 2%, 3%, 5%<br \/>\n<strong>Tipo:<\/strong> Desechable<br \/>\n<strong>Bater\u00eda:<\/strong> Bater\u00eda de 550 mAh<br \/>\n<strong>Flujo de aire:<\/strong> Ajustable<br \/>\n<strong>Resistencia de la bobina de calentamiento:<\/strong> Bobina de malla de 1,0\u03a9<\/p>\n<h3 class=\"text-lg font-bold text-text-100 mt-1 -mb-1.5\">Descubre m\u00e1s BANG VAPE en vozolpuff<\/h3>\n<p class=\"whitespace-normal break-words\">Descubra m\u00e1s productos premium en nuestra <strong><a class=\"underline\" href=\"https:\/\/vozolpuff.de\/es\/\">Tienda en l\u00ednea de cigarrillos electr\u00f3nicos<\/a><\/strong>explore todo el <strong><a class=\"underline\" href=\"https:\/\/vozolpuff.de\/es\/product-category\/bang-vape\/\">Gama de productos BANG VAPE<\/a><\/strong> o navegar por todos los <strong><a class=\"underline\" href=\"https:\/\/vozolpuff.de\/es\/product-category\/bang-vape\/bang-king-30000\/\">Bang King 30000 sabores<\/a><\/strong> para una experiencia de vapor perfecta.<\/p>","protected":false},"excerpt":{"rendered":"<p class=\"whitespace-normal break-words\">Sabores tropicales con el vaporizador desechable Bang King 30000 Strawberry Watermelon\/Kiwi Passion Fruit Guava. Hasta 30 000 caladas con un dep\u00f3sito de 36 ml: alterna entre la mezcla afrutada Strawberry Watermelon y la ex\u00f3tica Kiwi Passion Fruit Guava. Bater\u00eda de 550 mAh con carga r\u00e1pida tipo C, pantalla LCD que muestra el nivel de bater\u00eda y la cantidad de l\u00edquido. La bobina de malla de 1,0 \u03a9 despliega ambos aromas con precisi\u00f3n. Flujo de aire ajustable y cuatro niveles de nicotina seleccionables.<\/p>\n<p class=\"whitespace-normal break-words\">","protected":false},"featured_media":6252,"comment_status":"open","ping_status":"closed","template":"","meta":{"_acf_changed":false},"product_brand":[],"product_cat":[74],"product_tag":[],"class_list":{"0":"post-6250","1":"product","2":"type-product","3":"status-publish","4":"has-post-thumbnail","6":"product_cat-bang-king-30000","8":"first","9":"instock","10":"shipping-taxable","11":"purchasable","12":"product-type-variable"},"acf":[],"_links":{"self":[{"href":"https:\/\/vozolpuff.de\/es\/wp-json\/wp\/v2\/product\/6250","targetHints":{"allow":["GET"]}}],"collection":[{"href":"https:\/\/vozolpuff.de\/es\/wp-json\/wp\/v2\/product"}],"about":[{"href":"https:\/\/vozolpuff.de\/es\/wp-json\/wp\/v2\/types\/product"}],"replies":[{"embeddable":true,"href":"https:\/\/vozolpuff.de\/es\/wp-json\/wp\/v2\/comments?post=6250"}],"wp:featuredmedia":[{"embeddable":true,"href":"https:\/\/vozolpuff.de\/es\/wp-json\/wp\/v2\/media\/6252"}],"wp:attachment":[{"href":"https:\/\/vozolpuff.de\/es\/wp-json\/wp\/v2\/media?parent=6250"}],"wp:term":[{"taxonomy":"product_brand","embeddable":true,"href":"https:\/\/vozolpuff.de\/es\/wp-json\/wp\/v2\/product_brand?post=6250"},{"taxonomy":"product_cat","embeddable":true,"href":"https:\/\/vozolpuff.de\/es\/wp-json\/wp\/v2\/product_cat?post=6250"},{"taxonomy":"product_tag","embeddable":true,"href":"https:\/\/vozolpuff.de\/es\/wp-json\/wp\/v2\/product_tag?post=6250"}],"curies":[{"name":"wp","href":"https:\/\/api.w.org\/{rel}","templated":true}]}}