{"id":628,"date":"2025-08-23T12:27:55","date_gmt":"2025-08-23T10:27:55","guid":{"rendered":"https:\/\/vozolpuff.de\/?post_type=product&#038;p=628"},"modified":"2026-04-28T09:12:08","modified_gmt":"2026-04-28T07:12:08","slug":"vozol-star-40000-tobacco","status":"publish","type":"product","link":"https:\/\/vozolpuff.de\/es\/producto\/vozol-star-40000-tobacco\/","title":{"rendered":"VOZOL STAR 40000 Tabaco"},"content":{"rendered":"<h2 class=\"text-xl font-bold text-text-100 mt-1 -mb-0.5\">VOZOL STAR 40000 Tabaco Vape desechable<\/h2>\n<p class=\"whitespace-normal break-words\">Disfrute del placer cl\u00e1sico del tabaco con la <strong>VOZOL STAR 40000 Tabaco<\/strong>. Este cigarrillo electr\u00f3nico desechable tradicional ofrece un aut\u00e9ntico sabor a tabaco para los vapeadores puristas con hasta <strong>40 000 rasgos caracter\u00edsticos<\/strong>.<\/p>\n<h3 class=\"text-lg font-bold text-text-100 mt-1 -mb-1.5\">Aroma cl\u00e1sico a tabaco<\/h3>\n<p class=\"whitespace-normal break-words\"><strong>Sabor:<\/strong> Tabaco aut\u00e9ntico<br \/>\n<strong>Capacidad:<\/strong> Hasta 40.000 trenes<br \/>\n<strong>Equipamiento de bater\u00edas:<\/strong> 1000 mAh de potencia de larga duraci\u00f3n<br \/>\n<strong>Potencia de nicotina:<\/strong> 50mg\/ml<\/p>\n<p class=\"whitespace-normal break-words\">El cl\u00e1sico sabor a tabaco convence por su autenticidad sin dulzor artificial. La potente bater\u00eda garantiza un sabor constante y convierte este cigarrillo electr\u00f3nico en la alternativa perfecta para los fumadores tradicionales.<\/p>\n<h3 class=\"text-lg font-bold text-text-100 mt-1 -mb-1.5\">El placer tradicional del vapor<\/h3>\n<p class=\"whitespace-normal break-words\">Estos <strong>Cigarrillo electr\u00f3nico desechable Tobacco<\/strong> Dirigido a puristas y fumadores que se pasan al vapeo y aprecian el sabor familiar del tabaco. Sin aromas adicionales que distraigan, el car\u00e1cter puro del tabaco ocupa un lugar destacado.<\/p>\n<p class=\"whitespace-normal break-words\"><strong>Propiedades:<\/strong> Aroma aut\u00e9ntico a tabaco, pureza de sabor, extraordinario rendimiento, f\u00e1cil uso y la probada tradici\u00f3n de fabricaci\u00f3n de VOZOL.<\/p>\n<p class=\"whitespace-normal break-words\">Visite nuestro <strong><a class=\"underline\" href=\"https:\/\/vozolpuff.de\/es\/\">Tienda tradicional de vapor<\/a><\/strong>, descubra la probada <strong><a class=\"underline\" href=\"https:\/\/vozolpuff.de\/es\/product-category\/vozol-vape\/\">Calidad VOZOL VAPE<\/a><\/strong> o elija entre la completa <strong><a class=\"underline\" href=\"https:\/\/vozolpuff.de\/es\/product-category\/vozol-vape\/vozol-star-40000\/\">Gama VOZOL Star 40000<\/a><\/strong>..<\/p>","protected":false},"excerpt":{"rendered":"<p>El vaporizador desechable VOZOL STAR 40000 Tobacco ofrece un aut\u00e9ntico sabor a tabaco para los vapeadores puristas y los fumadores tradicionales. Este cl\u00e1sico cigarrillo electr\u00f3nico desechable proporciona hasta 40 000 caladas, una bater\u00eda de larga duraci\u00f3n de 1000 mAh y 50 mg\/ml de nicotina. Puro sabor sin dulzor artificial ni aromas a\u00f1adidos.<\/p>","protected":false},"featured_media":630,"comment_status":"open","ping_status":"closed","template":"","meta":{"_acf_changed":false},"product_brand":[],"product_cat":[29],"product_tag":[],"class_list":{"0":"post-628","1":"product","2":"type-product","3":"status-publish","4":"has-post-thumbnail","6":"product_cat-vozol-star-40000","8":"first","9":"instock","10":"shipping-taxable","11":"purchasable","12":"product-type-variable"},"acf":[],"_links":{"self":[{"href":"https:\/\/vozolpuff.de\/es\/wp-json\/wp\/v2\/product\/628","targetHints":{"allow":["GET"]}}],"collection":[{"href":"https:\/\/vozolpuff.de\/es\/wp-json\/wp\/v2\/product"}],"about":[{"href":"https:\/\/vozolpuff.de\/es\/wp-json\/wp\/v2\/types\/product"}],"replies":[{"embeddable":true,"href":"https:\/\/vozolpuff.de\/es\/wp-json\/wp\/v2\/comments?post=628"}],"wp:featuredmedia":[{"embeddable":true,"href":"https:\/\/vozolpuff.de\/es\/wp-json\/wp\/v2\/media\/630"}],"wp:attachment":[{"href":"https:\/\/vozolpuff.de\/es\/wp-json\/wp\/v2\/media?parent=628"}],"wp:term":[{"taxonomy":"product_brand","embeddable":true,"href":"https:\/\/vozolpuff.de\/es\/wp-json\/wp\/v2\/product_brand?post=628"},{"taxonomy":"product_cat","embeddable":true,"href":"https:\/\/vozolpuff.de\/es\/wp-json\/wp\/v2\/product_cat?post=628"},{"taxonomy":"product_tag","embeddable":true,"href":"https:\/\/vozolpuff.de\/es\/wp-json\/wp\/v2\/product_tag?post=628"}],"curies":[{"name":"wp","href":"https:\/\/api.w.org\/{rel}","templated":true}]}}