{"id":7073,"date":"2025-10-22T15:35:58","date_gmt":"2025-10-22T13:35:58","guid":{"rendered":"https:\/\/vozolpuff.de\/?post_type=product&#038;p=7073"},"modified":"2025-10-22T15:35:58","modified_gmt":"2025-10-22T13:35:58","slug":"jnr-falcon-pro-28000-white-peach-razz","status":"publish","type":"product","link":"https:\/\/vozolpuff.de\/es\/producto\/jnr-falcon-pro-28000-white-peach-razz\/","title":{"rendered":"JNR Falcon Pro 28000 Blanco Melocot\u00f3n Razz"},"content":{"rendered":"<h2 class=\"text-xl font-bold text-text-100 mt-1 -mb-0.5\">JNR Falcon Pro 28000 White Peach Razz Vape desechable<\/h2>\n<p class=\"whitespace-normal break-words\">El JNR Falcon Pro 28000 White Peach Razz combina la delicada dulzura de los melocotones blancos con la frescura viva de las frambuesas. Con una capacidad excepcional de 28 000 caladas y 30 ml de e-l\u00edquido de primera calidad precargado, este dispositivo desechable premium ofrece un disfrute prolongado del vapeo. El sistema de doble bobina de malla extrae con precisi\u00f3n cada matiz de sabor y proporciona una calidad de vapor constante. La activaci\u00f3n instant\u00e1nea permite vapear de inmediato sin pulsar ning\u00fan bot\u00f3n. La potente bater\u00eda de 950 mAh con funci\u00f3n de carga garantiza una disponibilidad continua, y la moderna pantalla inteligente le mantiene informado de todos los par\u00e1metros.<\/p>\n<h3 class=\"text-lg font-bold text-text-100 mt-1 -mb-1.5\">White Peach Razz: armon\u00eda frutal veraniega.<\/h3>\n<p class=\"whitespace-normal break-words\">Sum\u00e9rjase en el delicado mundo de los melocotones blancos, cuya suave dulzura armoniza a la perfecci\u00f3n con la vivacidad afrutada de las frambuesas. El sofisticado sistema Dual Mesh conserva las aut\u00e9nticas notas frutales y garantiza la excelencia del sabor durante toda la vida \u00fatil del dispositivo.<\/p>\n<p class=\"whitespace-normal break-words\">La bater\u00eda de 950 mAh con funci\u00f3n de carga r\u00e1pida minimiza los tiempos de espera y maximiza el tiempo de vapeo. Con una concentraci\u00f3n de nicotina de 2%, obtendr\u00e1 un golpe de garganta equilibrado que combina a la perfecci\u00f3n placer y satisfacci\u00f3n.<\/p>\n<p class=\"whitespace-normal break-words\">La clara pantalla digital ofrece informaci\u00f3n en tiempo real sobre el nivel de la bater\u00eda y el n\u00famero de caladas, para que siempre est\u00e9s informado. Su dise\u00f1o elegante y f\u00e1cil de manejar convierte al White Peach Razz en un compa\u00f1ero elegante para cualquier ocasi\u00f3n.<\/p>\n<h3 class=\"text-lg font-bold text-text-100 mt-1 -mb-1.5\">Caracter\u00edsticas del producto:<\/h3>\n<p class=\"whitespace-normal break-words\"><strong>Capacidad del tren:<\/strong> Hasta 28.000 trenes<br \/>\n<strong>Contenido de nicotina:<\/strong> 2%<br \/>\n<strong>Volumen del dep\u00f3sito:<\/strong> 30 ml<br \/>\n<strong>Capacidad de la bater\u00eda:<\/strong> 950 mAh recargable<br \/>\n<strong>Cabezal vaporizador:<\/strong> Bobina de doble malla<br \/>\n<strong>Pantalla:<\/strong> Pantalla digital<\/p>\n<h3 class=\"text-lg font-bold text-text-100 mt-1 -mb-1.5\">Descubre m\u00e1s JNR VAPE en vozolpuff<\/h3>\n<p class=\"whitespace-normal break-words\">Descubra la calidad superior en <strong><a class=\"underline\" href=\"https:\/\/vozolpuff.de\/es\/\">vozolpuff.de<\/a><\/strong> con una amplia gama de productos. Nuestros <strong><a class=\"underline\" href=\"https:\/\/vozolpuff.de\/es\/product-category\/jnr-vape\/\">Categor\u00eda JNR VAPE<\/a><\/strong> ofrece las \u00faltimas innovaciones. Hay m\u00e1s sabores esper\u00e1ndote en la <strong><a class=\"underline\" href=\"https:\/\/vozolpuff.de\/es\/product-category\/jnr-vape\/jnr-falcon-pro-28000\/\">Colecci\u00f3n Falcon Pro 28000<\/a><\/strong>.<\/p>","protected":false},"excerpt":{"rendered":"<p class=\"whitespace-normal break-words\">El JNR Falcon Pro 28000 White Peach Razz combina delicados melocotones blancos con frambuesas afrutadas. Hasta 28 000 caladas, 30 ml de e-l\u00edquido y tecnolog\u00eda de bobina de malla doble para obtener aut\u00e9nticas notas frutales. Con bater\u00eda de 950 mAh, pantalla inteligente y nicotina 2%: armon\u00eda frutal veraniega para disfrutar de un vapor elegante.<\/p>","protected":false},"featured_media":7076,"comment_status":"open","ping_status":"closed","template":"","meta":{"_acf_changed":false},"product_brand":[],"product_cat":[83],"product_tag":[],"class_list":{"0":"post-7073","1":"product","2":"type-product","3":"status-publish","4":"has-post-thumbnail","6":"product_cat-jnr-falcon-pro-28000","8":"first","9":"instock","10":"shipping-taxable","11":"purchasable","12":"product-type-variable"},"acf":[],"_links":{"self":[{"href":"https:\/\/vozolpuff.de\/es\/wp-json\/wp\/v2\/product\/7073","targetHints":{"allow":["GET"]}}],"collection":[{"href":"https:\/\/vozolpuff.de\/es\/wp-json\/wp\/v2\/product"}],"about":[{"href":"https:\/\/vozolpuff.de\/es\/wp-json\/wp\/v2\/types\/product"}],"replies":[{"embeddable":true,"href":"https:\/\/vozolpuff.de\/es\/wp-json\/wp\/v2\/comments?post=7073"}],"wp:featuredmedia":[{"embeddable":true,"href":"https:\/\/vozolpuff.de\/es\/wp-json\/wp\/v2\/media\/7076"}],"wp:attachment":[{"href":"https:\/\/vozolpuff.de\/es\/wp-json\/wp\/v2\/media?parent=7073"}],"wp:term":[{"taxonomy":"product_brand","embeddable":true,"href":"https:\/\/vozolpuff.de\/es\/wp-json\/wp\/v2\/product_brand?post=7073"},{"taxonomy":"product_cat","embeddable":true,"href":"https:\/\/vozolpuff.de\/es\/wp-json\/wp\/v2\/product_cat?post=7073"},{"taxonomy":"product_tag","embeddable":true,"href":"https:\/\/vozolpuff.de\/es\/wp-json\/wp\/v2\/product_tag?post=7073"}],"curies":[{"name":"wp","href":"https:\/\/api.w.org\/{rel}","templated":true}]}}