{"id":724,"date":"2025-08-23T18:02:32","date_gmt":"2025-08-23T16:02:32","guid":{"rendered":"https:\/\/vozolpuff.de\/?post_type=product&#038;p=724"},"modified":"2026-04-15T17:33:22","modified_gmt":"2026-04-15T15:33:22","slug":"vozol-vista-20000-strawberry-raspberry-cherry","status":"publish","type":"product","link":"https:\/\/vozolpuff.de\/es\/producto\/vozol-vista-20000-strawberry-raspberry-cherry\/","title":{"rendered":"Vozol Vista 20000 Fresa Frambuesa Cereza"},"content":{"rendered":"<h2 class=\"text-xl font-bold text-text-100 mt-1 -mb-0.5\">Vapeador Desechable Vozol Vista 20000 Fresa Frambuesa Cereza<\/h2>\n<p class=\"whitespace-normal break-words\">Disfruta de una tentadora composici\u00f3n de bayas con Vozol VISTA 20000 Fresa Frambuesa Cereza. Este cigarrillo electr\u00f3nico desechable premium combina fresas dulces, frambuesas \u00e1cidas y cerezas jugosas para crear un irresistible bouquet de bayas con hasta 20.000 caladas afrutadas.<\/p>\n<h3 class=\"text-lg font-bold text-text-100 mt-1 -mb-1.5\">Aspectos destacados de la Edici\u00f3n Fresa Frambuesa Cereza:<\/h3>\n<p class=\"whitespace-normal break-words\"><strong>Control de potencia personalizable:<\/strong> Con seis niveles de potencia diferentes, puede modular la intensidad de los sabores de bayas a su gusto.<\/p>\n<p class=\"whitespace-normal break-words\"><strong>Bobinas de malla doble de alta calidad:<\/strong> La tecnolog\u00eda avanzada garantiza una distribuci\u00f3n uniforme de los tres componentes de bayas en cada nube de vapor.<\/p>\n<p class=\"whitespace-normal break-words\"><strong>Visualizaci\u00f3n de colores vivos:<\/strong> La interfaz de f\u00e1cil manejo muestra claramente toda la informaci\u00f3n importante y facilita el manejo.<\/p>\n<p class=\"whitespace-normal break-words\"><strong>Aspecto totalmente transparente:<\/strong> Su claro dise\u00f1o ofrece una visi\u00f3n de la tecnolog\u00eda y del estado actual del e-l\u00edquido.<\/p>\n<p class=\"whitespace-normal break-words\"><strong>Larga vida \u00fatil:<\/strong> 20.000 caladas prometen disfrutar de las bayas durante semanas.<\/p>\n<p class=\"whitespace-normal break-words\"><strong>Perfecto contenido de nicotina:<\/strong> La nicotina 5% proporciona una satisfacci\u00f3n ideal con un suave golpe de garganta.<\/p>\n<p class=\"whitespace-normal break-words\"><strong>Suministro fiable de energ\u00eda:<\/strong> Bater\u00eda de 650 mAh con puerto de carga Type-C para una disponibilidad continua.<\/p>\n<p class=\"whitespace-normal break-words\"><strong>Dep\u00f3sito de gran volumen:<\/strong> E-l\u00edquido de bayas premium de 24 ml para sesiones de vapeo prolongadas.<\/p>\n<h3 class=\"text-lg font-bold text-text-100 mt-1 -mb-1.5\">Descubre m\u00e1s VOZOL VAPE en vozolpuff<\/h3>\n<p class=\"whitespace-normal break-words\">Descubra m\u00e1s productos de vapor premium en nuestra <strong><a class=\"underline\" href=\"https:\/\/vozolpuff.de\/es\/\">Tienda online Vozol Puff<\/a><\/strong>consulte nuestra gama completa de <strong><a class=\"underline\" href=\"https:\/\/vozolpuff.de\/es\/product-category\/vozol-vape\/\">Colecci\u00f3n VOZOL VAPE<\/a><\/strong> o explore todos los <strong><a class=\"underline\" href=\"https:\/\/vozolpuff.de\/es\/product-category\/vozol-vape\/vozol-vista-20000\/\">Vozol Vista 20000 sabores<\/a><\/strong>.<\/p>","protected":false},"excerpt":{"rendered":"<p>El vapeador desechable Vozol Vista 20000 Fresa Frambuesa Cereza combina fresas dulces, frambuesas \u00e1cidas y cerezas jugosas para crear un ramo de bayas irresistible. Este e-cigarrillo desechable premium ofrece 20.000 caladas, bater\u00eda de 650mAh y nicotina 5%. Seis niveles de potencia con bobinas duales de malla para una distribuci\u00f3n uniforme de todos los componentes de bayas.<\/p>","protected":false},"featured_media":726,"comment_status":"open","ping_status":"closed","template":"","meta":{"_acf_changed":false},"product_brand":[],"product_cat":[30],"product_tag":[],"class_list":{"0":"post-724","1":"product","2":"type-product","3":"status-publish","4":"has-post-thumbnail","6":"product_cat-vozol-vista-20000","8":"first","9":"instock","10":"shipping-taxable","11":"purchasable","12":"product-type-variable"},"acf":[],"_links":{"self":[{"href":"https:\/\/vozolpuff.de\/es\/wp-json\/wp\/v2\/product\/724","targetHints":{"allow":["GET"]}}],"collection":[{"href":"https:\/\/vozolpuff.de\/es\/wp-json\/wp\/v2\/product"}],"about":[{"href":"https:\/\/vozolpuff.de\/es\/wp-json\/wp\/v2\/types\/product"}],"replies":[{"embeddable":true,"href":"https:\/\/vozolpuff.de\/es\/wp-json\/wp\/v2\/comments?post=724"}],"wp:featuredmedia":[{"embeddable":true,"href":"https:\/\/vozolpuff.de\/es\/wp-json\/wp\/v2\/media\/726"}],"wp:attachment":[{"href":"https:\/\/vozolpuff.de\/es\/wp-json\/wp\/v2\/media?parent=724"}],"wp:term":[{"taxonomy":"product_brand","embeddable":true,"href":"https:\/\/vozolpuff.de\/es\/wp-json\/wp\/v2\/product_brand?post=724"},{"taxonomy":"product_cat","embeddable":true,"href":"https:\/\/vozolpuff.de\/es\/wp-json\/wp\/v2\/product_cat?post=724"},{"taxonomy":"product_tag","embeddable":true,"href":"https:\/\/vozolpuff.de\/es\/wp-json\/wp\/v2\/product_tag?post=724"}],"curies":[{"name":"wp","href":"https:\/\/api.w.org\/{rel}","templated":true}]}}