{"id":7335,"date":"2025-10-27T11:06:23","date_gmt":"2025-10-27T10:06:23","guid":{"rendered":"https:\/\/vozolpuff.de\/?post_type=product&#038;p=7335"},"modified":"2025-10-27T11:06:23","modified_gmt":"2025-10-27T10:06:23","slug":"jnr-alien-10000-blue-razz-cherry","status":"publish","type":"product","link":"https:\/\/vozolpuff.de\/es\/producto\/jnr-alien-10000-blue-razz-cherry\/","title":{"rendered":"JNR Alien 10000 Azul Razz Cereza"},"content":{"rendered":"<h2 class=\"text-xl font-bold text-text-100 mt-1 -mb-0.5\">JNR Alien 10000 Blue Razz Cherry Vape desechable<\/h2>\n<p class=\"whitespace-normal break-words\">El JNR Alien 10000 Blue Razz Cherry combina la dulce intensidad de las cerezas maduras con el toque \u00e1cido de las frambuesas azules para crear una experiencia de sabor irresistible. Con un impresionante rendimiento de aproximadamente 10 000 caladas y una avanzada bobina de 1,2 \u03a9, este cigarrillo electr\u00f3nico desechable proporciona un vapor consistente y con mucho cuerpo. La robusta bater\u00eda de 850 mAh y la generosa capacidad de l\u00edquido de 20 ml la convierten en la compa\u00f1era perfecta para varias semanas. Gracias a la tecnolog\u00eda de carga tipo C, la bater\u00eda vuelve a estar lista para su uso en un abrir y cerrar de ojos.<\/p>\n<h3 class=\"text-lg font-bold text-text-100 mt-1 -mb-1.5\">Caracter\u00edsticas y propiedades de Blue Razz Cherry:<\/h3>\n<p class=\"whitespace-normal break-words\"><strong>Potencia de nicotina:<\/strong> 2% Nicotina para disfrutar de un vapor satisfactorio y sabroso.<\/p>\n<p class=\"whitespace-normal break-words\"><strong>Capacidad de soplado:<\/strong> Disfrute de hasta 10 000 caladas arom\u00e1ticas sin tener que cambiar constantemente de dispositivo.<\/p>\n<p class=\"whitespace-normal break-words\"><strong>Volumen de e-l\u00edquido:<\/strong> 20 ml de e-l\u00edquido de primera calidad con aut\u00e9ntico aroma a cereza azul Razz.<\/p>\n<p class=\"whitespace-normal break-words\"><strong>Iluminaci\u00f3n RGB:<\/strong> Las luces LED din\u00e1micas y multicolores aportan un toque elegante.<\/p>\n<p class=\"whitespace-normal break-words\"><strong>Recargable:<\/strong> Bater\u00eda de 850 mAh con puerto de carga r\u00e1pida tipo C para una disponibilidad m\u00e1xima.<\/p>\n<p class=\"whitespace-normal break-words\"><strong>Sistema de bobina de malla:<\/strong> La resistencia Mesh Coil de 1,2 \u03a9 garantiza un intenso desarrollo del sabor y voluminosas nubes de vapor.<\/p>\n<p class=\"whitespace-normal break-words\"><strong>Dise\u00f1o pr\u00e1ctico:<\/strong> Formato delgado y manejable con correa para un transporte c\u00f3modo.<\/p>\n<p class=\"whitespace-normal break-words\"><strong>Mezcla afrutada:<\/strong> El equilibrio perfecto entre cerezas dulces y frambuesas azules \u00e1cidas.<\/p>\n<h3 class=\"text-lg font-bold text-text-100 mt-1 -mb-1.5\">Detalles t\u00e9cnicos:<\/h3>\n<p class=\"whitespace-normal break-words\">Movimientos: 10 000 movimientos<br \/>\nCantidad de l\u00edquido: 20 ml<br \/>\nNicotina: 2%<br \/>\nBater\u00eda: 1100 mAh<br \/>\nBobina: bobina de malla de 1,2 \u03a9<br \/>\nCarga: Tipo-C<\/p>\n<h3 class=\"text-lg font-bold text-text-100 mt-1 -mb-1.5\">Descubre m\u00e1s JNR VAPE en vozolpuff<\/h3>\n<p class=\"whitespace-normal break-words\">Visite nuestro <strong><a class=\"underline\" href=\"https:\/\/vozolpuff.de\/es\/\">P\u00e1gina de inicio<\/a><\/strong> para m\u00e1s cigarrillos electr\u00f3nicos premium y descubra la gama completa. <strong><a class=\"underline\" href=\"https:\/\/vozolpuff.de\/es\/product-category\/jnr-vape\/\">Categor\u00eda JNR VAPE<\/a><\/strong> con productos de vapeo de primera clase. Encontrar\u00e1 los 14 sabores en la <strong><a class=\"underline\" href=\"https:\/\/vozolpuff.de\/es\/product-category\/jnr-vape\/jnr-alien-10000\/\">Colecci\u00f3n JNR Alien 10000<\/a><\/strong>.<\/p>","protected":false},"excerpt":{"rendered":"<p class=\"whitespace-normal break-words\">El JNR Alien 10000 Blue Razz Cherry combina cerezas dulces con frambuesas azules \u00e1cidas. Con 10 000 caladas, 20 ml de e-l\u00edquido y una resistencia de malla de 1,2 \u03a9, ofrece un sabor intenso. La bater\u00eda de 850 mAh se puede recargar mediante un conector tipo C, y la iluminaci\u00f3n RGB le da un toque elegante. \u00a1Perfecto para llevar!<\/p>","protected":false},"featured_media":7337,"comment_status":"open","ping_status":"closed","template":"","meta":{"_acf_changed":false},"product_brand":[],"product_cat":[87],"product_tag":[],"class_list":{"0":"post-7335","1":"product","2":"type-product","3":"status-publish","4":"has-post-thumbnail","6":"product_cat-jnr-alien-10000","8":"first","9":"instock","10":"shipping-taxable","11":"purchasable","12":"product-type-variable"},"acf":[],"_links":{"self":[{"href":"https:\/\/vozolpuff.de\/es\/wp-json\/wp\/v2\/product\/7335","targetHints":{"allow":["GET"]}}],"collection":[{"href":"https:\/\/vozolpuff.de\/es\/wp-json\/wp\/v2\/product"}],"about":[{"href":"https:\/\/vozolpuff.de\/es\/wp-json\/wp\/v2\/types\/product"}],"replies":[{"embeddable":true,"href":"https:\/\/vozolpuff.de\/es\/wp-json\/wp\/v2\/comments?post=7335"}],"wp:featuredmedia":[{"embeddable":true,"href":"https:\/\/vozolpuff.de\/es\/wp-json\/wp\/v2\/media\/7337"}],"wp:attachment":[{"href":"https:\/\/vozolpuff.de\/es\/wp-json\/wp\/v2\/media?parent=7335"}],"wp:term":[{"taxonomy":"product_brand","embeddable":true,"href":"https:\/\/vozolpuff.de\/es\/wp-json\/wp\/v2\/product_brand?post=7335"},{"taxonomy":"product_cat","embeddable":true,"href":"https:\/\/vozolpuff.de\/es\/wp-json\/wp\/v2\/product_cat?post=7335"},{"taxonomy":"product_tag","embeddable":true,"href":"https:\/\/vozolpuff.de\/es\/wp-json\/wp\/v2\/product_tag?post=7335"}],"curies":[{"name":"wp","href":"https:\/\/api.w.org\/{rel}","templated":true}]}}