{"id":7339,"date":"2025-10-27T11:08:35","date_gmt":"2025-10-27T10:08:35","guid":{"rendered":"https:\/\/vozolpuff.de\/?post_type=product&#038;p=7339"},"modified":"2025-10-27T11:08:35","modified_gmt":"2025-10-27T10:08:35","slug":"jnr-alien-10000-blue-razz-ice","status":"publish","type":"product","link":"https:\/\/vozolpuff.de\/es\/producto\/jnr-alien-10000-blue-razz-ice\/","title":{"rendered":"JNR Alien 10000 Azul Razz Hielo"},"content":{"rendered":"<h2 class=\"text-xl font-bold text-text-100 mt-1 -mb-0.5\">JNR Alien 10000 Blue Razz Ice Vape desechable<\/h2>\n<p class=\"whitespace-normal break-words\">Sum\u00e9rgete en el refrescante mundo de JNR Alien 10000 Blue Razz Ice, donde los intensos aromas de frambuesa azul se combinan con un refrescante toque de frescor. Este potente vaporizador desechable ofrece unas 10 000 caladas de puro placer gracias a la innovadora tecnolog\u00eda de bobina de malla de 1,2 \u03a9, que hace que cada calada sea intensa en sabor y rica en vapor. Equipado con una bater\u00eda de 850 mAh y precargado con 20 ml de e-l\u00edquido, este cigarrillo electr\u00f3nico es ideal para aquellos que aprecian la calidad duradera. El puerto tipo C garantiza una carga r\u00e1pida para un disfrute ininterrumpido del vapor.<\/p>\n<h3 class=\"text-lg font-bold text-text-100 mt-1 -mb-1.5\">Caracter\u00edsticas y especificaciones destacadas de Blue Razz Ice:<\/h3>\n<p class=\"whitespace-normal break-words\"><strong>concentraci\u00f3n de nicotina:<\/strong> La nicotina 2% proporciona un vapor agradable y satisfactorio.<\/p>\n<p class=\"whitespace-normal break-words\"><strong>Longevidad:<\/strong> Hasta 10 000 caladas significan semanas de disfrute con un solo dispositivo.<\/p>\n<p class=\"whitespace-normal break-words\"><strong>Volumen del dep\u00f3sito:<\/strong> 20 ml de e-l\u00edquido de alta calidad con intenso sabor a Blue Razz Ice.<\/p>\n<p class=\"whitespace-normal break-words\"><strong>Iluminaci\u00f3n LED:<\/strong> LED RGB de colores vivos con cambio autom\u00e1tico de color para un mayor atractivo visual.<\/p>\n<p class=\"whitespace-normal break-words\"><strong>Bater\u00eda:<\/strong> Bater\u00eda recargable de 850 mAh con carga r\u00e1pida tipo C para tiempos de espera reducidos.<\/p>\n<p class=\"whitespace-normal break-words\"><strong>Innovaci\u00f3n en bobinas:<\/strong> La bobina de malla de 1,2 \u03a9 garantiza un calentamiento uniforme para un sabor y un volumen de vapor \u00f3ptimos.<\/p>\n<p class=\"whitespace-normal break-words\"><strong>F\u00e1cil de transportar:<\/strong> Dise\u00f1o ligero y compacto con una pr\u00e1ctica correa de transporte para mayor movilidad.<\/p>\n<p class=\"whitespace-normal break-words\"><strong>Disfrute refrescante:<\/strong> Blue Razz se combina con un refrescante toque fr\u00edo para ofrecer una experiencia de vapeo estimulante.<\/p>\n<h3 class=\"text-lg font-bold text-text-100 mt-1 -mb-1.5\">Datos t\u00e9cnicos:<\/h3>\n<p class=\"whitespace-normal break-words\">Puffs: 10 000 caladas<br \/>\nE-l\u00edquido: 20 ml<br \/>\nContenido de nicotina: 2%<br \/>\nCapacidad de la bater\u00eda: 1100 mAh<br \/>\nEvaporador: bobina de malla de 1,2 \u03a9<br \/>\nPuerto de carga: Tipo-C<\/p>\n<h3 class=\"text-lg font-bold text-text-100 mt-1 -mb-1.5\">Descubre m\u00e1s JNR VAPE en vozolpuff<\/h3>\n<p class=\"whitespace-normal break-words\">Navegue por nuestra <strong><a class=\"underline\" href=\"https:\/\/vozolpuff.de\/es\/\">P\u00e1gina de inicio<\/a><\/strong> por toda nuestra gama y descubra las <strong><a class=\"underline\" href=\"https:\/\/vozolpuff.de\/es\/product-category\/jnr-vape\/\">Gama de productos JNR VAPE<\/a><\/strong> con cigarrillos electr\u00f3nicos desechables de alta calidad. La gama completa <strong><a class=\"underline\" href=\"https:\/\/vozolpuff.de\/es\/product-category\/jnr-vape\/jnr-alien-10000\/\">JNR Alien 10000 Selecci\u00f3n de sabores<\/a><\/strong> Le esperan 14 aromas \u00fanicos.<\/p>","protected":false},"excerpt":{"rendered":"<p class=\"whitespace-normal break-words\">El JNR Alien 10000 Blue Razz Ice combina intensos aromas de frambuesa azul con el refrescante frescor del mentol. Con 10 000 caladas, 20 ml de l\u00edquido premium y una resistencia de malla de 1,2 \u03a9, disfrutar\u00e1 de un vapor con mucho cuerpo. La bater\u00eda de 850 mAh se carga r\u00e1pidamente mediante un conector tipo C. La iluminaci\u00f3n RGB le da un aspecto genial. \u00a1Perfecto para los amantes de la frescura!<\/p>","protected":false},"featured_media":7341,"comment_status":"open","ping_status":"closed","template":"","meta":{"_acf_changed":false},"product_brand":[],"product_cat":[87],"product_tag":[],"class_list":{"0":"post-7339","1":"product","2":"type-product","3":"status-publish","4":"has-post-thumbnail","6":"product_cat-jnr-alien-10000","8":"first","9":"instock","10":"shipping-taxable","11":"purchasable","12":"product-type-variable"},"acf":[],"_links":{"self":[{"href":"https:\/\/vozolpuff.de\/es\/wp-json\/wp\/v2\/product\/7339","targetHints":{"allow":["GET"]}}],"collection":[{"href":"https:\/\/vozolpuff.de\/es\/wp-json\/wp\/v2\/product"}],"about":[{"href":"https:\/\/vozolpuff.de\/es\/wp-json\/wp\/v2\/types\/product"}],"replies":[{"embeddable":true,"href":"https:\/\/vozolpuff.de\/es\/wp-json\/wp\/v2\/comments?post=7339"}],"wp:featuredmedia":[{"embeddable":true,"href":"https:\/\/vozolpuff.de\/es\/wp-json\/wp\/v2\/media\/7341"}],"wp:attachment":[{"href":"https:\/\/vozolpuff.de\/es\/wp-json\/wp\/v2\/media?parent=7339"}],"wp:term":[{"taxonomy":"product_brand","embeddable":true,"href":"https:\/\/vozolpuff.de\/es\/wp-json\/wp\/v2\/product_brand?post=7339"},{"taxonomy":"product_cat","embeddable":true,"href":"https:\/\/vozolpuff.de\/es\/wp-json\/wp\/v2\/product_cat?post=7339"},{"taxonomy":"product_tag","embeddable":true,"href":"https:\/\/vozolpuff.de\/es\/wp-json\/wp\/v2\/product_tag?post=7339"}],"curies":[{"name":"wp","href":"https:\/\/api.w.org\/{rel}","templated":true}]}}