{"id":7343,"date":"2025-10-27T11:10:38","date_gmt":"2025-10-27T10:10:38","guid":{"rendered":"https:\/\/vozolpuff.de\/?post_type=product&#038;p=7343"},"modified":"2025-10-27T11:10:38","modified_gmt":"2025-10-27T10:10:38","slug":"jnr-alien-10000-blueberry-bubble-gum","status":"publish","type":"product","link":"https:\/\/vozolpuff.de\/es\/producto\/jnr-alien-10000-blueberry-bubble-gum\/","title":{"rendered":"JNR Alien 10000 Chicle de ar\u00e1ndano"},"content":{"rendered":"<h2 class=\"text-xl font-bold text-text-100 mt-1 -mb-0.5\">JNR Alien 10000 Blueberry Bubble Gum Vape desechable<\/h2>\n<p class=\"whitespace-normal break-words\">El JNR Alien 10000 Blueberry Bubble Gum le transportar\u00e1 a los nost\u00e1lgicos recuerdos de la infancia con una fusi\u00f3n perfecta de jugosos ar\u00e1ndanos y dulce aroma a chicle. Este innovador cigarrillo electr\u00f3nico desechable convence con unas 10 000 caladas de intenso sabor, gracias a la precisa bobina de 1,2 \u03a9. La potente bater\u00eda de 850 mAh y el generoso dep\u00f3sito de l\u00edquido de 20 ml garantizan un disfrute prolongado del vapor. Con el moderno conector de carga tipo C, estar\u00e1 listo para relajarse con sus sesiones de vapeo tras un breve tiempo de carga.<\/p>\n<h3 class=\"text-lg font-bold text-text-100 mt-1 -mb-1.5\">Caracter\u00edsticas y particularidades de Blueberry Bubble Gum:<\/h3>\n<p class=\"whitespace-normal break-words\"><strong>Nivel de nicotina:<\/strong> 2% La nicotina garantiza una experiencia de vapeo armoniosa y placentera.<\/p>\n<p class=\"whitespace-normal break-words\"><strong>N\u00famero de trenes:<\/strong> Impresionantes 10 000 caladas para varias semanas de uso sin necesidad de recambios.<\/p>\n<p class=\"whitespace-normal break-words\"><strong>Contenido l\u00edquido:<\/strong> 20 ml de e-l\u00edquido premium con aut\u00e9ntico sabor a chicle de ar\u00e1ndanos.<\/p>\n<p class=\"whitespace-normal break-words\"><strong>Espect\u00e1culo de luces RGB:<\/strong> Iluminaci\u00f3n LED viva y con cambio de color para un aspecto moderno.<\/p>\n<p class=\"whitespace-normal break-words\"><strong>Sistema de bater\u00edas:<\/strong> Bater\u00eda de alto rendimiento de 850 mAh con tecnolog\u00eda de carga r\u00e1pida tipo C para un tiempo de inactividad m\u00ednimo.<\/p>\n<p class=\"whitespace-normal break-words\"><strong>Tecnolog\u00eda de malla:<\/strong> Bobina de malla de 1,2 \u03a9 para un rendimiento m\u00e1ximo del aroma y una densa generaci\u00f3n de vapor.<\/p>\n<p class=\"whitespace-normal break-words\"><strong>Compacto y elegante:<\/strong> Dise\u00f1o ergon\u00f3mico con correa integrada para llevarlo f\u00e1cilmente.<\/p>\n<p class=\"whitespace-normal break-words\"><strong>Un cl\u00e1sico dulce:<\/strong> Notas nost\u00e1lgicas de chicle se funden con frescos aromas de ar\u00e1ndanos.<\/p>\n<h3 class=\"text-lg font-bold text-text-100 mt-1 -mb-1.5\">Especificaciones:<\/h3>\n<p class=\"whitespace-normal break-words\">Capacidad: 10 000 caladas.<br \/>\nCapacidad: 20 ml<br \/>\nNicotina: 2%<br \/>\nBater\u00eda: 1100 mAh<br \/>\nResistencia: bobina de malla de 1,2 \u03a9<br \/>\nCarga: Tipo C<\/p>\n<h3 class=\"text-lg font-bold text-text-100 mt-1 -mb-1.5\">Descubre m\u00e1s JNR VAPE en vozolpuff<\/h3>\n<p class=\"whitespace-normal break-words\">Descubra m\u00e1s productos premium en nuestra <strong><a class=\"underline\" href=\"https:\/\/vozolpuff.de\/es\/\">P\u00e1gina de inicio<\/a><\/strong> y sum\u00e9rjase en la <strong><a class=\"underline\" href=\"https:\/\/vozolpuff.de\/es\/product-category\/jnr-vape\/\">El mundo de la marca JNR VAPE<\/a><\/strong> con soluciones innovadoras de vapor. Descubra todas las variantes en la <strong><a class=\"underline\" href=\"https:\/\/vozolpuff.de\/es\/product-category\/jnr-vape\/jnr-alien-10000\/\">Serie JNR Alien 10000<\/a><\/strong> con 14 sabores tentadores.<\/p>","protected":false},"excerpt":{"rendered":"<p class=\"whitespace-normal break-words\">El JNR Alien 10000 Blueberry Bubble Gum combina jugosos ar\u00e1ndanos con un dulce aroma a chicle para un disfrute nost\u00e1lgico. Con 10 000 caladas, 20 ml de e-l\u00edquido y una resistencia de malla de 1,2 \u03a9, ofrece un sabor intenso. La bater\u00eda de 850 mAh es recargable de tipo C y los LED RGB aportan toques de color. \u00a1Dulce y afrutado!<\/p>","protected":false},"featured_media":7345,"comment_status":"open","ping_status":"closed","template":"","meta":{"_acf_changed":false},"product_brand":[],"product_cat":[87],"product_tag":[],"class_list":{"0":"post-7343","1":"product","2":"type-product","3":"status-publish","4":"has-post-thumbnail","6":"product_cat-jnr-alien-10000","8":"first","9":"instock","10":"shipping-taxable","11":"purchasable","12":"product-type-variable"},"acf":[],"_links":{"self":[{"href":"https:\/\/vozolpuff.de\/es\/wp-json\/wp\/v2\/product\/7343","targetHints":{"allow":["GET"]}}],"collection":[{"href":"https:\/\/vozolpuff.de\/es\/wp-json\/wp\/v2\/product"}],"about":[{"href":"https:\/\/vozolpuff.de\/es\/wp-json\/wp\/v2\/types\/product"}],"replies":[{"embeddable":true,"href":"https:\/\/vozolpuff.de\/es\/wp-json\/wp\/v2\/comments?post=7343"}],"wp:featuredmedia":[{"embeddable":true,"href":"https:\/\/vozolpuff.de\/es\/wp-json\/wp\/v2\/media\/7345"}],"wp:attachment":[{"href":"https:\/\/vozolpuff.de\/es\/wp-json\/wp\/v2\/media?parent=7343"}],"wp:term":[{"taxonomy":"product_brand","embeddable":true,"href":"https:\/\/vozolpuff.de\/es\/wp-json\/wp\/v2\/product_brand?post=7343"},{"taxonomy":"product_cat","embeddable":true,"href":"https:\/\/vozolpuff.de\/es\/wp-json\/wp\/v2\/product_cat?post=7343"},{"taxonomy":"product_tag","embeddable":true,"href":"https:\/\/vozolpuff.de\/es\/wp-json\/wp\/v2\/product_tag?post=7343"}],"curies":[{"name":"wp","href":"https:\/\/api.w.org\/{rel}","templated":true}]}}