{"id":7351,"date":"2025-10-27T11:14:48","date_gmt":"2025-10-27T10:14:48","guid":{"rendered":"https:\/\/vozolpuff.de\/?post_type=product&#038;p=7351"},"modified":"2025-10-27T11:14:48","modified_gmt":"2025-10-27T10:14:48","slug":"jnr-alien-10000-blueberry-on-ice","status":"publish","type":"product","link":"https:\/\/vozolpuff.de\/es\/producto\/jnr-alien-10000-blueberry-on-ice\/","title":{"rendered":"JNR Alien 10000 Ar\u00e1ndano sobre hielo"},"content":{"rendered":"<h2 class=\"text-xl font-bold text-text-100 mt-1 -mb-0.5\">JNR Alien 10000 Blueberry On Ice Vape desechable<\/h2>\n<p class=\"whitespace-normal break-words\">El JNR Alien 10000 Blueberry On Ice combina el dulzor natural de los ar\u00e1ndanos maduros con un refrescante toque fr\u00edo para crear una experiencia de sabor estimulante. Con una capacidad excepcional de aproximadamente 10 000 caladas y la avanzada tecnolog\u00eda de bobina de 1,2 \u03a9, este cigarrillo electr\u00f3nico desechable garantiza un vapor arom\u00e1tico y denso en todo momento. La fiable bater\u00eda de 850 mAh y la generosa carga de 20 ml de e-l\u00edquido garantizan semanas de satisfacci\u00f3n. El moderno puerto tipo C permite una recarga eficiente en muy poco tiempo.<\/p>\n<h3 class=\"text-lg font-bold text-text-100 mt-1 -mb-1.5\">Caracter\u00edsticas y ventajas de Blueberry On Ice:<\/h3>\n<p class=\"whitespace-normal break-words\"><strong>Contenido de nicotina:<\/strong> La nicotina 2% garantiza una experiencia de vapeo equilibrada y satisfactoria.<\/p>\n<p class=\"whitespace-normal break-words\"><strong>Rendimiento del puff:<\/strong> Disfrute de hasta 10 000 caladas refrescantes con un dispositivo compacto.<\/p>\n<p class=\"whitespace-normal break-words\"><strong>Dep\u00f3sito de e-l\u00edquido:<\/strong> 20 ml de l\u00edquido de primera calidad con un intenso perfil de ar\u00e1ndanos helados.<\/p>\n<p class=\"whitespace-normal break-words\"><strong>Dise\u00f1o de iluminaci\u00f3n:<\/strong> Impresionantes LED RGB con cambios autom\u00e1ticos de color para disfrutar visualmente.<\/p>\n<p class=\"whitespace-normal break-words\"><strong>Tecnolog\u00eda de bater\u00eda:<\/strong> Bater\u00eda de 850 mAh con carga r\u00e1pida tipo C para un tiempo de uso m\u00e1ximo.<\/p>\n<p class=\"whitespace-normal break-words\"><strong>Rendimiento de la bobina de malla:<\/strong> La bobina de malla de 1,2 \u03a9 garantiza un calor homog\u00e9neo para un sabor intenso y un vapor abundante.<\/p>\n<p class=\"whitespace-normal break-words\"><strong>Movilidad:<\/strong> Dise\u00f1o ligero y ergon\u00f3mico con correa para facilitar su transporte.<\/p>\n<p class=\"whitespace-normal break-words\"><strong>Bayas refrigeradas:<\/strong> Los dulces ar\u00e1ndanos se combinan con un refrescante frescor para ofrecer un estimulante placer al vapor.<\/p>\n<h3 class=\"text-lg font-bold text-text-100 mt-1 -mb-1.5\">Detalles del producto:<\/h3>\n<p class=\"whitespace-normal break-words\">N\u00famero de caladas: 10 000 caladas<br \/>\nCapacidad del dep\u00f3sito: 20 ml<br \/>\nNicotina: 2%<br \/>\nCapacidad de la bater\u00eda: 1100 mAh<br \/>\nHilo calefactor: bobina de malla de 1,2 \u03a9<br \/>\nOpci\u00f3n de carga: Tipo C<\/p>\n<h3 class=\"text-lg font-bold text-text-100 mt-1 -mb-1.5\">Descubre m\u00e1s JNR VAPE en vozolpuff<\/h3>\n<p class=\"whitespace-normal break-words\">Descubra en nuestra <strong><a class=\"underline\" href=\"https:\/\/vozolpuff.de\/es\/\">P\u00e1gina de inicio<\/a><\/strong> una amplia gama de soluciones de cigarrillos electr\u00f3nicos y explore la <strong><a class=\"underline\" href=\"https:\/\/vozolpuff.de\/es\/product-category\/jnr-vape\/\">Gama de productos JNR VAPE<\/a><\/strong> con sistemas de vapeo bien pensados. La completa <strong><a class=\"underline\" href=\"https:\/\/vozolpuff.de\/es\/product-category\/jnr-vape\/jnr-alien-10000\/\">Gama de sabores JNR Alien 10000<\/a><\/strong> ofrece 14 refinadas composiciones de sabores.<\/p>","protected":false},"excerpt":{"rendered":"<p class=\"whitespace-normal break-words\">El JNR Alien 10000 Blueberry On Ice combina ar\u00e1ndanos dulces y maduros con el refrescante frescor del mentol. Con 10 000 caladas, 20 ml de e-l\u00edquido y una resistencia de malla de 1,2 \u03a9, disfrutar\u00e1 de un intenso placer al vapear. La bater\u00eda de 850 mAh se carga r\u00e1pidamente mediante un conector tipo C. La iluminaci\u00f3n RGB le da un aspecto elegante. \u00a1Afrutado y fresco!<\/p>","protected":false},"featured_media":7353,"comment_status":"open","ping_status":"closed","template":"","meta":{"_acf_changed":false},"product_brand":[],"product_cat":[87],"product_tag":[],"class_list":{"0":"post-7351","1":"product","2":"type-product","3":"status-publish","4":"has-post-thumbnail","6":"product_cat-jnr-alien-10000","8":"first","9":"instock","10":"shipping-taxable","11":"purchasable","12":"product-type-variable"},"acf":[],"_links":{"self":[{"href":"https:\/\/vozolpuff.de\/es\/wp-json\/wp\/v2\/product\/7351","targetHints":{"allow":["GET"]}}],"collection":[{"href":"https:\/\/vozolpuff.de\/es\/wp-json\/wp\/v2\/product"}],"about":[{"href":"https:\/\/vozolpuff.de\/es\/wp-json\/wp\/v2\/types\/product"}],"replies":[{"embeddable":true,"href":"https:\/\/vozolpuff.de\/es\/wp-json\/wp\/v2\/comments?post=7351"}],"wp:featuredmedia":[{"embeddable":true,"href":"https:\/\/vozolpuff.de\/es\/wp-json\/wp\/v2\/media\/7353"}],"wp:attachment":[{"href":"https:\/\/vozolpuff.de\/es\/wp-json\/wp\/v2\/media?parent=7351"}],"wp:term":[{"taxonomy":"product_brand","embeddable":true,"href":"https:\/\/vozolpuff.de\/es\/wp-json\/wp\/v2\/product_brand?post=7351"},{"taxonomy":"product_cat","embeddable":true,"href":"https:\/\/vozolpuff.de\/es\/wp-json\/wp\/v2\/product_cat?post=7351"},{"taxonomy":"product_tag","embeddable":true,"href":"https:\/\/vozolpuff.de\/es\/wp-json\/wp\/v2\/product_tag?post=7351"}],"curies":[{"name":"wp","href":"https:\/\/api.w.org\/{rel}","templated":true}]}}