{"id":7355,"date":"2025-10-27T11:16:50","date_gmt":"2025-10-27T10:16:50","guid":{"rendered":"https:\/\/vozolpuff.de\/?post_type=product&#038;p=7355"},"modified":"2025-10-27T11:16:51","modified_gmt":"2025-10-27T10:16:51","slug":"jnr-alien-10000-blueberry-sour-raspberry","status":"publish","type":"product","link":"https:\/\/vozolpuff.de\/es\/producto\/jnr-alien-10000-blueberry-sour-raspberry\/","title":{"rendered":"JNR Alien 10000 Ar\u00e1ndano Frambuesa \u00e1cida"},"content":{"rendered":"<h2 class=\"text-xl font-bold text-text-100 mt-1 -mb-0.5\">JNR Alien 10000 Blueberry Sour Raspberry Vape desechable<\/h2>\n<p class=\"whitespace-normal break-words\">Disfrute con el JNR Alien 10000 Blueberry Sour Raspberry de una emocionante combinaci\u00f3n de ar\u00e1ndanos dulces y frambuesas \u00e1cidas que cautivar\u00e1 sus papilas gustativas. Este vaporizador desechable de alta calidad convence con aproximadamente 10 000 caladas arom\u00e1ticas gracias a su bobina de 1,2 \u03a9 fabricada con precisi\u00f3n. La potente bater\u00eda de 850 mAh y el generoso volumen de l\u00edquido de 20 ml lo convierten en el compa\u00f1ero perfecto para los vapeadores exigentes. La tecnolog\u00eda de carga tipo C garantiza una carga r\u00e1pida, por lo que no tendr\u00e1 que soportar largos tiempos de espera.<\/p>\n<h3 class=\"text-lg font-bold text-text-100 mt-1 -mb-1.5\">Caracter\u00edsticas destacadas del producto Blueberry Sour Raspberry:<\/h3>\n<p class=\"whitespace-normal break-words\"><strong>concentraci\u00f3n de nicotina:<\/strong> 2% Nicotina para una experiencia de vapeo totalmente satisfactoria sin saturaci\u00f3n.<\/p>\n<p class=\"whitespace-normal break-words\"><strong>Vida \u00fatil:<\/strong> Sus impresionantes 10 000 caladas permiten disfrutar durante semanas sin necesidad de volver a comprar.<\/p>\n<p class=\"whitespace-normal break-words\"><strong>Volumen de llenado:<\/strong> 20 ml de e-l\u00edquido premium con un intenso sabor a ar\u00e1ndanos y frambuesas \u00e1cidas.<\/p>\n<p class=\"whitespace-normal break-words\"><strong>Iluminaci\u00f3n LED:<\/strong> LED RGB din\u00e1micos con colores cambiantes para una est\u00e9tica moderna.<\/p>\n<p class=\"whitespace-normal break-words\"><strong>Equipamiento de bater\u00edas:<\/strong> Bater\u00eda de alta capacidad de 850 mAh con carga r\u00e1pida tipo C para tiempos de carga reducidos.<\/p>\n<p class=\"whitespace-normal break-words\"><strong>Calidad de la bobina:<\/strong> La resistencia de malla de 1,2 \u03a9 garantiza una distribuci\u00f3n uniforme del calor y una liberaci\u00f3n m\u00e1xima del aroma.<\/p>\n<p class=\"whitespace-normal break-words\"><strong>Concepto de dise\u00f1o:<\/strong> Dimensiones compactas con una pr\u00e1ctica correa de transporte para disfrutar en cualquier momento.<\/p>\n<p class=\"whitespace-normal break-words\"><strong>Contraste agridulce:<\/strong> La armon\u00eda entre los dulces ar\u00e1ndanos y las \u00e1cidas frambuesas ofrece una variedad de sabores en cada calada.<\/p>\n<h3 class=\"text-lg font-bold text-text-100 mt-1 -mb-1.5\">Caracter\u00edsticas t\u00e9cnicas:<\/h3>\n<p class=\"whitespace-normal break-words\">Movimientos: 10 000 movimientos<br \/>\nL\u00edquido: 20 ml<br \/>\nContenido de nicotina: 2%<br \/>\nBater\u00eda: 1100 mAh<br \/>\nCabezal del vaporizador: bobina de malla de 1,2 \u03a9<br \/>\nConexi\u00f3n de carga: Tipo C<\/p>\n<h3 class=\"text-lg font-bold text-text-100 mt-1 -mb-1.5\">Descubre m\u00e1s JNR VAPE en vozolpuff<\/h3>\n<p class=\"whitespace-normal break-words\">Eche un vistazo a nuestro <strong><a class=\"underline\" href=\"https:\/\/vozolpuff.de\/es\/\">P\u00e1gina de inicio<\/a><\/strong> para ver m\u00e1s cigarrillos electr\u00f3nicos de primera calidad y descubrir los <strong><a class=\"underline\" href=\"https:\/\/vozolpuff.de\/es\/product-category\/jnr-vape\/\">Selecci\u00f3n JNR VAPE<\/a><\/strong> con sistemas desechables innovadores. La gama completa <strong><a class=\"underline\" href=\"https:\/\/vozolpuff.de\/es\/product-category\/jnr-vape\/jnr-alien-10000\/\">JNR Alien 10000 L\u00ednea de sabores<\/a><\/strong> Incluye 14 variantes arom\u00e1ticas exclusivas.<\/p>","protected":false},"excerpt":{"rendered":"<p class=\"whitespace-normal break-words\">El JNR Alien 10000 Blueberry Sour Raspberry combina ar\u00e1ndanos dulces con frambuesas \u00e1cidas para ofrecer una experiencia de sabor emocionante. Con 10 000 caladas, 20 ml de l\u00edquido premium y una resistencia de malla de 1,2 \u03a9, disfrutar\u00e1 de un vapor intenso. La bater\u00eda de 850 mAh es recargable de tipo C y los LED RGB aportan toques de color. \u00a1Dulce y \u00e1cido a la perfecci\u00f3n!<\/p>","protected":false},"featured_media":7357,"comment_status":"open","ping_status":"closed","template":"","meta":{"_acf_changed":false},"product_brand":[],"product_cat":[87],"product_tag":[],"class_list":{"0":"post-7355","1":"product","2":"type-product","3":"status-publish","4":"has-post-thumbnail","6":"product_cat-jnr-alien-10000","8":"first","9":"instock","10":"shipping-taxable","11":"purchasable","12":"product-type-variable"},"acf":[],"_links":{"self":[{"href":"https:\/\/vozolpuff.de\/es\/wp-json\/wp\/v2\/product\/7355","targetHints":{"allow":["GET"]}}],"collection":[{"href":"https:\/\/vozolpuff.de\/es\/wp-json\/wp\/v2\/product"}],"about":[{"href":"https:\/\/vozolpuff.de\/es\/wp-json\/wp\/v2\/types\/product"}],"replies":[{"embeddable":true,"href":"https:\/\/vozolpuff.de\/es\/wp-json\/wp\/v2\/comments?post=7355"}],"wp:featuredmedia":[{"embeddable":true,"href":"https:\/\/vozolpuff.de\/es\/wp-json\/wp\/v2\/media\/7357"}],"wp:attachment":[{"href":"https:\/\/vozolpuff.de\/es\/wp-json\/wp\/v2\/media?parent=7355"}],"wp:term":[{"taxonomy":"product_brand","embeddable":true,"href":"https:\/\/vozolpuff.de\/es\/wp-json\/wp\/v2\/product_brand?post=7355"},{"taxonomy":"product_cat","embeddable":true,"href":"https:\/\/vozolpuff.de\/es\/wp-json\/wp\/v2\/product_cat?post=7355"},{"taxonomy":"product_tag","embeddable":true,"href":"https:\/\/vozolpuff.de\/es\/wp-json\/wp\/v2\/product_tag?post=7355"}],"curies":[{"name":"wp","href":"https:\/\/api.w.org\/{rel}","templated":true}]}}