{"id":7359,"date":"2025-10-27T11:18:57","date_gmt":"2025-10-27T10:18:57","guid":{"rendered":"https:\/\/vozolpuff.de\/?post_type=product&#038;p=7359"},"modified":"2025-10-27T11:18:57","modified_gmt":"2025-10-27T10:18:57","slug":"jnr-alien-10000-fizzy-cherry-cola","status":"publish","type":"product","link":"https:\/\/vozolpuff.de\/es\/producto\/jnr-alien-10000-fizzy-cherry-cola\/","title":{"rendered":"JNR Alien 10000 Fizzy Cherry Cola"},"content":{"rendered":"<h2 class=\"text-xl font-bold text-text-100 mt-1 -mb-0.5\">JNR Alien 10000 Fizzy Cherry Cola Vape desechable<\/h2>\n<p class=\"whitespace-normal break-words\">El JNR Alien 10000 Fizzy Cherry Cola lleva el ic\u00f3nico sabor de la refrescante cola de cereza directamente a tus nubes de vapor. Con un impresionante rendimiento de aproximadamente 10 000 caladas y la vanguardista bobina de malla de 1,2 \u03a9, este cigarrillo electr\u00f3nico desechable produce un vapor constante, intenso y burbujeante. La potente bater\u00eda de 850 mAh, combinada con 20 ml de e-l\u00edquido de alta calidad, garantiza un disfrute duradero sin concesiones. El pr\u00e1ctico conector de carga tipo C proporciona una r\u00e1pida fuente de energ\u00eda siempre que la necesites.<\/p>\n<h3 class=\"text-lg font-bold text-text-100 mt-1 -mb-1.5\">Fizzy Cherry Cola Caracter\u00edsticas y funciones:<\/h3>\n<p class=\"whitespace-normal break-words\"><strong>Nivel de nicotina:<\/strong> 2% La nicotina proporciona un equilibrio perfecto para disfrutar del vapor.<\/p>\n<p class=\"whitespace-normal break-words\"><strong>Capacidad del tren:<\/strong> Hasta 10 000 caladas estimulantes para disfrutar sin preocupaciones durante varias semanas.<\/p>\n<p class=\"whitespace-normal break-words\"><strong>Contenido del dep\u00f3sito:<\/strong> 20 ml de e-l\u00edquido de primera calidad con aut\u00e9ntico sabor a cereza y cola.<\/p>\n<p class=\"whitespace-normal break-words\"><strong>Tecnolog\u00eda RGB:<\/strong> La espectacular iluminaci\u00f3n LED que cambia de color le da al dispositivo un toque moderno.<\/p>\n<p class=\"whitespace-normal break-words\"><strong>Almacenamiento de energ\u00eda:<\/strong> Bater\u00eda potente de 850 mAh con carga r\u00e1pida tipo C para tiempos de espera m\u00ednimos.<\/p>\n<p class=\"whitespace-normal break-words\"><strong>Tecnolog\u00eda de vaporizador:<\/strong> La bobina de malla de 1,2 \u03a9 optimiza la intensidad del sabor y el volumen de vapor gracias a una distribuci\u00f3n uniforme del calor.<\/p>\n<p class=\"whitespace-normal break-words\"><strong>Manejo:<\/strong> Dise\u00f1o ergon\u00f3mico y estilizado con correa integrada para llevarlo c\u00f3modamente.<\/p>\n<p class=\"whitespace-normal break-words\"><strong>Un cl\u00e1sico refrescante:<\/strong> Las dulces notas de cereza se combinan con el refrescante sabor de la cola para crear un efecto burbujeante que te har\u00e1 revivir viejos recuerdos.<\/p>\n<h3 class=\"text-lg font-bold text-text-100 mt-1 -mb-1.5\">Resumen de especificaciones:<\/h3>\n<p class=\"whitespace-normal break-words\">N\u00famero de caladas: 10 000<br \/>\nCapacidad del e-l\u00edquido: 20 ml<br \/>\nNicotina: 2%<br \/>\nTama\u00f1o de la bater\u00eda: 1100 mAh<br \/>\nBobina: bobina de malla de 1,2 \u03a9<br \/>\nPuerto de carga: Tipo-C<\/p>\n<h3 class=\"text-lg font-bold text-text-100 mt-1 -mb-1.5\">Descubre m\u00e1s JNR VAPE en vozolpuff<\/h3>\n<p class=\"whitespace-normal break-words\">M\u00e1s informaci\u00f3n en <strong><a class=\"underline\" href=\"https:\/\/vozolpuff.de\/es\/\">P\u00e1gina de inicio<\/a><\/strong> sobre nuestra gama completa de productos y descubra las <strong><a class=\"underline\" href=\"https:\/\/vozolpuff.de\/es\/product-category\/jnr-vape\/\">El mundo de la marca JNR VAPE<\/a><\/strong> con cigarrillos electr\u00f3nicos desechables de primera clase. La gama completa <strong><a class=\"underline\" href=\"https:\/\/vozolpuff.de\/es\/product-category\/jnr-vape\/jnr-alien-10000\/\">JNR Alien 10000 Variedad de surtido<\/a><\/strong> Le esperan 14 emocionantes creaciones de sabores.<\/p>","protected":false},"excerpt":{"rendered":"<p class=\"whitespace-normal break-words\">El JNR Alien 10000 Fizzy Cherry Cola aporta el emblem\u00e1tico sabor de la refrescante cola de cereza a la experiencia del vapeo. Con 10 000 caladas, 20 ml de e-l\u00edquido y una resistencia de malla de 1,2 \u03a9, disfrutar\u00e1s de un vapor aut\u00e9ntico y burbujeante. La bater\u00eda de 850 mAh se carga r\u00e1pidamente mediante un conector tipo C. La iluminaci\u00f3n RGB le da un aspecto genial. \u00a1Refrescantemente nost\u00e1lgico!<\/p>","protected":false},"featured_media":7361,"comment_status":"open","ping_status":"closed","template":"","meta":{"_acf_changed":false},"product_brand":[],"product_cat":[87],"product_tag":[],"class_list":{"0":"post-7359","1":"product","2":"type-product","3":"status-publish","4":"has-post-thumbnail","6":"product_cat-jnr-alien-10000","8":"first","9":"instock","10":"shipping-taxable","11":"purchasable","12":"product-type-variable"},"acf":[],"_links":{"self":[{"href":"https:\/\/vozolpuff.de\/es\/wp-json\/wp\/v2\/product\/7359","targetHints":{"allow":["GET"]}}],"collection":[{"href":"https:\/\/vozolpuff.de\/es\/wp-json\/wp\/v2\/product"}],"about":[{"href":"https:\/\/vozolpuff.de\/es\/wp-json\/wp\/v2\/types\/product"}],"replies":[{"embeddable":true,"href":"https:\/\/vozolpuff.de\/es\/wp-json\/wp\/v2\/comments?post=7359"}],"wp:featuredmedia":[{"embeddable":true,"href":"https:\/\/vozolpuff.de\/es\/wp-json\/wp\/v2\/media\/7361"}],"wp:attachment":[{"href":"https:\/\/vozolpuff.de\/es\/wp-json\/wp\/v2\/media?parent=7359"}],"wp:term":[{"taxonomy":"product_brand","embeddable":true,"href":"https:\/\/vozolpuff.de\/es\/wp-json\/wp\/v2\/product_brand?post=7359"},{"taxonomy":"product_cat","embeddable":true,"href":"https:\/\/vozolpuff.de\/es\/wp-json\/wp\/v2\/product_cat?post=7359"},{"taxonomy":"product_tag","embeddable":true,"href":"https:\/\/vozolpuff.de\/es\/wp-json\/wp\/v2\/product_tag?post=7359"}],"curies":[{"name":"wp","href":"https:\/\/api.w.org\/{rel}","templated":true}]}}