{"id":7375,"date":"2025-10-27T11:28:01","date_gmt":"2025-10-27T10:28:01","guid":{"rendered":"https:\/\/vozolpuff.de\/?post_type=product&#038;p=7375"},"modified":"2025-10-27T11:28:02","modified_gmt":"2025-10-27T10:28:02","slug":"jnr-alien-10000-mixed-berry","status":"publish","type":"product","link":"https:\/\/vozolpuff.de\/es\/producto\/jnr-alien-10000-mixed-berry\/","title":{"rendered":"JNR Alien 10000 Mezcla de bayas"},"content":{"rendered":"<hr class=\"border-border-300 my-2\" \/>\n<h2 class=\"text-xl font-bold text-text-100 mt-1 -mb-0.5\">JNR Alien 10000 Vape desechable de bayas mixtas<\/h2>\n<p class=\"whitespace-normal break-words\">El JNR Alien 10000 Mixed Berry combina una deliciosa variedad de diferentes tipos de bayas en una armoniosa sinfon\u00eda de sabores. Este vaporizador desechable de primera calidad convence con aproximadamente 10 000 caladas de intenso sabor a bayas gracias a su bobina de 1,2 \u03a9 fabricada con precisi\u00f3n. La potente bater\u00eda de 850 mAh y el generoso dep\u00f3sito de e-l\u00edquido de 20 ml lo convierten en el compa\u00f1ero perfecto para los amantes de las bayas. La tecnolog\u00eda de carga tipo C garantiza una recarga ultrarr\u00e1pida, por lo que no tendr\u00e1s que hacer largas pausas.<\/p>\n<h3 class=\"text-lg font-bold text-text-100 mt-1 -mb-1.5\">Caracter\u00edsticas y funciones destacadas de Mixed Berry:<\/h3>\n<p class=\"whitespace-normal break-words\"><strong>concentraci\u00f3n de nicotina:<\/strong> 2% La nicotina proporciona una potencia perfectamente dosificada para disfrutar de un agradable vapor.<\/p>\n<p class=\"whitespace-normal break-words\"><strong>Vida \u00fatil:<\/strong> Sus impresionantes 10 000 caladas permiten disfrutar de varias semanas de cerveza con un dispositivo compacto.<\/p>\n<p class=\"whitespace-normal break-words\"><strong>Volumen de llenado:<\/strong> 20 ml de e-l\u00edquido de primera calidad con un perfil de sabor complejo a frutos del bosque.<\/p>\n<p class=\"whitespace-normal break-words\"><strong>Iluminaci\u00f3n LED:<\/strong> Espectaculares LED RGB con cambios autom\u00e1ticos de color para una est\u00e9tica moderna.<\/p>\n<p class=\"whitespace-normal break-words\"><strong>Equipamiento de bater\u00edas:<\/strong> Bater\u00eda de alta capacidad de 850 mAh con carga r\u00e1pida tipo C para una r\u00e1pida puesta en funcionamiento.<\/p>\n<p class=\"whitespace-normal break-words\"><strong>Calidad de la bobina:<\/strong> La resistencia de malla de 1,2 \u03a9 garantiza una distribuci\u00f3n uniforme del calor y un desarrollo m\u00e1ximo del sabor.<\/p>\n<p class=\"whitespace-normal break-words\"><strong>Portabilidad:<\/strong> Dise\u00f1o ligero con una pr\u00e1ctica correa de transporte para facilitar su traslado.<\/p>\n<p class=\"whitespace-normal break-words\"><strong>Mezcla de bayas:<\/strong> Una mezcla armoniosa de diferentes variedades de bayas para obtener un sabor complejo y profundo en cada calada.<\/p>\n<h3 class=\"text-lg font-bold text-text-100 mt-1 -mb-1.5\">Resumen de especificaciones:<\/h3>\n<p class=\"whitespace-normal break-words\">Capacidad: 10 000 caladas.<br \/>\nCapacidad del dep\u00f3sito: 20 ml<br \/>\nContenido de nicotina: 2%<br \/>\nCapacidad de la bater\u00eda: 1100 mAh<br \/>\nHilo calefactor: bobina de malla de 1,2 \u03a9<br \/>\nOpci\u00f3n de carga: Tipo C<\/p>\n<h3 class=\"text-lg font-bold text-text-100 mt-1 -mb-1.5\">Descubre m\u00e1s JNR VAPE en vozolpuff<\/h3>\n<p class=\"whitespace-normal break-words\">Eche un vistazo a nuestro <strong><a class=\"underline\" href=\"https:\/\/vozolpuff.de\/es\/\">P\u00e1gina de inicio<\/a><\/strong> Acaba de llegar una amplia gama de soluciones para vapeo y descubre la <strong><a class=\"underline\" href=\"https:\/\/vozolpuff.de\/es\/product-category\/jnr-vape\/\">Gama de productos JNR VAPE<\/a><\/strong> con sistemas desechables bien pensados. La completa <strong><a class=\"underline\" href=\"https:\/\/vozolpuff.de\/es\/product-category\/jnr-vape\/jnr-alien-10000\/\">JNR Alien 10000 Gama de sabores<\/a><\/strong> Incluye 14 variantes arom\u00e1ticas exclusivas.<\/p>","protected":false},"excerpt":{"rendered":"<p class=\"whitespace-normal break-words\">El JNR Alien 10000 Mixed Berry combina una deliciosa variedad de diferentes tipos de bayas para crear una experiencia de sabor armoniosa. Con 10 000 caladas, 20 ml de l\u00edquido premium y una bobina de malla de 1,2 \u03a9, disfrutar\u00e1 de un intenso sabor a bayas. La bater\u00eda de 850 mAh es recargable de tipo C y los LED RGB le dan un aspecto colorido. \u00a1Frutal y complejo!<\/p>","protected":false},"featured_media":7377,"comment_status":"open","ping_status":"closed","template":"","meta":{"_acf_changed":false},"product_brand":[],"product_cat":[87],"product_tag":[],"class_list":{"0":"post-7375","1":"product","2":"type-product","3":"status-publish","4":"has-post-thumbnail","6":"product_cat-jnr-alien-10000","8":"first","9":"instock","10":"shipping-taxable","11":"purchasable","12":"product-type-variable"},"acf":[],"_links":{"self":[{"href":"https:\/\/vozolpuff.de\/es\/wp-json\/wp\/v2\/product\/7375","targetHints":{"allow":["GET"]}}],"collection":[{"href":"https:\/\/vozolpuff.de\/es\/wp-json\/wp\/v2\/product"}],"about":[{"href":"https:\/\/vozolpuff.de\/es\/wp-json\/wp\/v2\/types\/product"}],"replies":[{"embeddable":true,"href":"https:\/\/vozolpuff.de\/es\/wp-json\/wp\/v2\/comments?post=7375"}],"wp:featuredmedia":[{"embeddable":true,"href":"https:\/\/vozolpuff.de\/es\/wp-json\/wp\/v2\/media\/7377"}],"wp:attachment":[{"href":"https:\/\/vozolpuff.de\/es\/wp-json\/wp\/v2\/media?parent=7375"}],"wp:term":[{"taxonomy":"product_brand","embeddable":true,"href":"https:\/\/vozolpuff.de\/es\/wp-json\/wp\/v2\/product_brand?post=7375"},{"taxonomy":"product_cat","embeddable":true,"href":"https:\/\/vozolpuff.de\/es\/wp-json\/wp\/v2\/product_cat?post=7375"},{"taxonomy":"product_tag","embeddable":true,"href":"https:\/\/vozolpuff.de\/es\/wp-json\/wp\/v2\/product_tag?post=7375"}],"curies":[{"name":"wp","href":"https:\/\/api.w.org\/{rel}","templated":true}]}}