{"id":7383,"date":"2025-10-27T11:32:15","date_gmt":"2025-10-27T10:32:15","guid":{"rendered":"https:\/\/vozolpuff.de\/?post_type=product&#038;p=7383"},"modified":"2025-10-27T11:32:15","modified_gmt":"2025-10-27T10:32:15","slug":"jnr-alien-10000-passion-fruit","status":"publish","type":"product","link":"https:\/\/vozolpuff.de\/es\/producto\/jnr-alien-10000-passion-fruit\/","title":{"rendered":"JNR Alien 10000 Fruta de la pasi\u00f3n"},"content":{"rendered":"<h2 class=\"text-xl font-bold text-text-100 mt-1 -mb-0.5\">JNR Alien 10000 Passion Fruit Vape desechable<\/h2>\n<p class=\"whitespace-normal break-words\">Sum\u00e9rgete en el mundo tropical de JNR Alien 10000 Passion Fruit, donde el intenso y ex\u00f3tico aroma de las frutas de la pasi\u00f3n maduras convierte cada calada en una experiencia especial. Este vaporizador desechable premium ofrece unas 10 000 caladas de puro placer tropical gracias a su precisa bobina de 1,2 \u03a9. La fiable bater\u00eda de 850 mAh y la generosa carga de 20 ml de e-l\u00edquido garantizan semanas de satisfacci\u00f3n. El moderno puerto tipo C permite una recarga eficiente en muy poco tiempo.<\/p>\n<h3 class=\"text-lg font-bold text-text-100 mt-1 -mb-1.5\">Propiedades y caracter\u00edsticas especiales del maracuy\u00e1:<\/h3>\n<p class=\"whitespace-normal break-words\"><strong>Potencia de nicotina:<\/strong> La nicotina 2% garantiza una experiencia de vapeo equilibrada y placentera.<\/p>\n<p class=\"whitespace-normal break-words\"><strong>Capacidad del tren:<\/strong> Disfrute de hasta 10 000 trenes ex\u00f3ticos para varias semanas de diversi\u00f3n sin preocupaciones.<\/p>\n<p class=\"whitespace-normal break-words\"><strong>Contenido del dep\u00f3sito:<\/strong> 20 ml de l\u00edquido de primera calidad con un intenso y aut\u00e9ntico sabor a maracuy\u00e1.<\/p>\n<p class=\"whitespace-normal break-words\"><strong>Tecnolog\u00eda RGB:<\/strong> La impresionante iluminaci\u00f3n LED que cambia de color le da al dispositivo un toque moderno.<\/p>\n<p class=\"whitespace-normal break-words\"><strong>Almacenamiento de energ\u00eda:<\/strong> Bater\u00eda de alto rendimiento de 850 mAh con tecnolog\u00eda de carga r\u00e1pida tipo C para tiempos de espera m\u00ednimos.<\/p>\n<p class=\"whitespace-normal break-words\"><strong>Tecnolog\u00eda de vaporizador:<\/strong> La bobina de malla de 1,2 \u03a9 optimiza la intensidad del sabor y el volumen de vapor gracias a una distribuci\u00f3n uniforme del calor.<\/p>\n<p class=\"whitespace-normal break-words\"><strong>Movilidad:<\/strong> Dise\u00f1o ergon\u00f3mico y estilizado con correa integrada para llevarlo c\u00f3modamente.<\/p>\n<p class=\"whitespace-normal break-words\"><strong>Delicia tropical:<\/strong> Los aromas puros de maracuy\u00e1 proporcionan una aut\u00e9ntica sensaci\u00f3n vacacional en cada calada.<\/p>\n<h3 class=\"text-lg font-bold text-text-100 mt-1 -mb-1.5\">Detalles del producto:<\/h3>\n<p class=\"whitespace-normal break-words\">N\u00famero de caladas: 10 000<br \/>\nCapacidad del e-l\u00edquido: 20 ml<br \/>\nNicotina: 2%<br \/>\nTama\u00f1o de la bater\u00eda: 1100 mAh<br \/>\nBobina: bobina de malla de 1,2 \u03a9<br \/>\nPuerto de carga: Tipo-C<\/p>\n<h3 class=\"text-lg font-bold text-text-100 mt-1 -mb-1.5\">Descubre m\u00e1s JNR VAPE en vozolpuff<\/h3>\n<p class=\"whitespace-normal break-words\">Visite nuestro <strong><a class=\"underline\" href=\"https:\/\/vozolpuff.de\/es\/\">P\u00e1gina de inicio<\/a><\/strong> para ver m\u00e1s cigarrillos electr\u00f3nicos de primera calidad y descubrir la <strong><a class=\"underline\" href=\"https:\/\/vozolpuff.de\/es\/product-category\/jnr-vape\/\">El mundo de la marca JNR VAPE<\/a><\/strong> con cigarrillos electr\u00f3nicos desechables de primera clase. La completa <strong><a class=\"underline\" href=\"https:\/\/vozolpuff.de\/es\/product-category\/jnr-vape\/jnr-alien-10000\/\">JNR Alien 10000 Variedad de surtido<\/a><\/strong> presenta 14 tentadoras variaciones de sabores para todos los gustos.<\/p>","protected":false},"excerpt":{"rendered":"<p class=\"whitespace-normal break-words\">El JNR Alien 10000 Passion Fruit aporta el intenso y ex\u00f3tico aroma de las frutas de la pasi\u00f3n maduras directamente a sus nubes de vapor. Con 10 000 caladas, 20 ml de l\u00edquido premium y una resistencia de malla de 1,2 \u03a9, disfrutar\u00e1 de un aut\u00e9ntico placer tropical. La bater\u00eda de 850 mAh es recargable de tipo C y los LED RGB aportan toques de color. \u00a1Tropicalmente intenso!<\/p>","protected":false},"featured_media":7385,"comment_status":"open","ping_status":"closed","template":"","meta":{"_acf_changed":false},"product_brand":[],"product_cat":[87],"product_tag":[],"class_list":{"0":"post-7383","1":"product","2":"type-product","3":"status-publish","4":"has-post-thumbnail","6":"product_cat-jnr-alien-10000","8":"first","9":"instock","10":"shipping-taxable","11":"purchasable","12":"product-type-variable"},"acf":[],"_links":{"self":[{"href":"https:\/\/vozolpuff.de\/es\/wp-json\/wp\/v2\/product\/7383","targetHints":{"allow":["GET"]}}],"collection":[{"href":"https:\/\/vozolpuff.de\/es\/wp-json\/wp\/v2\/product"}],"about":[{"href":"https:\/\/vozolpuff.de\/es\/wp-json\/wp\/v2\/types\/product"}],"replies":[{"embeddable":true,"href":"https:\/\/vozolpuff.de\/es\/wp-json\/wp\/v2\/comments?post=7383"}],"wp:featuredmedia":[{"embeddable":true,"href":"https:\/\/vozolpuff.de\/es\/wp-json\/wp\/v2\/media\/7385"}],"wp:attachment":[{"href":"https:\/\/vozolpuff.de\/es\/wp-json\/wp\/v2\/media?parent=7383"}],"wp:term":[{"taxonomy":"product_brand","embeddable":true,"href":"https:\/\/vozolpuff.de\/es\/wp-json\/wp\/v2\/product_brand?post=7383"},{"taxonomy":"product_cat","embeddable":true,"href":"https:\/\/vozolpuff.de\/es\/wp-json\/wp\/v2\/product_cat?post=7383"},{"taxonomy":"product_tag","embeddable":true,"href":"https:\/\/vozolpuff.de\/es\/wp-json\/wp\/v2\/product_tag?post=7383"}],"curies":[{"name":"wp","href":"https:\/\/api.w.org\/{rel}","templated":true}]}}